{"id":8903,"date":"2024-09-13T09:00:17","date_gmt":"2024-09-13T09:00:17","guid":{"rendered":"https:\/\/dogakompozitcember.com\/?post_type=product&#038;p=8903"},"modified":"2024-09-13T09:00:17","modified_gmt":"2024-09-13T09:00:17","slug":"08mm060mm-4000m-orjinal-plastik-ambalaj-cemberi","status":"publish","type":"product","link":"https:\/\/dogakompozitcember.com\/uz\/urun\/08mm060mm-4000m-orjinal-plastik-ambalaj-cemberi\/","title":{"rendered":"08mm*060mm 4000m Orjinal Plastik Ambalaj \u00c7emberi"},"content":{"rendered":"","protected":false},"excerpt":{"rendered":"<div><a title=\"Plastik \u00c7ember\" href=\"https:\/\/www.teknopaksatis.com\/kategori\/plastik-cember-fiyatlari\">Plastik \u00e7ember<\/a>ler g\u00fcn\u00fcm\u00fczde her t\u00fcrl\u00fc sekt\u00f6rde tercih edilmektedir. Maliyet olarak en ekonomik \u00e7emberleme sistemidir.Manuel \u00e7ember makinas\u0131, tokal\u0131 \u00e7embermakinas\u0131, yar\u0131otomatik \u00e7ember makinalar\u0131, otomatik \u00e7ember makineleri ve palet \u00e7emberlemede kullan\u0131lan manuel \u00e7ember makinesi, \u015farjl\u0131 \u00e7ember makinas\u0131, ak\u00fcl\u00fc \u00e7ember makinas\u0131, haval\u0131 \u00e7ember makinas\u0131 ve otomatik hatl\u0131 \u00e7ember makinelerinde sorunsuz olarak kullan\u0131lmaktad\u0131r. 5mm,7mm,8mm,9mm,10mm,12mm, 16mm orjinal \u015ferit ve 1. kalite \u015ferit olarak plastik \u015ferit \u00e7ember sat\u0131\u015f\u0131m\u0131z vard\u0131r. Tabloda g\u00f6sterilen \u00f6l\u00e7\u00fcler haricinde de \u00fcr\u00fcn numunenize g\u00f6re de\u011fi\u015fik \u00f6l\u00e7\u00fclerde \u00fcretim yap\u0131lmaktad\u0131r.Plastik \u00e7ember, polyester \u00e7ember, plastik \u015ferit, ambalaj \u015feridi, pp \u00e7ember, ambalaj makinas\u0131, \u015ferit makinas\u0131, \u00e7ember makinas\u0131 sat\u0131\u015f servis.<\/div>\n<p>5mm pp \u00e7emberi, 7mm plastik \u00e7ember, 8mm plastik \u00e7ember, 8mm polipropilen \u00e7ember, 9mm plastik \u00e7ember, 10mm plastik \u00e7ember, 12mm plastik \u00e7ember, 16mm plastik \u00e7ember, orjinal ve 1. kalite olarak\u00a0sat\u0131\u015f\u0131m\u0131z mevcuttur.<\/p>\n<p>5mm orjinal \u00e7ember \u015feridi, 6mm \u015ferit \u00e7ember, 7mm \u015ferit \u00e7ember, 8mm \u015ferit \u00e7ember, 9mm \u015ferit \u00e7ember, 10mm \u015ferit \u00e7ember, 12mm \u015ferit \u00e7ember stoklar\u0131m\u0131zda s\u00fcrekli mevcuttur. \u0130stanbul i\u00e7i adrese teslim, istanbul d\u0131\u015f\u0131 anla\u015fmal\u0131 kargo veya ambar ile \u00fcr\u00fcn teslimat\u0131 yap\u0131lmaktad\u0131r.Plastik \u015ferit, \u00e7ember \u015feridi, polyester \u015ferit, ambalaj \u015feridi, \u015ferit \u00e7ember, makine \u015feridi firmam\u0131zda bulunmaktad\u0131r.<\/p>\n<p>5mm beyaz \u00e7ember, 8mm beyaz \u00e7ember, 8mm siyah \u00e7ember, 9mm beyaz \u015ferit, 10mm beyaz \u015ferit, 12mm beyaz \u015ferit, 12mm siyah \u00e7ember, 12mm mavi \u00e7ember, 12mm k\u0131rm\u0131z\u0131 \u00e7ember, 12mm sar\u0131 \u00e7ember, 12mm ye\u015filk \u00e7ember bulunmaktad\u0131r. farkl\u0131 renk ve \u00e7ember \u00f6l\u00e7\u00fcs\u00fc i\u00e7in bizim ile irtibata ge\u00e7menizi rica ederiz.<\/p>","protected":false},"featured_media":8899,"comment_status":"open","ping_status":"closed","template":"","meta":{"inline_featured_image":false},"product_cat":[61],"product_tag":[],"class_list":{"0":"post-8903","1":"product","2":"type-product","3":"status-publish","4":"has-post-thumbnail","6":"product_cat-plastik-cember","8":"first","9":"instock","10":"shipping-taxable","11":"product-type-simple"},"_links":{"self":[{"href":"https:\/\/dogakompozitcember.com\/uz\/wp-json\/wp\/v2\/product\/8903","targetHints":{"allow":["GET"]}}],"collection":[{"href":"https:\/\/dogakompozitcember.com\/uz\/wp-json\/wp\/v2\/product"}],"about":[{"href":"https:\/\/dogakompozitcember.com\/uz\/wp-json\/wp\/v2\/types\/product"}],"replies":[{"embeddable":true,"href":"https:\/\/dogakompozitcember.com\/uz\/wp-json\/wp\/v2\/comments?post=8903"}],"wp:featuredmedia":[{"embeddable":true,"href":"https:\/\/dogakompozitcember.com\/uz\/wp-json\/wp\/v2\/media\/8899"}],"wp:attachment":[{"href":"https:\/\/dogakompozitcember.com\/uz\/wp-json\/wp\/v2\/media?parent=8903"}],"wp:term":[{"taxonomy":"product_cat","embeddable":true,"href":"https:\/\/dogakompozitcember.com\/uz\/wp-json\/wp\/v2\/product_cat?post=8903"},{"taxonomy":"product_tag","embeddable":true,"href":"https:\/\/dogakompozitcember.com\/uz\/wp-json\/wp\/v2\/product_tag?post=8903"}],"curies":[{"name":"wp","href":"https:\/\/api.w.org\/{rel}","templated":true}]}}