{"id":8901,"date":"2024-09-13T08:56:50","date_gmt":"2024-09-13T08:56:50","guid":{"rendered":"https:\/\/dogakompozitcember.com\/?post_type=product&#038;p=8901"},"modified":"2024-09-13T08:56:58","modified_gmt":"2024-09-13T08:56:58","slug":"08mm-060mm-3500m-1-kalite-beyaz-plastik-cember","status":"publish","type":"product","link":"https:\/\/dogakompozitcember.com\/uz\/urun\/08mm-060mm-3500m-1-kalite-beyaz-plastik-cember\/","title":{"rendered":"12mm 3000m Orjinal Plastik \u00c7ember \u015eeridi"},"content":{"rendered":"","protected":false},"excerpt":{"rendered":"<div class=\"active\" data-tab-content=\"1\">\n<div class=\"product-detail\">\n<h2>8MM BEYAZ PLAST\u0130K \u00c7EMBER 4000m<\/h2>\n<p><strong>8 mm Beyaz plastik \u00e7ember\u00a0<\/strong>1. kalite geri d\u00f6n\u00fc\u015f\u00fcm ham maddeden \u00fcretilmi\u015ftir. Daha \u00e7ok yar\u0131 otomatik \u00e7ember makinesi i\u00e7in uyumludur. Otomatik \u00e7ember makinesi i\u00e7in uygun de\u011fildir. 1 bobin 4000m dir.\u00a0<strong>8mm Beyaz plastik \u00e7ember\u00a0<\/strong>daha \u00e7ok maliyeti d\u00fc\u015f\u00fck oldu\u011fu i\u00e7in, oluklu mukavva \u00fcretimi, kutu \u00fcretimi, koli \u00fcretimi ve \u00e7ok a\u011f\u0131r olmayan koli \u00e7emberleme i\u00e7in tercih edilir. 8mm beyaz \u00e7ember yar\u0131 otomatik \u00e7ember makinelerde kargo paketlemesi i\u00e7in tercih edilir. Kereste \u00e7emberleme, koli \u00e7emberleme ya da direk olarak \u00fcr\u00fcn birle\u015ftirmede kullan\u0131l\u0131r.\u00a0<strong>8mm plastik \u00e7ember<\/strong>\u00a0\u00fcreticileri T\u00dcRK\u0130YE de bulunmaktad\u0131r.<\/p>\n<p>8mm beyaz plastik \u00e7ember \u00fcretimi T\u00dcRK\u0130YE de yap\u0131lmaktad\u0131r. 8mm beyaz plastik \u00e7ember sat\u0131\u015f\u0131 vebeyaz plastik \u00e7ember fiyatlar\u0131 i\u00e7in bizleri arayabilirsiniz.<\/p>\n<p><strong>08mm beyaz\u00a0\u00e7ember i\u00e7in uyumlu olan yar\u0131 otomatik \u00e7ember makinesi modelleri,<\/strong><\/p>\n<p>Joinpack ES 102, Joinpack ES 104, Transpak TP 201, TRanspak TP 202, TRanspak Tp 502, hancooc 405, Exent EX 206, extent ex 206, exent KH 206, King pack KH 206, Exent 91U, Strapack i10, signode \u00e7ember makinas\u0131, extend ex 206, Packtech 8024, wacon, asuma, yongsun, fromm ve daha bir \u00e7ok yar\u0131 otomatik \u00e7ember makinesi i\u00e7in uygundur. 8mm beyaz\u00a0\u00e7ember i\u00e7in daha fazla detaya ihtiyac\u0131n\u0131z var ise l\u00fctfen ileti\u015fime ge\u00e7iniz.<\/p>\n<\/div>\n<\/div>","protected":false},"featured_media":8899,"comment_status":"open","ping_status":"closed","template":"","meta":{"inline_featured_image":false},"product_cat":[61],"product_tag":[],"class_list":{"0":"post-8901","1":"product","2":"type-product","3":"status-publish","4":"has-post-thumbnail","6":"product_cat-plastik-cember","8":"first","9":"instock","10":"shipping-taxable","11":"product-type-simple"},"_links":{"self":[{"href":"https:\/\/dogakompozitcember.com\/uz\/wp-json\/wp\/v2\/product\/8901","targetHints":{"allow":["GET"]}}],"collection":[{"href":"https:\/\/dogakompozitcember.com\/uz\/wp-json\/wp\/v2\/product"}],"about":[{"href":"https:\/\/dogakompozitcember.com\/uz\/wp-json\/wp\/v2\/types\/product"}],"replies":[{"embeddable":true,"href":"https:\/\/dogakompozitcember.com\/uz\/wp-json\/wp\/v2\/comments?post=8901"}],"wp:featuredmedia":[{"embeddable":true,"href":"https:\/\/dogakompozitcember.com\/uz\/wp-json\/wp\/v2\/media\/8899"}],"wp:attachment":[{"href":"https:\/\/dogakompozitcember.com\/uz\/wp-json\/wp\/v2\/media?parent=8901"}],"wp:term":[{"taxonomy":"product_cat","embeddable":true,"href":"https:\/\/dogakompozitcember.com\/uz\/wp-json\/wp\/v2\/product_cat?post=8901"},{"taxonomy":"product_tag","embeddable":true,"href":"https:\/\/dogakompozitcember.com\/uz\/wp-json\/wp\/v2\/product_tag?post=8901"}],"curies":[{"name":"wp","href":"https:\/\/api.w.org\/{rel}","templated":true}]}}