{"id":8898,"date":"2024-09-13T08:56:21","date_gmt":"2024-09-13T08:56:21","guid":{"rendered":"https:\/\/dogakompozitcember.com\/?post_type=product&#038;p=8898"},"modified":"2024-09-13T08:56:21","modified_gmt":"2024-09-13T08:56:21","slug":"12mm-060mm-2700m-1-kalite-beyaz-cember-seridi","status":"publish","type":"product","link":"https:\/\/dogakompozitcember.com\/uz\/urun\/12mm-060mm-2700m-1-kalite-beyaz-cember-seridi\/","title":{"rendered":"12mm 060mm 2700m 1.Kalite Beyaz \u00c7ember \u015eeridi"},"content":{"rendered":"","protected":false},"excerpt":{"rendered":"<div class=\"active\" data-tab-content=\"1\">\n<div class=\"product-detail\">\n<p><strong>12 mm Beyaz plastik \u00e7ember<\/strong>\u00a01. kalite geri d\u00f6n\u00fc\u015f\u00fcm ham maddeden \u00fcretilmi\u015ftir. Daha \u00e7ok yar\u0131 otomatik \u00e7ember makinesi i\u00e7in uyumludur. Otomatik \u00e7ember makinesi i\u00e7in uygun de\u011fildir. Beyaz \u00e7ember 1 bobin 3000m olarak \u00fcretimi yap\u0131lmaktad\u0131r. 12mm Beyaz plastik \u00e7ember, orjinal \u00e7embere oranla\u00a0\u00a0maliyeti daha d\u00fc\u015f\u00fck oldu\u011fu i\u00e7in, kutu \u00e7emberleme , a\u011f\u0131r koli \u00e7emberleme\u00a0ve direk olarak \u00fcr\u00fcn birle\u015ftirerek\u00a0\u00e7emberleme i\u00e7in tercih edilir. 12mm beyaz \u00e7ember yar\u0131 otomatik \u00e7ember makineleri i\u00e7in en \u00e7ok\u00a0kargo paketlemesi i\u00e7in tercih edilir. Kereste \u00e7emberleme, koli \u00e7emberleme ya da direk olarak \u00fcr\u00fcn birle\u015ftirmede kullan\u0131l\u0131r.<\/p>\n<p><strong>12mm plastik \u00e7ember \u00fcreticileri<\/strong>\u00a0T\u00dcRK\u0130YE de bulunmaktad\u0131r.\u00a0<strong>12mm beyaz plastik \u00e7ember \u00fcretimi\u00a0<\/strong>yap\u0131lmaktad\u0131r.\u00a0<strong>12mm beyaz plastik \u00e7ember sat\u0131\u015f\u0131\u00a0<\/strong>ve beyaz plastik \u00e7ember fiyatlar\u0131 i\u00e7in bizleri arayabilirsiniz.<\/p>\n<p>Masa tipi Yar\u0131 otomatik \u00e7ember makinesi i\u00e7in uygundur. Otomatik \u00e7ember makinas\u0131 ve tam otomatik \u00e7ember makineleriniz i\u00e7in\u00a0<strong>orijinal \u00e7ember<\/strong>\u00a0\u00e7e\u015fitlerini inceleyiniz. 12mm beyaz plastik \u00e7ember uygun fiyat\u0131ndan dolay\u0131 tercih edilir. 1 bobin net 3000m dir.<\/p>\n<p><strong>12mm beyaz\u00a0\u00e7ember i\u00e7in uyumlu olan yar\u0131 otomatik \u00e7ember makinesi modelleri,<\/strong><\/p>\n<p>Joinpack ES 102, Joinpack ES 104, Transpak TP 201, TRanspak TP 202, TRanspak Tp 502, hancooc 405, Exent EX 206, extent ex 206, exent KH 206, King pack KH 206, Exent 91U, Strapack i10, signode \u00e7ember makinas\u0131, extend ex 206, Packtech 8024, wacon, asuma, yongsun, fromm ve daha bir \u00e7ok yar\u0131 otomatik \u00e7ember makinesi i\u00e7in uygundur. 12mm beyaz\u00a0\u00e7ember i\u00e7in daha fazla detaya ihtiyac\u0131n\u0131z var ise l\u00fctfen ileti\u015fime ge\u00e7iniz.<\/p>\n<\/div>\n<\/div>","protected":false},"featured_media":8899,"comment_status":"open","ping_status":"closed","template":"","meta":{"inline_featured_image":false},"product_cat":[61],"product_tag":[],"class_list":{"0":"post-8898","1":"product","2":"type-product","3":"status-publish","4":"has-post-thumbnail","6":"product_cat-plastik-cember","8":"first","9":"instock","10":"shipping-taxable","11":"product-type-simple"},"_links":{"self":[{"href":"https:\/\/dogakompozitcember.com\/uz\/wp-json\/wp\/v2\/product\/8898","targetHints":{"allow":["GET"]}}],"collection":[{"href":"https:\/\/dogakompozitcember.com\/uz\/wp-json\/wp\/v2\/product"}],"about":[{"href":"https:\/\/dogakompozitcember.com\/uz\/wp-json\/wp\/v2\/types\/product"}],"replies":[{"embeddable":true,"href":"https:\/\/dogakompozitcember.com\/uz\/wp-json\/wp\/v2\/comments?post=8898"}],"wp:featuredmedia":[{"embeddable":true,"href":"https:\/\/dogakompozitcember.com\/uz\/wp-json\/wp\/v2\/media\/8899"}],"wp:attachment":[{"href":"https:\/\/dogakompozitcember.com\/uz\/wp-json\/wp\/v2\/media?parent=8898"}],"wp:term":[{"taxonomy":"product_cat","embeddable":true,"href":"https:\/\/dogakompozitcember.com\/uz\/wp-json\/wp\/v2\/product_cat?post=8898"},{"taxonomy":"product_tag","embeddable":true,"href":"https:\/\/dogakompozitcember.com\/uz\/wp-json\/wp\/v2\/product_tag?post=8898"}],"curies":[{"name":"wp","href":"https:\/\/api.w.org\/{rel}","templated":true}]}}