{"id":8886,"date":"2024-09-13T08:36:54","date_gmt":"2024-09-13T08:36:54","guid":{"rendered":"https:\/\/dogakompozitcember.com\/?post_type=product&#038;p=8886"},"modified":"2024-09-13T08:36:55","modified_gmt":"2024-09-13T08:36:55","slug":"19mm-1mm-900m-duz-gofrajsiz-polyester-cember-seridi","status":"publish","type":"product","link":"https:\/\/dogakompozitcember.com\/uz\/urun\/19mm-1mm-900m-duz-gofrajsiz-polyester-cember-seridi\/","title":{"rendered":"19mm 1mm 900m D\u00fcz Gofrajs\u0131z Polyester \u00c7ember \u015eeridi"},"content":{"rendered":"","protected":false},"excerpt":{"rendered":"<div class=\"active\" data-tab-content=\"1\">\n<div class=\"product-detail\">\n<p><strong>POLYESTER \u00c7EMBER &#8211; PET \u00c7EMBER &#8211; YE\u015e\u0130L \u00c7EMBER &#8211; AMBALAJ \u00c7EMBER\u0130 &#8211; PALET \u00c7EMBER\u0130<\/strong><\/p>\n<p><strong>Polyester \u00e7ember, Pet ye\u015fil \u00e7ember, g\u00fcn\u00fcm\u00fczde \u00e7elik \u00e7emberlere alternatif olarak \u00e7e\u015fitli sekt\u00f6rde tercih edilmektedir. Maliyet olarak, a\u011f\u0131r palet \u00e7emberleme i\u00e7in en ekonomik \u00e7ember \u00e7e\u015fididir.Manuel \u00e7ember makinas\u0131, tokal\u0131 \u00e7ember makinas\u0131, \u015farjl\u0131 \u00e7ember makinas\u0131, ak\u00fcl\u00fc \u00e7ember makinas\u0131, haval\u0131 \u00e7ember makinas\u0131 ve otomatik hatl\u0131 \u00e7emberleme makinelerinde sorunsuz olarak kullan\u0131lmaktad\u0131r. Ye\u015fil polyester \u00e7ember, pet \u00e7ember \u00e7ok y\u00fcksek mukavemetlere ula\u015fabilmektedir.Tabloda g\u00f6sterilen \u00f6l\u00e7\u00fcler haricinde de \u00fcr\u00fcn numunenize g\u00f6re de\u011fi\u015fik \u00f6l\u00e7\u00fclerde \u00fcretim yap\u0131lmaktad\u0131r.<\/strong><\/p>\n<\/div>\n<\/div>\n<div class=\"col-12\" data-tab-content=\"2\">\n<div id=\"product-detail-comments\">\n<div class=\"product-detail-comments-info\">\n<div class=\"row\"><\/div>\n<\/div>\n<\/div>\n<\/div>","protected":false},"featured_media":8879,"comment_status":"open","ping_status":"closed","template":"","meta":{"inline_featured_image":false},"product_cat":[60],"product_tag":[],"class_list":{"0":"post-8886","1":"product","2":"type-product","3":"status-publish","4":"has-post-thumbnail","6":"product_cat-polyester-cember","8":"first","9":"instock","10":"shipping-taxable","11":"product-type-simple"},"_links":{"self":[{"href":"https:\/\/dogakompozitcember.com\/uz\/wp-json\/wp\/v2\/product\/8886","targetHints":{"allow":["GET"]}}],"collection":[{"href":"https:\/\/dogakompozitcember.com\/uz\/wp-json\/wp\/v2\/product"}],"about":[{"href":"https:\/\/dogakompozitcember.com\/uz\/wp-json\/wp\/v2\/types\/product"}],"replies":[{"embeddable":true,"href":"https:\/\/dogakompozitcember.com\/uz\/wp-json\/wp\/v2\/comments?post=8886"}],"wp:featuredmedia":[{"embeddable":true,"href":"https:\/\/dogakompozitcember.com\/uz\/wp-json\/wp\/v2\/media\/8879"}],"wp:attachment":[{"href":"https:\/\/dogakompozitcember.com\/uz\/wp-json\/wp\/v2\/media?parent=8886"}],"wp:term":[{"taxonomy":"product_cat","embeddable":true,"href":"https:\/\/dogakompozitcember.com\/uz\/wp-json\/wp\/v2\/product_cat?post=8886"},{"taxonomy":"product_tag","embeddable":true,"href":"https:\/\/dogakompozitcember.com\/uz\/wp-json\/wp\/v2\/product_tag?post=8886"}],"curies":[{"name":"wp","href":"https:\/\/api.w.org\/{rel}","templated":true}]}}