{"id":8915,"date":"2024-09-13T09:09:16","date_gmt":"2024-09-13T09:09:16","guid":{"rendered":"https:\/\/dogakompozitcember.com\/?page_id=8915"},"modified":"2024-10-30T09:58:57","modified_gmt":"2024-10-30T09:58:57","slug":"cember-tasima-arabalari","status":"publish","type":"page","link":"https:\/\/dogakompozitcember.com\/uz\/cember-tasima-arabalari\/","title":{"rendered":"\u00c7ember Ta\u015f\u0131ma Arabalar\u0131"},"content":{"rendered":"<div data-elementor-type=\"wp-page\" data-elementor-id=\"8915\" class=\"elementor elementor-8915\">\n\t\t\t\t\t\t<section class=\"elementor-section elementor-top-section elementor-element elementor-element-7b46d6c elementor-section-height-min-height elementor-hidden-tablet elementor-hidden-mobile elementor-section-boxed elementor-section-height-default elementor-section-items-middle\" data-id=\"7b46d6c\" data-element_type=\"section\" data-settings=\"{&quot;background_background&quot;:&quot;classic&quot;}\">\n\t\t\t\t\t\t\t<div class=\"elementor-background-overlay\"><\/div>\n\t\t\t\t\t\t\t<div class=\"elementor-container elementor-column-gap-default\">\n\t\t\t\t\t<div class=\"elementor-column elementor-col-100 elementor-top-column elementor-element elementor-element-411f119\" data-id=\"411f119\" data-element_type=\"column\">\n\t\t\t<div class=\"elementor-widget-wrap elementor-element-populated\">\n\t\t\t\t\t\t<div class=\"elementor-element elementor-element-e434f8b elementor-widget elementor-widget-heading\" data-id=\"e434f8b\" data-element_type=\"widget\" data-widget_type=\"heading.default\">\n\t\t\t\t<div class=\"elementor-widget-container\">\n\t\t\t\t\t<h2 class=\"elementor-heading-title elementor-size-default\">\u00c7ember Ta\u015f\u0131ma Arabalar\u0131<\/h2>\t\t\t\t<\/div>\n\t\t\t\t<\/div>\n\t\t\t\t\t<\/div>\n\t\t<\/div>\n\t\t\t\t\t<\/div>\n\t\t<\/section>\n\t\t<div class=\"elementor-element elementor-element-9098f79 e-flex e-con-boxed e-con e-parent\" data-id=\"9098f79\" data-element_type=\"container\">\n\t\t\t\t\t<div class=\"e-con-inner\">\n\t\t\t\t<div class=\"elementor-element elementor-element-10e1f1b elementor-widget elementor-widget-ld_woo_products_list\" data-id=\"10e1f1b\" data-element_type=\"widget\" data-widget_type=\"ld_woo_products_list.default\">\n\t\t\t\t<div class=\"elementor-widget-container\">\n\t\t\t\t\t<div class=\"woocommerce\"><ul class=\"products columns-4 reset-ul lqd-prods-row\" id=\"lqd-prods-row-10e1f1b\">\n\n\n<li class=\"lqd-prod-item cember-tasima-arabasi col-md-3 col-sm-6 col-xs-12 product type-product post-8869 status-publish first instock product_cat-cember-tasima-arabasi has-post-thumbnail shipping-taxable product-type-simple\">\n\t<div class=\"ld-sp ld-sp-def\">\n\t\t<figure class=\"ld-sp-img pos-rel\">\n\t\t<a href=\"https:\/\/dogakompozitcember.com\/uz\/urun\/lifli-cember-arabasi-kompozit-cember-arabasi\/\" class=\"woocommerce-LoopProduct-link woocommerce-loop-product__link\"><img fetchpriority=\"high\" decoding=\"async\" width=\"300\" height=\"283\" src=\"https:\/\/dogakompozitcember.com\/wp-content\/uploads\/2024\/09\/lifli-cember-arabasi-300x283.webp\" class=\"attachment-woocommerce_thumbnail size-woocommerce_thumbnail\" alt=\"\" itemprop=\"image\" \/><\/a><a href=\"https:\/\/dogakompozitcember.com\/uz\/urun\/lifli-cember-arabasi-kompozit-cember-arabasi\/\" data-quantity=\"1\" class=\"ld-sp-btn ld-sp-add-to-cart button product_type_simple\" data-product_id=\"8869\" data-product_sku=\"\" aria-label=\"\u201cLifli \u00c7ember Arabas\u0131. Kompozit \u00c7ember Arabas\u0131&amp;rdquo haqida ko&#039;proq o&#039;qing;\" rel=\"nofollow\" data-success_message=\"\" data-product_name=\"Lifli \u00c7ember Arabas\u0131. Kompozit \u00c7ember Arabas\u0131\" data-no-translation-aria-label=\"\"><svg class=\"icon-ld-cart lqd-mobile-add-to-cart-icn\" xmlns=\"http:\/\/www.w3.org\/2000\/svg\" width=\"32\" height=\"30\" viewbox=\"0 0 32 30\" style=\"width: 1em; height: 1em;\"><path fill=\"currentColor\" d=\"M.884.954c-.435.553-.328 1.19.25 1.488.272.141.878.183 2.641.183h2.287l1.67 7.657c.917 4.21 1.778 7.909 1.912 8.218.296.683.854 1.284 1.606 1.73l.563.333h15.125l.527-.283c.703-.375 1.39-1.079 1.667-1.706.231-.525 2.368-10.476 2.368-11.028 0-.17-.138-.445-.307-.614l-.307-.307H19.952c-10.306 0-10.939-.013-11.002-.219-.037-.12-.318-1.37-.624-2.778-.452-2.078-.608-2.602-.83-2.782C7.25.648 6.906.625 4.183.625h-3.04l-.259.33M29.25 8.733c0 .492-1.89 8.957-2.056 9.211-.443.676-.49.68-7.846.68-6.505 0-6.802-.011-7.185-.245-.22-.133-.487-.376-.594-.54-.106-.162-.634-2.303-1.172-4.755l-.978-4.46h9.915c5.553 0 9.916.048 9.916.109M12.156 25.118c-1.06.263-1.802 1.153-1.882 2.256-.07.971.13 1.506.792 2.116l.553.51h1.186c1.16 0 1.197-.01 1.648-.405 1.374-1.207 1.136-3.45-.455-4.282-.424-.221-1.345-.32-1.842-.196m12.74 0c-.594.15-1.288.745-1.615 1.386-.537 1.052-.261 2.333.669 3.1.461.38.53.397 1.59.397 1.272 0 1.65-.156 2.162-.895.62-.895.651-1.845.093-2.82-.525-.92-1.818-1.44-2.899-1.167M13.18 27.196a.716.716 0 0 1 .196.429c0 .248-.312.625-.517.625a.618.618 0 0 1-.608-.623c0-.553.55-.808.929-.43m12.704-.068c.37.198.325.838-.07 1.018-.258.118-.355.103-.563-.084-.304-.276-.317-.531-.043-.834.238-.264.342-.279.676-.1\"><\/path><\/svg><span data-no-translation=\"\" data-trp-gettext=\"\">Batafsil<\/span><\/a>\t\t\t<div class=\"ld-sp-btns d-flex flex-column pos-abs z-index-2\">\n\t\t\t\t\t\t\t<\/div>\n\t\t<\/figure>\n\t\t<div class=\"ld-sp-info\">\n\t\t<h3><a href=\"https:\/\/dogakompozitcember.com\/uz\/urun\/lifli-cember-arabasi-kompozit-cember-arabasi\/\">Lifli \u00c7ember Arabas\u0131. Kompozit \u00c7ember Arabas\u0131<\/a><\/h3>\n\t\t<\/div>\n\t\t\t<\/div>\n<\/li>\n\n<li class=\"lqd-prod-item cember-tasima-arabasi col-md-3 col-sm-6 col-xs-12 product type-product post-8874 status-publish instock product_cat-cember-tasima-arabasi has-post-thumbnail shipping-taxable product-type-simple\">\n\t<div class=\"ld-sp ld-sp-def\">\n\t\t<figure class=\"ld-sp-img pos-rel\">\n\t\t<a href=\"https:\/\/dogakompozitcember.com\/uz\/urun\/plastik-cember-tasima-arabasi\/\" class=\"woocommerce-LoopProduct-link woocommerce-loop-product__link\"><img decoding=\"async\" width=\"300\" height=\"283\" src=\"data:image\/svg+xml;charset=utf-8,%3Csvg xmlns%3D&#039;http%3A%2F%2Fwww.w3.org%2F2000%2Fsvg&#039; viewBox%3D&#039;0 0 300 283&#039;%2F%3E\" class=\"attachment-woocommerce_thumbnail size-woocommerce_thumbnail ld-lazyload\" alt=\"\" itemprop=\"image\" data-src=\"https:\/\/dogakompozitcember.com\/wp-content\/uploads\/2024\/09\/pet-cember-arabasi-polyester-cember-1-300x283.webp\" data-aspect=\"1.0600706713781\" \/><\/a><a href=\"https:\/\/dogakompozitcember.com\/uz\/urun\/plastik-cember-tasima-arabasi\/\" data-quantity=\"1\" class=\"ld-sp-btn ld-sp-add-to-cart button product_type_simple\" data-product_id=\"8874\" data-product_sku=\"\" aria-label=\"\u201cPlastik \u00c7ember Ta\u015f\u0131ma Arabas\u0131&amp;rdquo haqida ko&#039;proq o&#039;qing;\" rel=\"nofollow\" data-success_message=\"\" data-product_name=\"Plastik \u00c7ember Ta\u015f\u0131ma Arabas\u0131\" data-no-translation-aria-label=\"\"><svg class=\"icon-ld-cart lqd-mobile-add-to-cart-icn\" xmlns=\"http:\/\/www.w3.org\/2000\/svg\" width=\"32\" height=\"30\" viewbox=\"0 0 32 30\" style=\"width: 1em; height: 1em;\"><path fill=\"currentColor\" d=\"M.884.954c-.435.553-.328 1.19.25 1.488.272.141.878.183 2.641.183h2.287l1.67 7.657c.917 4.21 1.778 7.909 1.912 8.218.296.683.854 1.284 1.606 1.73l.563.333h15.125l.527-.283c.703-.375 1.39-1.079 1.667-1.706.231-.525 2.368-10.476 2.368-11.028 0-.17-.138-.445-.307-.614l-.307-.307H19.952c-10.306 0-10.939-.013-11.002-.219-.037-.12-.318-1.37-.624-2.778-.452-2.078-.608-2.602-.83-2.782C7.25.648 6.906.625 4.183.625h-3.04l-.259.33M29.25 8.733c0 .492-1.89 8.957-2.056 9.211-.443.676-.49.68-7.846.68-6.505 0-6.802-.011-7.185-.245-.22-.133-.487-.376-.594-.54-.106-.162-.634-2.303-1.172-4.755l-.978-4.46h9.915c5.553 0 9.916.048 9.916.109M12.156 25.118c-1.06.263-1.802 1.153-1.882 2.256-.07.971.13 1.506.792 2.116l.553.51h1.186c1.16 0 1.197-.01 1.648-.405 1.374-1.207 1.136-3.45-.455-4.282-.424-.221-1.345-.32-1.842-.196m12.74 0c-.594.15-1.288.745-1.615 1.386-.537 1.052-.261 2.333.669 3.1.461.38.53.397 1.59.397 1.272 0 1.65-.156 2.162-.895.62-.895.651-1.845.093-2.82-.525-.92-1.818-1.44-2.899-1.167M13.18 27.196a.716.716 0 0 1 .196.429c0 .248-.312.625-.517.625a.618.618 0 0 1-.608-.623c0-.553.55-.808.929-.43m12.704-.068c.37.198.325.838-.07 1.018-.258.118-.355.103-.563-.084-.304-.276-.317-.531-.043-.834.238-.264.342-.279.676-.1\"><\/path><\/svg><span data-no-translation=\"\" data-trp-gettext=\"\">Batafsil<\/span><\/a>\t\t\t<div class=\"ld-sp-btns d-flex flex-column pos-abs z-index-2\">\n\t\t\t\t\t\t\t<\/div>\n\t\t<\/figure>\n\t\t<div class=\"ld-sp-info\">\n\t\t<h3><a href=\"https:\/\/dogakompozitcember.com\/uz\/urun\/plastik-cember-tasima-arabasi\/\">Plastik \u00c7ember Ta\u015f\u0131ma Arabas\u0131<\/a><\/h3>\n\t\t<\/div>\n\t\t\t<\/div>\n<\/li>\n\n<li class=\"lqd-prod-item cember-tasima-arabasi col-md-3 col-sm-6 col-xs-12 product type-product post-8864 status-publish instock product_cat-cember-tasima-arabasi has-post-thumbnail shipping-taxable product-type-simple\">\n\t<div class=\"ld-sp ld-sp-def\">\n\t\t<figure class=\"ld-sp-img pos-rel\">\n\t\t<a href=\"https:\/\/dogakompozitcember.com\/uz\/urun\/polyester-pet-cember-tasima-arabasi\/\" class=\"woocommerce-LoopProduct-link woocommerce-loop-product__link\"><img decoding=\"async\" width=\"300\" height=\"283\" src=\"data:image\/svg+xml;charset=utf-8,%3Csvg xmlns%3D&#039;http%3A%2F%2Fwww.w3.org%2F2000%2Fsvg&#039; viewBox%3D&#039;0 0 300 283&#039;%2F%3E\" class=\"attachment-woocommerce_thumbnail size-woocommerce_thumbnail ld-lazyload\" alt=\"\" itemprop=\"image\" data-src=\"https:\/\/dogakompozitcember.com\/wp-content\/uploads\/2024\/09\/pet-cember-arabasi-polyester-cember-300x283.webp\" data-aspect=\"1.0600706713781\" \/><\/a><a href=\"https:\/\/dogakompozitcember.com\/uz\/urun\/polyester-pet-cember-tasima-arabasi\/\" data-quantity=\"1\" class=\"ld-sp-btn ld-sp-add-to-cart button product_type_simple\" data-product_id=\"8864\" data-product_sku=\"\" aria-label=\"\u201cPolyester Pet \u00c7ember Ta\u015f\u0131ma Arabas\u0131&amp;rdquo haqida ko&#039;proq o&#039;qing;\" rel=\"nofollow\" data-success_message=\"\" data-product_name=\"Polyester Pet \u00c7ember Ta\u015f\u0131ma Arabas\u0131\" data-no-translation-aria-label=\"\"><svg class=\"icon-ld-cart lqd-mobile-add-to-cart-icn\" xmlns=\"http:\/\/www.w3.org\/2000\/svg\" width=\"32\" height=\"30\" viewbox=\"0 0 32 30\" style=\"width: 1em; height: 1em;\"><path fill=\"currentColor\" d=\"M.884.954c-.435.553-.328 1.19.25 1.488.272.141.878.183 2.641.183h2.287l1.67 7.657c.917 4.21 1.778 7.909 1.912 8.218.296.683.854 1.284 1.606 1.73l.563.333h15.125l.527-.283c.703-.375 1.39-1.079 1.667-1.706.231-.525 2.368-10.476 2.368-11.028 0-.17-.138-.445-.307-.614l-.307-.307H19.952c-10.306 0-10.939-.013-11.002-.219-.037-.12-.318-1.37-.624-2.778-.452-2.078-.608-2.602-.83-2.782C7.25.648 6.906.625 4.183.625h-3.04l-.259.33M29.25 8.733c0 .492-1.89 8.957-2.056 9.211-.443.676-.49.68-7.846.68-6.505 0-6.802-.011-7.185-.245-.22-.133-.487-.376-.594-.54-.106-.162-.634-2.303-1.172-4.755l-.978-4.46h9.915c5.553 0 9.916.048 9.916.109M12.156 25.118c-1.06.263-1.802 1.153-1.882 2.256-.07.971.13 1.506.792 2.116l.553.51h1.186c1.16 0 1.197-.01 1.648-.405 1.374-1.207 1.136-3.45-.455-4.282-.424-.221-1.345-.32-1.842-.196m12.74 0c-.594.15-1.288.745-1.615 1.386-.537 1.052-.261 2.333.669 3.1.461.38.53.397 1.59.397 1.272 0 1.65-.156 2.162-.895.62-.895.651-1.845.093-2.82-.525-.92-1.818-1.44-2.899-1.167M13.18 27.196a.716.716 0 0 1 .196.429c0 .248-.312.625-.517.625a.618.618 0 0 1-.608-.623c0-.553.55-.808.929-.43m12.704-.068c.37.198.325.838-.07 1.018-.258.118-.355.103-.563-.084-.304-.276-.317-.531-.043-.834.238-.264.342-.279.676-.1\"><\/path><\/svg><span data-no-translation=\"\" data-trp-gettext=\"\">Batafsil<\/span><\/a>\t\t\t<div class=\"ld-sp-btns d-flex flex-column pos-abs z-index-2\">\n\t\t\t\t\t\t\t<\/div>\n\t\t<\/figure>\n\t\t<div class=\"ld-sp-info\">\n\t\t<h3><a href=\"https:\/\/dogakompozitcember.com\/uz\/urun\/polyester-pet-cember-tasima-arabasi\/\">Polyester Pet \u00c7ember Ta\u015f\u0131ma Arabas\u0131<\/a><\/h3>\n\t\t<\/div>\n\t\t\t<\/div>\n<\/li><\/ul>\n<\/div>\t\t\t\t<\/div>\n\t\t\t\t<\/div>\n\t\t\t\t\t<\/div>\n\t\t\t\t<\/div>\n\t\t\t\t<\/div>","protected":false},"excerpt":{"rendered":"<p>Devam\u0131n\u0131 oku Lifli \u00c7ember Arabas\u0131. Kompozit \u00c7ember Arabas\u0131 Devam\u0131n\u0131 oku Plastik \u00c7ember Ta\u015f\u0131ma Arabas\u0131 Devam\u0131n\u0131 oku Polyester Pet \u00c7ember Ta\u015f\u0131ma Arabas\u0131<\/p>","protected":false},"author":1,"featured_media":0,"parent":0,"menu_order":0,"comment_status":"closed","ping_status":"closed","template":"","meta":{"inline_featured_image":false,"footnotes":""},"class_list":["post-8915","page","type-page","status-publish","hentry","lqd-prod-item",null,"col-md-3 col-sm-6 col-xs-12"],"_links":{"self":[{"href":"https:\/\/dogakompozitcember.com\/uz\/wp-json\/wp\/v2\/pages\/8915","targetHints":{"allow":["GET"]}}],"collection":[{"href":"https:\/\/dogakompozitcember.com\/uz\/wp-json\/wp\/v2\/pages"}],"about":[{"href":"https:\/\/dogakompozitcember.com\/uz\/wp-json\/wp\/v2\/types\/page"}],"author":[{"embeddable":true,"href":"https:\/\/dogakompozitcember.com\/uz\/wp-json\/wp\/v2\/users\/1"}],"replies":[{"embeddable":true,"href":"https:\/\/dogakompozitcember.com\/uz\/wp-json\/wp\/v2\/comments?post=8915"}],"version-history":[{"count":0,"href":"https:\/\/dogakompozitcember.com\/uz\/wp-json\/wp\/v2\/pages\/8915\/revisions"}],"wp:attachment":[{"href":"https:\/\/dogakompozitcember.com\/uz\/wp-json\/wp\/v2\/media?parent=8915"}],"curies":[{"name":"wp","href":"https:\/\/api.w.org\/{rel}","templated":true}]}}