{"id":8441,"date":"2024-08-25T00:48:35","date_gmt":"2024-08-25T00:48:35","guid":{"rendered":"https:\/\/dogakompozitcember.com\/?page_id=8441"},"modified":"2024-10-30T09:58:39","modified_gmt":"2024-10-30T09:58:39","slug":"tokalar","status":"publish","type":"page","link":"https:\/\/dogakompozitcember.com\/uz\/tokalar\/","title":{"rendered":"Tokalar"},"content":{"rendered":"<div data-elementor-type=\"wp-page\" data-elementor-id=\"8441\" class=\"elementor elementor-8441\">\n\t\t\t\t\t\t<section class=\"elementor-section elementor-top-section elementor-element elementor-element-7b46d6c elementor-section-height-min-height elementor-hidden-tablet elementor-hidden-mobile elementor-section-boxed elementor-section-height-default elementor-section-items-middle\" data-id=\"7b46d6c\" data-element_type=\"section\" data-settings=\"{&quot;background_background&quot;:&quot;classic&quot;}\">\n\t\t\t\t\t\t\t<div class=\"elementor-background-overlay\"><\/div>\n\t\t\t\t\t\t\t<div class=\"elementor-container elementor-column-gap-default\">\n\t\t\t\t\t<div class=\"elementor-column elementor-col-100 elementor-top-column elementor-element elementor-element-411f119\" data-id=\"411f119\" data-element_type=\"column\">\n\t\t\t<div class=\"elementor-widget-wrap elementor-element-populated\">\n\t\t\t\t\t\t<div class=\"elementor-element elementor-element-3dc88be elementor-widget elementor-widget-heading\" data-id=\"3dc88be\" data-element_type=\"widget\" data-widget_type=\"heading.default\">\n\t\t\t\t<div class=\"elementor-widget-container\">\n\t\t\t\t\t<h2 class=\"elementor-heading-title elementor-size-default\">Tokalar<\/h2>\t\t\t\t<\/div>\n\t\t\t\t<\/div>\n\t\t\t\t\t<\/div>\n\t\t<\/div>\n\t\t\t\t\t<\/div>\n\t\t<\/section>\n\t\t<div class=\"elementor-element elementor-element-2ffdf16 e-flex e-con-boxed e-con e-parent\" data-id=\"2ffdf16\" data-element_type=\"container\" data-settings=\"{&quot;background_background&quot;:&quot;classic&quot;}\">\n\t\t\t\t\t<div class=\"e-con-inner\">\n\t\t\t\t<div class=\"elementor-element elementor-element-758bafc elementor-widget elementor-widget-image\" data-id=\"758bafc\" data-element_type=\"widget\" data-widget_type=\"image.default\">\n\t\t\t\t<div class=\"elementor-widget-container\">\n\t\t\t\t\t\t\t\t\t\t\t\t\t\t\t<img decoding=\"async\" width=\"420\" height=\"68\" src=\"https:\/\/dogakompozitcember.com\/wp-content\/uploads\/2024\/08\/font-4.png\" class=\"attachment-large size-large wp-image-8450\" alt=\"\" srcset=\"https:\/\/dogakompozitcember.com\/wp-content\/uploads\/2024\/08\/font-4.png 420w, https:\/\/dogakompozitcember.com\/wp-content\/uploads\/2024\/08\/font-4-300x49.png 300w, https:\/\/dogakompozitcember.com\/wp-content\/uploads\/2024\/08\/font-4-18x3.png 18w\" sizes=\"(max-width: 420px) 100vw, 420px\" \/>\t\t\t\t\t\t\t\t\t\t\t\t\t\t\t<\/div>\n\t\t\t\t<\/div>\n\t\t\t\t\t<\/div>\n\t\t\t\t<\/div>\n\t\t<div class=\"elementor-element elementor-element-62e43bf e-flex e-con-boxed e-con e-parent\" data-id=\"62e43bf\" data-element_type=\"container\">\n\t\t\t\t\t<div class=\"e-con-inner\">\n\t\t<div class=\"elementor-element elementor-element-8fc2e39 e-con-full e-flex e-con e-child\" data-id=\"8fc2e39\" data-element_type=\"container\" data-settings=\"{&quot;motion_fx_motion_fx_scrolling&quot;:&quot;yes&quot;,&quot;motion_fx_devices&quot;:[&quot;desktop&quot;,&quot;tablet&quot;,&quot;mobile&quot;]}\">\n\t\t\t\t<div class=\"elementor-element elementor-element-30868bb elementor-widget elementor-widget-image\" data-id=\"30868bb\" data-element_type=\"widget\" data-widget_type=\"image.default\">\n\t\t\t\t<div class=\"elementor-widget-container\">\n\t\t\t\t\t\t\t\t\t\t\t\t\t\t\t<img fetchpriority=\"high\" decoding=\"async\" width=\"600\" height=\"600\" src=\"data:image\/svg+xml;charset=utf-8,%3Csvg xmlns%3D&#039;http%3A%2F%2Fwww.w3.org%2F2000%2Fsvg&#039; viewBox%3D&#039;0 0 600 600&#039;%2F%3E\" class=\"attachment-full size-full wp-image-8445 ld-lazyload\" alt=\"\" data-src=\"https:\/\/dogakompozitcember.com\/wp-content\/uploads\/2024\/08\/urunler-tel-toka_tLRQJ-Photoroom.jpg\" data-srcset=\"https:\/\/dogakompozitcember.com\/wp-content\/uploads\/2024\/08\/urunler-tel-toka_tLRQJ-Photoroom.jpg 600w, https:\/\/dogakompozitcember.com\/wp-content\/uploads\/2024\/08\/urunler-tel-toka_tLRQJ-Photoroom-300x300.jpg 300w, https:\/\/dogakompozitcember.com\/wp-content\/uploads\/2024\/08\/urunler-tel-toka_tLRQJ-Photoroom-150x150.jpg 150w, https:\/\/dogakompozitcember.com\/wp-content\/uploads\/2024\/08\/urunler-tel-toka_tLRQJ-Photoroom-320x320.jpg 320w, https:\/\/dogakompozitcember.com\/wp-content\/uploads\/2024\/08\/urunler-tel-toka_tLRQJ-Photoroom-100x100.jpg 100w, https:\/\/dogakompozitcember.com\/wp-content\/uploads\/2024\/08\/urunler-tel-toka_tLRQJ-Photoroom-12x12.jpg 12w\" data-sizes=\"(max-width: 600px) 100vw, 600px\" data-aspect=\"1\" \/>\t\t\t\t\t\t\t\t\t\t\t\t\t\t\t<\/div>\n\t\t\t\t<\/div>\n\t\t\t\t<\/div>\n\t\t<div class=\"elementor-element elementor-element-e6dd5eb e-flex e-con-boxed e-con e-child\" data-id=\"e6dd5eb\" data-element_type=\"container\">\n\t\t\t\t\t<div class=\"e-con-inner\">\n\t\t\t\t<div class=\"elementor-element elementor-element-9cc55e9 elementor-widget elementor-widget-text-editor\" data-id=\"9cc55e9\" data-element_type=\"widget\" data-widget_type=\"text-editor.default\">\n\t\t\t\t<div class=\"elementor-widget-container\">\n\t\t\t\t\t\t\t\t\t<table width=\"847\"><tbody><tr><td width=\"288\">\u00dcr\u00fcn Kodu<\/td><td width=\"251\">Kal\u0131nl\u0131k<\/td><td width=\"308\">Kutu Adeti<\/td><\/tr><tr><td width=\"288\">TKA-01<\/td><td width=\"251\">13 mm<\/td><td width=\"308\">1000 ADET<\/td><\/tr><tr><td width=\"288\">TKA-02<\/td><td width=\"251\">16 mm<\/td><td width=\"308\">1000 ADET<\/td><\/tr><tr><td width=\"288\">TKA-03<\/td><td width=\"251\">19 mm<\/td><td width=\"308\">1000 ADET<\/td><\/tr><tr><td width=\"288\">TKA-04<\/td><td width=\"251\">25 mm<\/td><td width=\"308\">500 ADET<\/td><\/tr><tr><td width=\"288\">TKA-05<\/td><td width=\"251\">32 mm<\/td><td width=\"308\">300 ADET<\/td><\/tr><\/tbody><\/table>\t\t\t\t\t\t\t\t<\/div>\n\t\t\t\t<\/div>\n\t\t\t\t\t<\/div>\n\t\t\t\t<\/div>\n\t\t\t\t\t<\/div>\n\t\t\t\t<\/div>\n\t\t<div class=\"elementor-element elementor-element-f9b1172 e-flex e-con-boxed e-con e-parent\" data-id=\"f9b1172\" data-element_type=\"container\" data-settings=\"{&quot;background_background&quot;:&quot;classic&quot;}\">\n\t\t\t\t\t<div class=\"e-con-inner\">\n\t\t\t\t<div class=\"elementor-element elementor-element-0db60de elementor-widget elementor-widget-image\" data-id=\"0db60de\" data-element_type=\"widget\" data-widget_type=\"image.default\">\n\t\t\t\t<div class=\"elementor-widget-container\">\n\t\t\t\t\t\t\t\t\t\t\t\t\t\t\t<img decoding=\"async\" width=\"420\" height=\"68\" src=\"data:image\/svg+xml;charset=utf-8,%3Csvg xmlns%3D&#039;http%3A%2F%2Fwww.w3.org%2F2000%2Fsvg&#039; viewBox%3D&#039;0 0 420 68&#039;%2F%3E\" class=\"attachment-large size-large wp-image-8454 ld-lazyload\" alt=\"\" data-src=\"https:\/\/dogakompozitcember.com\/wp-content\/uploads\/2024\/08\/font-5.png\" data-srcset=\"https:\/\/dogakompozitcember.com\/wp-content\/uploads\/2024\/08\/font-5.png 420w, https:\/\/dogakompozitcember.com\/wp-content\/uploads\/2024\/08\/font-5-300x49.png 300w, https:\/\/dogakompozitcember.com\/wp-content\/uploads\/2024\/08\/font-5-18x3.png 18w\" data-sizes=\"(max-width: 420px) 100vw, 420px\" data-aspect=\"6.1764705882353\" \/>\t\t\t\t\t\t\t\t\t\t\t\t\t\t\t<\/div>\n\t\t\t\t<\/div>\n\t\t\t\t\t<\/div>\n\t\t\t\t<\/div>\n\t\t<div class=\"elementor-element elementor-element-88b9141 e-flex e-con-boxed e-con e-parent\" data-id=\"88b9141\" data-element_type=\"container\">\n\t\t\t\t\t<div class=\"e-con-inner\">\n\t\t<div class=\"elementor-element elementor-element-8059164 e-con-full e-flex e-con e-child\" data-id=\"8059164\" data-element_type=\"container\" data-settings=\"{&quot;motion_fx_motion_fx_scrolling&quot;:&quot;yes&quot;,&quot;motion_fx_devices&quot;:[&quot;desktop&quot;,&quot;tablet&quot;,&quot;mobile&quot;]}\">\n\t\t\t\t<div class=\"elementor-element elementor-element-15d0a43 elementor-widget elementor-widget-image\" data-id=\"15d0a43\" data-element_type=\"widget\" data-widget_type=\"image.default\">\n\t\t\t\t<div class=\"elementor-widget-container\">\n\t\t\t\t\t\t\t\t\t\t\t\t\t\t\t<img loading=\"lazy\" decoding=\"async\" width=\"600\" height=\"600\" src=\"data:image\/svg+xml;charset=utf-8,%3Csvg xmlns%3D&#039;http%3A%2F%2Fwww.w3.org%2F2000%2Fsvg&#039; viewBox%3D&#039;0 0 600 600&#039;%2F%3E\" class=\"attachment-full size-full wp-image-8461 ld-lazyload\" alt=\"\" data-src=\"https:\/\/dogakompozitcember.com\/wp-content\/uploads\/2024\/08\/urunler-tel-toka_tLRQJ-Photoroom-1.jpg\" data-srcset=\"https:\/\/dogakompozitcember.com\/wp-content\/uploads\/2024\/08\/urunler-tel-toka_tLRQJ-Photoroom-1.jpg 600w, https:\/\/dogakompozitcember.com\/wp-content\/uploads\/2024\/08\/urunler-tel-toka_tLRQJ-Photoroom-1-300x300.jpg 300w, https:\/\/dogakompozitcember.com\/wp-content\/uploads\/2024\/08\/urunler-tel-toka_tLRQJ-Photoroom-1-150x150.jpg 150w, https:\/\/dogakompozitcember.com\/wp-content\/uploads\/2024\/08\/urunler-tel-toka_tLRQJ-Photoroom-1-320x320.jpg 320w, https:\/\/dogakompozitcember.com\/wp-content\/uploads\/2024\/08\/urunler-tel-toka_tLRQJ-Photoroom-1-100x100.jpg 100w, https:\/\/dogakompozitcember.com\/wp-content\/uploads\/2024\/08\/urunler-tel-toka_tLRQJ-Photoroom-1-12x12.jpg 12w\" data-sizes=\"(max-width: 600px) 100vw, 600px\" data-aspect=\"1\" \/>\t\t\t\t\t\t\t\t\t\t\t\t\t\t\t<\/div>\n\t\t\t\t<\/div>\n\t\t\t\t<\/div>\n\t\t<div class=\"elementor-element elementor-element-4a9103b e-flex e-con-boxed e-con e-child\" data-id=\"4a9103b\" data-element_type=\"container\">\n\t\t\t\t\t<div class=\"e-con-inner\">\n\t\t\t\t<div class=\"elementor-element elementor-element-2726bcf elementor-widget elementor-widget-text-editor\" data-id=\"2726bcf\" data-element_type=\"widget\" data-widget_type=\"text-editor.default\">\n\t\t\t\t<div class=\"elementor-widget-container\">\n\t\t\t\t\t\t\t\t\t<table width=\"847\"><tbody><tr><td width=\"288\">\u00dcr\u00fcn Kodu<\/td><td width=\"251\">Kal\u0131nl\u0131k<\/td><td width=\"308\">Kutu Adeti<\/td><\/tr><tr><td width=\"288\">MKA-010<\/td><td width=\"251\">13<\/td><td width=\"308\">1000 ADET<\/td><\/tr><tr><td width=\"288\">MKA-020<\/td><td width=\"251\">16<\/td><td width=\"308\">1000 ADET<\/td><\/tr><tr><td width=\"288\">MKA-030<\/td><td width=\"251\">19<\/td><td width=\"308\">1000 ADET<\/td><\/tr><tr><td width=\"288\">MKA-040<\/td><td width=\"251\">25<\/td><td width=\"308\">500 ADET<\/td><\/tr><tr><td width=\"288\">MKA-050<\/td><td width=\"251\">32<\/td><td width=\"308\">250 ADET<\/td><\/tr><\/tbody><\/table>\t\t\t\t\t\t\t\t<\/div>\n\t\t\t\t<\/div>\n\t\t\t\t\t<\/div>\n\t\t\t\t<\/div>\n\t\t\t\t\t<\/div>\n\t\t\t\t<\/div>\n\t\t\t\t<\/div>","protected":false},"excerpt":{"rendered":"<p>\u00dcr\u00fcn Kodu Kal\u0131nl\u0131k Kutu Adeti TKA-01 13 mm 1000 ADET TKA-02 16 mm 1000 ADET TKA-03 19 mm 1000 ADET TKA-04 25 mm 500 ADET TKA-05 32 mm 300 ADET \u00dcr\u00fcn Kodu Kal\u0131nl\u0131k Kutu Adeti MKA-010 13 1000 ADET MKA-020 16 1000 ADET MKA-030 19 1000 ADET MKA-040 25 500 ADET MKA-050 32 250 ADET<\/p>","protected":false},"author":1,"featured_media":0,"parent":0,"menu_order":0,"comment_status":"closed","ping_status":"closed","template":"","meta":{"inline_featured_image":false,"footnotes":""},"class_list":["post-8441","page","type-page","status-publish","hentry"],"_links":{"self":[{"href":"https:\/\/dogakompozitcember.com\/uz\/wp-json\/wp\/v2\/pages\/8441","targetHints":{"allow":["GET"]}}],"collection":[{"href":"https:\/\/dogakompozitcember.com\/uz\/wp-json\/wp\/v2\/pages"}],"about":[{"href":"https:\/\/dogakompozitcember.com\/uz\/wp-json\/wp\/v2\/types\/page"}],"author":[{"embeddable":true,"href":"https:\/\/dogakompozitcember.com\/uz\/wp-json\/wp\/v2\/users\/1"}],"replies":[{"embeddable":true,"href":"https:\/\/dogakompozitcember.com\/uz\/wp-json\/wp\/v2\/comments?post=8441"}],"version-history":[{"count":0,"href":"https:\/\/dogakompozitcember.com\/uz\/wp-json\/wp\/v2\/pages\/8441\/revisions"}],"wp:attachment":[{"href":"https:\/\/dogakompozitcember.com\/uz\/wp-json\/wp\/v2\/media?parent=8441"}],"curies":[{"name":"wp","href":"https:\/\/api.w.org\/{rel}","templated":true}]}}