{"id":550,"date":"2024-07-03T06:12:31","date_gmt":"2024-07-03T06:12:31","guid":{"rendered":"https:\/\/dogakompozitcember.com\/about\/"},"modified":"2024-09-21T17:29:30","modified_gmt":"2024-09-21T17:29:30","slug":"hakkimizda","status":"publish","type":"page","link":"https:\/\/dogakompozitcember.com\/uz\/hakkimizda\/","title":{"rendered":"Hakk\u0131m\u0131zda"},"content":{"rendered":"<div data-elementor-type=\"wp-page\" data-elementor-id=\"550\" class=\"elementor elementor-550\">\n\t\t\t\t\t\t<section class=\"elementor-section elementor-top-section elementor-element elementor-element-1afa31ff elementor-section-boxed elementor-section-height-default elementor-section-height-default\" data-id=\"1afa31ff\" data-element_type=\"section\" data-settings=\"{&quot;background_background&quot;:&quot;gradient&quot;,&quot;shape_divider_bottom&quot;:&quot;curve&quot;,&quot;shape_divider_bottom_negative&quot;:&quot;yes&quot;}\">\n\t\t\t\t\t<div class=\"elementor-shape elementor-shape-bottom\" data-negative=\"true\">\n\t\t\t<svg xmlns=\"http:\/\/www.w3.org\/2000\/svg\" viewbox=\"0 0 1000 100\" preserveaspectratio=\"none\">\n\t<path class=\"elementor-shape-fill\" d=\"M500,97C126.7,96.3,0.8,19.8,0,0v100l1000,0V1C1000,19.4,873.3,97.8,500,97z\"\/>\n<\/svg>\t\t<\/div>\n\t\t\t\t\t<div class=\"elementor-container elementor-column-gap-default\">\n\t\t\t\t\t<div class=\"elementor-column elementor-col-100 elementor-top-column elementor-element elementor-element-2d2d5745\" data-id=\"2d2d5745\" data-element_type=\"column\">\n\t\t\t<div class=\"elementor-widget-wrap elementor-element-populated\">\n\t\t\t\t\t\t<section class=\"elementor-section elementor-inner-section elementor-element elementor-element-27a5863f elementor-section-boxed elementor-section-height-default elementor-section-height-default\" data-id=\"27a5863f\" data-element_type=\"section\">\n\t\t\t\t\t\t<div class=\"elementor-container elementor-column-gap-default\">\n\t\t\t\t\t<div class=\"elementor-column elementor-col-100 elementor-inner-column elementor-element elementor-element-423605d4\" data-id=\"423605d4\" data-element_type=\"column\">\n\t\t\t<div class=\"elementor-widget-wrap elementor-element-populated\">\n\t\t\t\t\t\t<div class=\"elementor-element elementor-element-66c1e6f8 elementor-widget elementor-widget-hub_fancy_heading\" data-id=\"66c1e6f8\" data-element_type=\"widget\" data-widget_type=\"hub_fancy_heading.default\">\n\t\t\t\t<div class=\"elementor-widget-container\">\n\t\t\t\t\t\n\t\t<div id=\"ld-fancy-heading-69e48f20cda14\" class=\"ld-fancy-heading pos-rel\">\n\t\t\t<h1 class=\"ld-fh-element d-inline-block pos-rel  elementor-heading-title lqd-highlight-classic lqd-highlight-grow-left h1\"  > Hakk\u0131m\u0131zda<\/h1>\t\t<\/div>\n\n\t\t\t\t\t\t<\/div>\n\t\t\t\t<\/div>\n\t\t\t\t<div class=\"elementor-element elementor-element-44972229 elementor-widget elementor-widget-ld_button\" data-id=\"44972229\" data-element_type=\"widget\" data-widget_type=\"ld_button.default\">\n\t\t\t\t<div class=\"elementor-widget-container\">\n\t\t\t\t\t\n\t\t\t<a\n\t\t\t\tclass=\"elementor-button btn btn-naked btn-icon-block btn-no-label\" data-localscroll=\"1\" data-localscroll-options=\"{&quot;scrollBelowSection&quot;:true}\" href=\"#\"\t\t\t>\n\t\t\t\t\t\t\t\t\t\t\t\t\t\t<span class=\"btn-icon\">\n\t\t\t\t\t\t\t<i aria-hidden=\"true\" class=\"lqd-icn-ess icon-ion-ios-arrow-down\"><\/i>\t\t\t\t\t\t<\/span>\n\t\t\t\t\t\t\t\t\t<\/a>\n\t\t\t\t\t\t\t<\/div>\n\t\t\t\t<\/div>\n\t\t\t\t\t<\/div>\n\t\t<\/div>\n\t\t\t\t\t<\/div>\n\t\t<\/section>\n\t\t\t\t<div class=\"elementor-element elementor-element-f63b130 elementor-widget elementor-widget-ld_carousel\" data-id=\"f63b130\" data-element_type=\"widget\" data-widget_type=\"ld_carousel.default\">\n\t\t\t\t<div class=\"elementor-widget-container\">\n\t\t\t\t\t\n\t\t<div class=\"carousel-container pos-rel carousel-nav-shaped\" id=\"\" >\n\n\t\t\t<div class=\"carousel-items pos-rel lqd-fade-sides\"  data-lqd-flickity='{\"marquee\":true,\"pauseAutoPlayOnHover\":true,\"equalHeightCells\":true,\"middleAlignContent\":true,\"marqueeTickerSpeed\":\"1\"}'>\n\n\t\t\t\t\t\t\t\t<div class=\"flickity-viewport pos-rel w-100 overflow-hidden\">\n\t\t\t\t\t<div class=\"flickity-slider d-flex w-100 h-100 pos-rel\" style=\"left: 0; transform: translateX(0%);\">\n\t\t\t\t\t\t\t\t\t\t\t\t\t<div class=\"carousel-item d-flex flex-column justify-content-center align-items-center elementor-repeater-item-2d6812b\">\n\t\t\t\t\t\t\t\t<div class=\"carousel-item-inner pos-rel w-100\">\n\t\t\t\t\t\t\t\t\t<div class=\"carousel-item-content pos-rel w-100\">\n\n\t\t\t\t\t\t\t\t\t\t<p><img decoding=\"async\" class=\"alignnone size-medium wp-image-6827\" src=\"http:\/\/dogakompozitcember.com\/wp-content\/uploads\/2024\/07\/Untitled-1-01-300x153.png\" alt=\"\" width=\"300\" height=\"153\" \/><\/p>\t\t\t\t\t\t\t\t\t<\/div>\n\t\t\t\t\t\t\t\t<\/div>\n\t\t\t\t\t\t\t<\/div>\n\t\t\t\t\t\t\t\t\t\t\t\t\t<div class=\"carousel-item d-flex flex-column justify-content-center align-items-center elementor-repeater-item-e3795f7\">\n\t\t\t\t\t\t\t\t<div class=\"carousel-item-inner pos-rel w-100\">\n\t\t\t\t\t\t\t\t\t<div class=\"carousel-item-content pos-rel w-100\">\n\n\t\t\t\t\t\t\t\t\t\t<p><img decoding=\"async\" class=\"alignnone size-medium wp-image-6828\" src=\"http:\/\/dogakompozitcember.com\/wp-content\/uploads\/2024\/07\/Untitled-1-02-300x152.png\" alt=\"\" width=\"300\" height=\"152\" \/><\/p>\t\t\t\t\t\t\t\t\t<\/div>\n\t\t\t\t\t\t\t\t<\/div>\n\t\t\t\t\t\t\t<\/div>\n\t\t\t\t\t\t\t\t\t\t\t\t\t<div class=\"carousel-item d-flex flex-column justify-content-center align-items-center elementor-repeater-item-0535666\">\n\t\t\t\t\t\t\t\t<div class=\"carousel-item-inner pos-rel w-100\">\n\t\t\t\t\t\t\t\t\t<div class=\"carousel-item-content pos-rel w-100\">\n\n\t\t\t\t\t\t\t\t\t\t<p><img decoding=\"async\" class=\"alignnone size-medium wp-image-6829\" src=\"http:\/\/dogakompozitcember.com\/wp-content\/uploads\/2024\/07\/Untitled-1-03-300x152.png\" alt=\"\" width=\"300\" height=\"152\" \/><\/p>\t\t\t\t\t\t\t\t\t<\/div>\n\t\t\t\t\t\t\t\t<\/div>\n\t\t\t\t\t\t\t<\/div>\n\t\t\t\t\t\t\t\t\t\t\t\t\t<div class=\"carousel-item d-flex flex-column justify-content-center align-items-center elementor-repeater-item-0a35e1d\">\n\t\t\t\t\t\t\t\t<div class=\"carousel-item-inner pos-rel w-100\">\n\t\t\t\t\t\t\t\t\t<div class=\"carousel-item-content pos-rel w-100\">\n\n\t\t\t\t\t\t\t\t\t\t<p><img loading=\"lazy\" decoding=\"async\" class=\"alignnone size-medium wp-image-6831\" src=\"http:\/\/dogakompozitcember.com\/wp-content\/uploads\/2024\/07\/Untitled-1-05-300x152.png\" alt=\"\" width=\"300\" height=\"152\" \/><\/p>\t\t\t\t\t\t\t\t\t<\/div>\n\t\t\t\t\t\t\t\t<\/div>\n\t\t\t\t\t\t\t<\/div>\n\t\t\t\t\t\t\t\t\t\t\t\t\t<div class=\"carousel-item d-flex flex-column justify-content-center align-items-center elementor-repeater-item-395afae\">\n\t\t\t\t\t\t\t\t<div class=\"carousel-item-inner pos-rel w-100\">\n\t\t\t\t\t\t\t\t\t<div class=\"carousel-item-content pos-rel w-100\">\n\n\t\t\t\t\t\t\t\t\t\t<p><img loading=\"lazy\" decoding=\"async\" class=\"alignnone size-medium wp-image-6832\" src=\"http:\/\/dogakompozitcember.com\/wp-content\/uploads\/2024\/07\/Untitled-1-06-300x152.png\" alt=\"\" width=\"300\" height=\"152\" \/><\/p>\t\t\t\t\t\t\t\t\t<\/div>\n\t\t\t\t\t\t\t\t<\/div>\n\t\t\t\t\t\t\t<\/div>\n\t\t\t\t\t\t\t\t\t\t\t\t\t<div class=\"carousel-item d-flex flex-column justify-content-center align-items-center elementor-repeater-item-b84a380\">\n\t\t\t\t\t\t\t\t<div class=\"carousel-item-inner pos-rel w-100\">\n\t\t\t\t\t\t\t\t\t<div class=\"carousel-item-content pos-rel w-100\">\n\n\t\t\t\t\t\t\t\t\t\t<p><img loading=\"lazy\" decoding=\"async\" class=\"alignnone size-medium wp-image-6833\" src=\"http:\/\/dogakompozitcember.com\/wp-content\/uploads\/2024\/07\/Untitled-1-07-300x152.png\" alt=\"\" width=\"300\" height=\"152\" \/><\/p>\t\t\t\t\t\t\t\t\t<\/div>\n\t\t\t\t\t\t\t\t<\/div>\n\t\t\t\t\t\t\t<\/div>\n\t\t\t\t\t\t\t\t\t\t\t\t\t<div class=\"carousel-item d-flex flex-column justify-content-center align-items-center elementor-repeater-item-8e2528a\">\n\t\t\t\t\t\t\t\t<div class=\"carousel-item-inner pos-rel w-100\">\n\t\t\t\t\t\t\t\t\t<div class=\"carousel-item-content pos-rel w-100\">\n\n\t\t\t\t\t\t\t\t\t\t<p><img loading=\"lazy\" decoding=\"async\" class=\"alignnone size-medium wp-image-6834\" src=\"http:\/\/dogakompozitcember.com\/wp-content\/uploads\/2024\/07\/Untitled-1-08-300x152.png\" alt=\"\" width=\"300\" height=\"152\" \/><\/p>\t\t\t\t\t\t\t\t\t<\/div>\n\t\t\t\t\t\t\t\t<\/div>\n\t\t\t\t\t\t\t<\/div>\n\t\t\t\t\t\t\t\t\t\t\t\t\t<div class=\"carousel-item d-flex flex-column justify-content-center align-items-center elementor-repeater-item-ecbb76c\">\n\t\t\t\t\t\t\t\t<div class=\"carousel-item-inner pos-rel w-100\">\n\t\t\t\t\t\t\t\t\t<div class=\"carousel-item-content pos-rel w-100\">\n\n\t\t\t\t\t\t\t\t\t\t<p><img loading=\"lazy\" decoding=\"async\" class=\"alignnone size-medium wp-image-6835\" src=\"http:\/\/dogakompozitcember.com\/wp-content\/uploads\/2024\/07\/Untitled-1-09-300x152.png\" alt=\"\" width=\"300\" height=\"152\" \/><\/p>\t\t\t\t\t\t\t\t\t<\/div>\n\t\t\t\t\t\t\t\t<\/div>\n\t\t\t\t\t\t\t<\/div>\n\t\t\t\t\t\t\t\t\t\t\t\t\t<div class=\"carousel-item d-flex flex-column justify-content-center align-items-center elementor-repeater-item-cc85f9d\">\n\t\t\t\t\t\t\t\t<div class=\"carousel-item-inner pos-rel w-100\">\n\t\t\t\t\t\t\t\t\t<div class=\"carousel-item-content pos-rel w-100\">\n\n\t\t\t\t\t\t\t\t\t\t<p><img loading=\"lazy\" decoding=\"async\" class=\"alignnone size-medium wp-image-6836\" src=\"http:\/\/dogakompozitcember.com\/wp-content\/uploads\/2024\/07\/Untitled-1-10-300x155.png\" alt=\"\" width=\"300\" height=\"155\" \/><\/p>\t\t\t\t\t\t\t\t\t<\/div>\n\t\t\t\t\t\t\t\t<\/div>\n\t\t\t\t\t\t\t<\/div>\n\t\t\t\t\t\t\t\t\t\t\t\t\t<div class=\"carousel-item d-flex flex-column justify-content-center align-items-center elementor-repeater-item-2889b6c\">\n\t\t\t\t\t\t\t\t<div class=\"carousel-item-inner pos-rel w-100\">\n\t\t\t\t\t\t\t\t\t<div class=\"carousel-item-content pos-rel w-100\">\n\n\t\t\t\t\t\t\t\t\t\t<p><img loading=\"lazy\" decoding=\"async\" class=\"alignnone size-medium wp-image-6837\" src=\"http:\/\/dogakompozitcember.com\/wp-content\/uploads\/2024\/07\/Untitled-1-11-300x152.png\" alt=\"\" width=\"300\" height=\"152\" \/><\/p>\t\t\t\t\t\t\t\t\t<\/div>\n\t\t\t\t\t\t\t\t<\/div>\n\t\t\t\t\t\t\t<\/div>\n\t\t\t\t\t\t\t\t\t\t\t\t\t<div class=\"carousel-item d-flex flex-column justify-content-center align-items-center elementor-repeater-item-fb8b1f1\">\n\t\t\t\t\t\t\t\t<div class=\"carousel-item-inner pos-rel w-100\">\n\t\t\t\t\t\t\t\t\t<div class=\"carousel-item-content pos-rel w-100\">\n\n\t\t\t\t\t\t\t\t\t\t<p><img loading=\"lazy\" decoding=\"async\" class=\"alignnone size-medium wp-image-6838\" src=\"http:\/\/dogakompozitcember.com\/wp-content\/uploads\/2024\/07\/Untitled-1-12-300x152.png\" alt=\"\" width=\"300\" height=\"152\" \/><\/p>\t\t\t\t\t\t\t\t\t<\/div>\n\t\t\t\t\t\t\t\t<\/div>\n\t\t\t\t\t\t\t<\/div>\n\t\t\t\t\t\t\t\t\t\t\t\t\t<div class=\"carousel-item d-flex flex-column justify-content-center align-items-center elementor-repeater-item-b558ce5\">\n\t\t\t\t\t\t\t\t<div class=\"carousel-item-inner pos-rel w-100\">\n\t\t\t\t\t\t\t\t\t<div class=\"carousel-item-content pos-rel w-100\">\n\n\t\t\t\t\t\t\t\t\t\t<p><img loading=\"lazy\" decoding=\"async\" class=\"alignnone size-medium wp-image-6839\" src=\"http:\/\/dogakompozitcember.com\/wp-content\/uploads\/2024\/07\/Untitled-1-13-300x152.png\" alt=\"\" width=\"300\" height=\"152\" \/><\/p>\t\t\t\t\t\t\t\t\t<\/div>\n\t\t\t\t\t\t\t\t<\/div>\n\t\t\t\t\t\t\t<\/div>\n\t\t\t\t\t\t\t\t\t\t\t\t\t<div class=\"carousel-item d-flex flex-column justify-content-center align-items-center elementor-repeater-item-5fb1e64\">\n\t\t\t\t\t\t\t\t<div class=\"carousel-item-inner pos-rel w-100\">\n\t\t\t\t\t\t\t\t\t<div class=\"carousel-item-content pos-rel w-100\">\n\n\t\t\t\t\t\t\t\t\t\t<p><img loading=\"lazy\" decoding=\"async\" class=\"alignnone size-medium wp-image-6852\" src=\"http:\/\/dogakompozitcember.com\/wp-content\/uploads\/2024\/07\/Untitled-1-14-1-300x152.png\" alt=\"\" width=\"300\" height=\"152\" \/><\/p>\t\t\t\t\t\t\t\t\t<\/div>\n\t\t\t\t\t\t\t\t<\/div>\n\t\t\t\t\t\t\t<\/div>\n\t\t\t\t\t\t\t\t\t\t\t\t\t<div class=\"carousel-item d-flex flex-column justify-content-center align-items-center elementor-repeater-item-11954c6\">\n\t\t\t\t\t\t\t\t<div class=\"carousel-item-inner pos-rel w-100\">\n\t\t\t\t\t\t\t\t\t<div class=\"carousel-item-content pos-rel w-100\">\n\n\t\t\t\t\t\t\t\t\t\t<p><img loading=\"lazy\" decoding=\"async\" class=\"alignnone size-medium wp-image-6843\" src=\"http:\/\/dogakompozitcember.com\/wp-content\/uploads\/2024\/07\/Untitled-1-15-1-300x152.png\" alt=\"\" width=\"300\" height=\"152\" \/><\/p>\t\t\t\t\t\t\t\t\t<\/div>\n\t\t\t\t\t\t\t\t<\/div>\n\t\t\t\t\t\t\t<\/div>\n\t\t\t\t\t\t\t\t\t\t\t\t\t<div class=\"carousel-item d-flex flex-column justify-content-center align-items-center elementor-repeater-item-59cd8e9\">\n\t\t\t\t\t\t\t\t<div class=\"carousel-item-inner pos-rel w-100\">\n\t\t\t\t\t\t\t\t\t<div class=\"carousel-item-content pos-rel w-100\">\n\n\t\t\t\t\t\t\t\t\t\t<p><img loading=\"lazy\" decoding=\"async\" class=\"alignnone size-medium wp-image-6842\" src=\"http:\/\/dogakompozitcember.com\/wp-content\/uploads\/2024\/07\/Untitled-1-16-300x152.png\" alt=\"\" width=\"300\" height=\"152\" \/><\/p>\t\t\t\t\t\t\t\t\t<\/div>\n\t\t\t\t\t\t\t\t<\/div>\n\t\t\t\t\t\t\t<\/div>\n\t\t\t\t\t\t\t\t\t\t\t\t\t<div class=\"carousel-item d-flex flex-column justify-content-center align-items-center elementor-repeater-item-0178889\">\n\t\t\t\t\t\t\t\t<div class=\"carousel-item-inner pos-rel w-100\">\n\t\t\t\t\t\t\t\t\t<div class=\"carousel-item-content pos-rel w-100\">\n\n\t\t\t\t\t\t\t\t\t\t<p><img loading=\"lazy\" decoding=\"async\" class=\"alignnone size-medium wp-image-6844\" src=\"http:\/\/dogakompozitcember.com\/wp-content\/uploads\/2024\/07\/Untitled-1-17-300x152.png\" alt=\"\" width=\"300\" height=\"152\" \/><\/p>\t\t\t\t\t\t\t\t\t<\/div>\n\t\t\t\t\t\t\t\t<\/div>\n\t\t\t\t\t\t\t<\/div>\n\t\t\t\t\t\t\t\t\t\t\t\t\t<div class=\"carousel-item d-flex flex-column justify-content-center align-items-center elementor-repeater-item-20f4423\">\n\t\t\t\t\t\t\t\t<div class=\"carousel-item-inner pos-rel w-100\">\n\t\t\t\t\t\t\t\t\t<div class=\"carousel-item-content pos-rel w-100\">\n\n\t\t\t\t\t\t\t\t\t\t<p><img loading=\"lazy\" decoding=\"async\" class=\"alignnone size-medium wp-image-6845\" src=\"http:\/\/dogakompozitcember.com\/wp-content\/uploads\/2024\/07\/Untitled-1-18-300x152.png\" alt=\"\" width=\"300\" height=\"152\" \/><\/p>\t\t\t\t\t\t\t\t\t<\/div>\n\t\t\t\t\t\t\t\t<\/div>\n\t\t\t\t\t\t\t<\/div>\n\t\t\t\t\t\t\t\t\t\t\t\t\t<div class=\"carousel-item d-flex flex-column justify-content-center align-items-center elementor-repeater-item-6d3fb32\">\n\t\t\t\t\t\t\t\t<div class=\"carousel-item-inner pos-rel w-100\">\n\t\t\t\t\t\t\t\t\t<div class=\"carousel-item-content pos-rel w-100\">\n\n\t\t\t\t\t\t\t\t\t\t<p><img loading=\"lazy\" decoding=\"async\" class=\"alignnone size-medium wp-image-6846\" src=\"http:\/\/dogakompozitcember.com\/wp-content\/uploads\/2024\/07\/Untitled-1-19-300x152.png\" alt=\"\" width=\"300\" height=\"152\" \/><\/p>\t\t\t\t\t\t\t\t\t<\/div>\n\t\t\t\t\t\t\t\t<\/div>\n\t\t\t\t\t\t\t<\/div>\n\t\t\t\t\t\t\t\t\t\t\t\t\t<div class=\"carousel-item d-flex flex-column justify-content-center align-items-center elementor-repeater-item-555c6ed\">\n\t\t\t\t\t\t\t\t<div class=\"carousel-item-inner pos-rel w-100\">\n\t\t\t\t\t\t\t\t\t<div class=\"carousel-item-content pos-rel w-100\">\n\n\t\t\t\t\t\t\t\t\t\t<p><img loading=\"lazy\" decoding=\"async\" class=\"alignnone size-medium wp-image-6847\" src=\"http:\/\/dogakompozitcember.com\/wp-content\/uploads\/2024\/07\/Untitled-1-20-300x152.png\" alt=\"\" width=\"300\" height=\"152\" \/><\/p>\t\t\t\t\t\t\t\t\t<\/div>\n\t\t\t\t\t\t\t\t<\/div>\n\t\t\t\t\t\t\t<\/div>\n\t\t\t\t\t\t\t\t\t\t\t\t\t<div class=\"carousel-item d-flex flex-column justify-content-center align-items-center elementor-repeater-item-ad90488\">\n\t\t\t\t\t\t\t\t<div class=\"carousel-item-inner pos-rel w-100\">\n\t\t\t\t\t\t\t\t\t<div class=\"carousel-item-content pos-rel w-100\">\n\n\t\t\t\t\t\t\t\t\t\t<p><img loading=\"lazy\" decoding=\"async\" class=\"alignnone size-medium wp-image-6848\" src=\"http:\/\/dogakompozitcember.com\/wp-content\/uploads\/2024\/07\/Untitled-1-21-300x152.png\" alt=\"\" width=\"300\" height=\"152\" \/><\/p>\t\t\t\t\t\t\t\t\t<\/div>\n\t\t\t\t\t\t\t\t<\/div>\n\t\t\t\t\t\t\t<\/div>\n\t\t\t\t\t\t\t\t\t\t\t\t\t<div class=\"carousel-item d-flex flex-column justify-content-center align-items-center elementor-repeater-item-9624900\">\n\t\t\t\t\t\t\t\t<div class=\"carousel-item-inner pos-rel w-100\">\n\t\t\t\t\t\t\t\t\t<div class=\"carousel-item-content pos-rel w-100\">\n\n\t\t\t\t\t\t\t\t\t\t<p><img loading=\"lazy\" decoding=\"async\" class=\"alignnone size-medium wp-image-6849\" src=\"http:\/\/dogakompozitcember.com\/wp-content\/uploads\/2024\/07\/Untitled-1-22-300x152.png\" alt=\"\" width=\"300\" height=\"152\" \/><\/p>\t\t\t\t\t\t\t\t\t<\/div>\n\t\t\t\t\t\t\t\t<\/div>\n\t\t\t\t\t\t\t<\/div>\n\t\t\t\t\t\t\t\t\t\t\t\t\t<div class=\"carousel-item d-flex flex-column justify-content-center align-items-center elementor-repeater-item-7820eab\">\n\t\t\t\t\t\t\t\t<div class=\"carousel-item-inner pos-rel w-100\">\n\t\t\t\t\t\t\t\t\t<div class=\"carousel-item-content pos-rel w-100\">\n\n\t\t\t\t\t\t\t\t\t\t<p><img loading=\"lazy\" decoding=\"async\" class=\"alignnone size-medium wp-image-6850\" src=\"http:\/\/dogakompozitcember.com\/wp-content\/uploads\/2024\/07\/Untitled-1-23-300x152.png\" alt=\"\" width=\"300\" height=\"152\" \/><\/p>\t\t\t\t\t\t\t\t\t<\/div>\n\t\t\t\t\t\t\t\t<\/div>\n\t\t\t\t\t\t\t<\/div>\n\t\t\t\t\t\t\t\t\t\t\t\t\t<div class=\"carousel-item d-flex flex-column justify-content-center align-items-center elementor-repeater-item-ed9c4b9\">\n\t\t\t\t\t\t\t\t<div class=\"carousel-item-inner pos-rel w-100\">\n\t\t\t\t\t\t\t\t\t<div class=\"carousel-item-content pos-rel w-100\">\n\n\t\t\t\t\t\t\t\t\t\t<p><img loading=\"lazy\" decoding=\"async\" class=\"alignnone size-medium wp-image-6851\" src=\"http:\/\/dogakompozitcember.com\/wp-content\/uploads\/2024\/07\/Untitled-1-24-300x152.png\" alt=\"\" width=\"300\" height=\"152\" \/><\/p>\t\t\t\t\t\t\t\t\t<\/div>\n\t\t\t\t\t\t\t\t<\/div>\n\t\t\t\t\t\t\t<\/div>\n\t\t\t\t\t\t\t\t\t\t\t<\/div>\n\t\t\t\t<\/div>\n\t\t\t<\/div>\n\t\t\t\n\t\t\t\n\t\t<\/div>\n\t\t\t\t\t\t<\/div>\n\t\t\t\t<\/div>\n\t\t\t\t\t<\/div>\n\t\t<\/div>\n\t\t\t\t\t<\/div>\n\t\t<\/section>\n\t\t\t\t<section class=\"elementor-section elementor-top-section elementor-element elementor-element-4ef8876b elementor-section-boxed elementor-section-height-default elementor-section-height-default\" data-id=\"4ef8876b\" data-element_type=\"section\">\n\t\t\t\t\t\t<div class=\"elementor-container elementor-column-gap-default\">\n\t\t\t\t\t<div class=\"elementor-column elementor-col-100 elementor-top-column elementor-element elementor-element-73ba6280\" data-id=\"73ba6280\" data-element_type=\"column\">\n\t\t\t<div class=\"elementor-widget-wrap elementor-element-populated\">\n\t\t\t\t\t\t<section class=\"elementor-section elementor-inner-section elementor-element elementor-element-12bb52ea elementor-section-boxed elementor-section-height-default elementor-section-height-default\" data-id=\"12bb52ea\" data-element_type=\"section\">\n\t\t\t\t\t\t<div class=\"elementor-container elementor-column-gap-default\">\n\t\t\t\t\t<div class=\"elementor-column elementor-col-100 elementor-inner-column elementor-element elementor-element-29165949\" data-id=\"29165949\" data-element_type=\"column\">\n\t\t\t<div class=\"elementor-widget-wrap elementor-element-populated\">\n\t\t\t\t\t\t<div class=\"elementor-element elementor-element-5c5abb2c elementor-widget elementor-widget-hub_fancy_heading\" data-id=\"5c5abb2c\" data-element_type=\"widget\" data-widget_type=\"hub_fancy_heading.default\">\n\t\t\t\t<div class=\"elementor-widget-container\">\n\t\t\t\t\t\n\t\t<div id=\"ld-fancy-heading-69e48f20d7091\" class=\"ld-fancy-heading pos-rel\">\n\t\t\t<h4 class=\"ld-fh-element d-inline-block pos-rel  elementor-heading-title lqd-highlight-classic lqd-highlight-grow-left h4\"  > Kurumsal<\/h4>\t\t<\/div>\n\n\t\t\t\t\t\t<\/div>\n\t\t\t\t<\/div>\n\t\t\t\t<div class=\"elementor-element elementor-element-422d07d elementor-widget__width-initial elementor-widget elementor-widget-hub_fancy_heading\" data-id=\"422d07d\" data-element_type=\"widget\" data-widget_type=\"hub_fancy_heading.default\">\n\t\t\t\t<div class=\"elementor-widget-container\">\n\t\t\t\t\t\n\t\t<div id=\"ld-fancy-heading-69e48f20d742c\" class=\"ld-fancy-heading pos-rel\">\n\t\t\t<p class=\"ld-fh-element d-inline-block pos-rel  lqd-highlight-classic lqd-highlight-grow-left p\"  > Do\u011fa Kompozit, 2024 y\u0131l\u0131nda Konya'da kurulmu\u015f olup, end\u00fcstriyel ambalaj malzemeleri alan\u0131nda faaliyet g\u00f6steren \u00f6nde gelen bir firmad\u0131r. Kompozit \u00e7emberler konusunda uzmanla\u015fm\u0131\u015f olup, y\u00fcksek kalitede \u00fcretim yapmaktad\u0131r. En ileri teknolojileri kullanarak \u00fcretilen \u00fcr\u00fcnleri, \u00f6zellikle y\u00fcksek gerilim direnci ve uzun \u00f6m\u00fcr gibi \u00f6zellikleriyle ambalaj sekt\u00f6r\u00fcnde tercih edilmektedir.\n\nS\u00fcrd\u00fcr\u00fclebilir \u00fcretim metodlar\u0131n\u0131 benimseyerek \u00e7evresel etkileri minimize etmeye b\u00fcy\u00fck \u00f6nem vermektedir. Bu ba\u011flamda, \u00e7evre dostu uygulamalar\u0131 ve s\u00fcrekli iyile\u015ftirme politikalar\u0131 ile sekt\u00f6rdeki di\u011fer firmalardan farkl\u0131la\u015fmay\u0131 ba\u015farmaktad\u0131r. M\u00fc\u015fteri memnuniyetini en \u00fcst d\u00fczeyde tutmak i\u00e7in kalite kontrol s\u00fcre\u00e7lerini s\u00fcrekli olarak g\u00fcncellemekte ve yenilik\u00e7i yakla\u015f\u0131mlar\u0131 ile pazarda lider konumunu korumaktad\u0131r. <br>\n<br>\nDo\u011fa Kompozit, Konya merkezli tesislerinden ba\u015flayarak t\u00fcm T\u00fcrkiye'ye da\u011f\u0131t\u0131m yapmaktad\u0131r. Firma, geni\u015f ve etkili bir da\u011f\u0131t\u0131m a\u011f\u0131na sahip olup, \u00fclkenin d\u00f6rt bir yan\u0131na kaliteli kompozit \u00e7emberlerini ula\u015ft\u0131rmaktad\u0131r. \u0130leri teknoloji kullan\u0131m\u0131 ve s\u00fcrekli iyile\u015ftirilen \u00fcretim s\u00fcre\u00e7leri, firma \u00fcr\u00fcnlerinin y\u00fcksek standartlarda kalmas\u0131n\u0131 ve m\u00fc\u015fteri memnuniyetini sa\u011flamas\u0131n\u0131 garantilemektedir.\n\nDo\u011fa Kompozit ayn\u0131 zamanda, gelecekte uluslararas\u0131 pazarlara a\u00e7\u0131lma hedefleri do\u011frultusunda stratejik planlar yapmaktad\u0131r. D\u0131\u015f ticaret konusunda yap\u0131lan haz\u0131rl\u0131klar ve uluslararas\u0131 standartlara uyum s\u00fcre\u00e7leri, firman\u0131n k\u00fcresel pazarda da rekabet\u00e7i bir oyuncu olmas\u0131n\u0131 hedeflemektedir. Bu geni\u015fleme planlar\u0131, Do\u011fa Kompozit'in sadece yerel de\u011fil, global bir marka olma vizyonunu peki\u015ftirmekte ve uluslararas\u0131 ticarette \u00f6nemli bir yer edinmesine olanak tan\u0131maktad\u0131r.<\/p>\t\t<\/div>\n\n\t\t\t\t\t\t<\/div>\n\t\t\t\t<\/div>\n\t\t\t\t\t<\/div>\n\t\t<\/div>\n\t\t\t\t\t<\/div>\n\t\t<\/section>\n\t\t\t\t\t<\/div>\n\t\t<\/div>\n\t\t\t\t\t<\/div>\n\t\t<\/section>\n\t\t\t\t<section class=\"elementor-section elementor-top-section elementor-element elementor-element-6a5ba73a elementor-section-full_width elementor-section-height-default elementor-section-height-default\" data-id=\"6a5ba73a\" data-element_type=\"section\">\n\t\t\t\t\t\t\t<div class=\"elementor-background-overlay\"><\/div>\n\t\t\t\t\t\t\t<div class=\"elementor-container elementor-column-gap-no\">\n\t\t\t\t\t<div class=\"elementor-column elementor-col-100 elementor-top-column elementor-element elementor-element-ef1d63d\" data-id=\"ef1d63d\" data-element_type=\"column\">\n\t\t\t<div class=\"elementor-widget-wrap elementor-element-populated\">\n\t\t\t\t\t\t<section class=\"elementor-section elementor-inner-section elementor-element elementor-element-7b22de07 elementor-section-boxed elementor-section-height-default elementor-section-height-default\" data-id=\"7b22de07\" data-element_type=\"section\">\n\t\t\t\t\t\t<div class=\"elementor-container elementor-column-gap-default\">\n\t\t\t\t\t<div class=\"elementor-column elementor-col-50 elementor-inner-column elementor-element elementor-element-19b9474d\" data-id=\"19b9474d\" data-element_type=\"column\">\n\t\t\t<div class=\"elementor-widget-wrap\">\n\t\t\t\t\t\t\t<\/div>\n\t\t<\/div>\n\t\t\t\t<div class=\"elementor-column elementor-col-50 elementor-inner-column elementor-element elementor-element-79828294\" data-id=\"79828294\" data-element_type=\"column\">\n\t\t\t<div class=\"elementor-widget-wrap\">\n\t\t\t\t\t\t\t<\/div>\n\t\t<\/div>\n\t\t\t\t\t<\/div>\n\t\t<\/section>\n\t\t\t\t\t<\/div>\n\t\t<\/div>\n\t\t\t\t\t<\/div>\n\t\t<\/section>\n\t\t\t\t<\/div>","protected":false},"excerpt":{"rendered":"<p>Hakk\u0131m\u0131zda Kurumsal Do\u011fa Kompozit, 2024 y\u0131l\u0131nda Konya&#8217;da kurulmu\u015f olup, end\u00fcstriyel ambalaj malzemeleri alan\u0131nda faaliyet g\u00f6steren \u00f6nde gelen bir firmad\u0131r. Kompozit \u00e7emberler konusunda uzmanla\u015fm\u0131\u015f olup, y\u00fcksek kalitede \u00fcretim yapmaktad\u0131r. En ileri teknolojileri kullanarak \u00fcretilen \u00fcr\u00fcnleri, \u00f6zellikle y\u00fcksek gerilim direnci ve uzun \u00f6m\u00fcr gibi \u00f6zellikleriyle ambalaj sekt\u00f6r\u00fcnde tercih edilmektedir. S\u00fcrd\u00fcr\u00fclebilir \u00fcretim metodlar\u0131n\u0131 benimseyerek \u00e7evresel etkileri minimize etmeye [&hellip;]<\/p>","protected":false},"author":1,"featured_media":0,"parent":0,"menu_order":0,"comment_status":"closed","ping_status":"closed","template":"","meta":{"inline_featured_image":false,"footnotes":""},"class_list":["post-550","page","type-page","status-publish","hentry"],"_links":{"self":[{"href":"https:\/\/dogakompozitcember.com\/uz\/wp-json\/wp\/v2\/pages\/550","targetHints":{"allow":["GET"]}}],"collection":[{"href":"https:\/\/dogakompozitcember.com\/uz\/wp-json\/wp\/v2\/pages"}],"about":[{"href":"https:\/\/dogakompozitcember.com\/uz\/wp-json\/wp\/v2\/types\/page"}],"author":[{"embeddable":true,"href":"https:\/\/dogakompozitcember.com\/uz\/wp-json\/wp\/v2\/users\/1"}],"replies":[{"embeddable":true,"href":"https:\/\/dogakompozitcember.com\/uz\/wp-json\/wp\/v2\/comments?post=550"}],"version-history":[{"count":0,"href":"https:\/\/dogakompozitcember.com\/uz\/wp-json\/wp\/v2\/pages\/550\/revisions"}],"wp:attachment":[{"href":"https:\/\/dogakompozitcember.com\/uz\/wp-json\/wp\/v2\/media?parent=550"}],"curies":[{"name":"wp","href":"https:\/\/api.w.org\/{rel}","templated":true}]}}