{"id":8881,"date":"2024-09-13T08:34:26","date_gmt":"2024-09-13T08:34:26","guid":{"rendered":"https:\/\/dogakompozitcember.com\/?post_type=product&#038;p=8881"},"modified":"2024-09-13T08:34:27","modified_gmt":"2024-09-13T08:34:27","slug":"16mm-x-070mm-x1-100m-polyester-cember-pet-yesil-cember-seridi","status":"publish","type":"product","link":"https:\/\/dogakompozitcember.com\/ru\/urun\/16mm-x-070mm-x1-100m-polyester-cember-pet-yesil-cember-seridi\/","title":{"rendered":"16mm x 070mm x1.100m Polyester \u00c7ember &#8211; Pet Ye\u015fil \u00c7ember \u015eeridi"},"content":{"rendered":"","protected":false},"excerpt":{"rendered":"<p><strong>16mm x070mmx 1100m POLYESTER \u00c7EMBER, PET \u00c7EMBER<\/strong><\/p>\n<p><strong>Polyester \u00e7ember, Pet ye\u015fil \u00e7ember, g\u00fcn\u00fcm\u00fczde \u00e7elik \u00e7emberlere alternatif olarak \u00e7e\u015fitli sekt\u00f6rde tercih edilmektedir. Maliyet olarak, a\u011f\u0131r palet \u00e7emberleme i\u00e7in en ekonomik \u00e7ember \u00e7e\u015fididir. Manuel \u00e7ember makinas\u0131, tokal\u0131 \u00e7ember makinas\u0131, \u015farjl\u0131 \u00e7ember makinas\u0131, ak\u00fcl\u00fc \u00e7ember makinas\u0131, haval\u0131 \u00e7ember makinas\u0131 ve otomatik hatl\u0131 \u00e7emberleme makinelerinde sorunsuz olarak kullan\u0131lmaktad\u0131r. Ye\u015fil polyester \u00e7ember, pet \u00e7ember \u00e7ok y\u00fcksek mukavemetlere ula\u015fabilmektedir. Tabloda g\u00f6sterilen \u00f6l\u00e7\u00fcler haricinde de \u00fcr\u00fcn numunenize g\u00f6re de\u011fi\u015fik \u00f6l\u00e7\u00fclerde \u00fcretim yap\u0131lmaktad\u0131r.<\/strong><\/p>\n<p>16mm 1100m Polyester \u00e7ember, Pet ye\u015fil \u00e7ember, g\u00fcn\u00fcm\u00fczde \u00e7elik \u00e7emberlere alternatif olarak \u00e7e\u015fitli sekt\u00f6rde tercih edilmektedir. 16mm Polyester \u00e7ember maliyet olarak, a\u011f\u0131r palet \u00e7emberleme i\u00e7in en ekonomik \u00e7ember \u00e7e\u015fididir. 16mm Pet \u00e7emberler manuel \u00e7ember makinas\u0131, tokal\u0131 polyester \u00e7ember makinas\u0131, \u015farjl\u0131 \u00e7ember makinas\u0131, ak\u00fcl\u00fc \u00e7ember makinas\u0131, haval\u0131 \u00e7ember makinas\u0131 ve otomatik hatl\u0131 \u00e7emberleme makinelerinde sorunsuz olarak kullan\u0131lmaktad\u0131r. 16mm Ye\u015fil polyester \u00e7ember, pet \u00e7ember \u00e7ok y\u00fcksek mukavemetlere ula\u015fabilmektedir. Standart polyester \u00e7ember \u00f6l\u00e7\u00fcleri haricinde de \u00fcr\u00fcn numunenize g\u00f6re de\u011fi\u015fik \u00f6l\u00e7\u00fclerde \u00fcretim yap\u0131lmaktad\u0131r.<\/p>\n<p>16mm Polyester \u00e7ember \u00fcretimi T\u00dcRK\u0130YE de yap\u0131lmaktad\u0131r. Polyester \u00c7ember sat\u0131\u015f\u0131 ve Polyester \u00e7ember fiyatlar\u0131 i\u00e7in l\u00fctfen firmam\u0131z ile ileti\u015fime ge\u00e7iniz.<\/p>","protected":false},"featured_media":8879,"comment_status":"open","ping_status":"closed","template":"","meta":{"inline_featured_image":false},"product_cat":[60],"product_tag":[],"class_list":{"0":"post-8881","1":"product","2":"type-product","3":"status-publish","4":"has-post-thumbnail","6":"product_cat-polyester-cember","8":"first","9":"instock","10":"shipping-taxable","11":"product-type-simple"},"_links":{"self":[{"href":"https:\/\/dogakompozitcember.com\/ru\/wp-json\/wp\/v2\/product\/8881","targetHints":{"allow":["GET"]}}],"collection":[{"href":"https:\/\/dogakompozitcember.com\/ru\/wp-json\/wp\/v2\/product"}],"about":[{"href":"https:\/\/dogakompozitcember.com\/ru\/wp-json\/wp\/v2\/types\/product"}],"replies":[{"embeddable":true,"href":"https:\/\/dogakompozitcember.com\/ru\/wp-json\/wp\/v2\/comments?post=8881"}],"wp:featuredmedia":[{"embeddable":true,"href":"https:\/\/dogakompozitcember.com\/ru\/wp-json\/wp\/v2\/media\/8879"}],"wp:attachment":[{"href":"https:\/\/dogakompozitcember.com\/ru\/wp-json\/wp\/v2\/media?parent=8881"}],"wp:term":[{"taxonomy":"product_cat","embeddable":true,"href":"https:\/\/dogakompozitcember.com\/ru\/wp-json\/wp\/v2\/product_cat?post=8881"},{"taxonomy":"product_tag","embeddable":true,"href":"https:\/\/dogakompozitcember.com\/ru\/wp-json\/wp\/v2\/product_tag?post=8881"}],"curies":[{"name":"wp","href":"https:\/\/api.w.org\/{rel}","templated":true}]}}