{"id":8874,"date":"2024-09-13T08:28:43","date_gmt":"2024-09-13T08:28:43","guid":{"rendered":"https:\/\/dogakompozitcember.com\/?post_type=product&#038;p=8874"},"modified":"2024-09-13T08:28:43","modified_gmt":"2024-09-13T08:28:43","slug":"plastik-cember-tasima-arabasi","status":"publish","type":"product","link":"https:\/\/dogakompozitcember.com\/ru\/urun\/plastik-cember-tasima-arabasi\/","title":{"rendered":"Plastik \u00c7ember Ta\u015f\u0131ma Arabas\u0131"},"content":{"rendered":"","protected":false},"excerpt":{"rendered":"","protected":false},"featured_media":8877,"comment_status":"open","ping_status":"closed","template":"","meta":{"inline_featured_image":false},"product_cat":[59],"product_tag":[],"class_list":{"0":"post-8874","1":"product","2":"type-product","3":"status-publish","4":"has-post-thumbnail","6":"product_cat-cember-tasima-arabasi","8":"first","9":"instock","10":"shipping-taxable","11":"product-type-simple"},"_links":{"self":[{"href":"https:\/\/dogakompozitcember.com\/ru\/wp-json\/wp\/v2\/product\/8874","targetHints":{"allow":["GET"]}}],"collection":[{"href":"https:\/\/dogakompozitcember.com\/ru\/wp-json\/wp\/v2\/product"}],"about":[{"href":"https:\/\/dogakompozitcember.com\/ru\/wp-json\/wp\/v2\/types\/product"}],"replies":[{"embeddable":true,"href":"https:\/\/dogakompozitcember.com\/ru\/wp-json\/wp\/v2\/comments?post=8874"}],"wp:featuredmedia":[{"embeddable":true,"href":"https:\/\/dogakompozitcember.com\/ru\/wp-json\/wp\/v2\/media\/8877"}],"wp:attachment":[{"href":"https:\/\/dogakompozitcember.com\/ru\/wp-json\/wp\/v2\/media?parent=8874"}],"wp:term":[{"taxonomy":"product_cat","embeddable":true,"href":"https:\/\/dogakompozitcember.com\/ru\/wp-json\/wp\/v2\/product_cat?post=8874"},{"taxonomy":"product_tag","embeddable":true,"href":"https:\/\/dogakompozitcember.com\/ru\/wp-json\/wp\/v2\/product_tag?post=8874"}],"curies":[{"name":"wp","href":"https:\/\/api.w.org\/{rel}","templated":true}]}}