{"id":8954,"date":"2024-10-17T08:55:08","date_gmt":"2024-10-17T08:55:08","guid":{"rendered":"https:\/\/dogakompozitcember.com\/?page_id=8954"},"modified":"2024-10-17T08:58:32","modified_gmt":"2024-10-17T08:58:32","slug":"kalite-belgeleri","status":"publish","type":"page","link":"https:\/\/dogakompozitcember.com\/ru\/kalite-belgeleri\/","title":{"rendered":"Kalite Belgeleri"},"content":{"rendered":"<div data-elementor-type=\"wp-page\" data-elementor-id=\"8954\" class=\"elementor elementor-8954\">\n\t\t\t\t\t\t<section class=\"elementor-section elementor-top-section elementor-element elementor-element-1afa31ff elementor-section-boxed elementor-section-height-default elementor-section-height-default\" data-id=\"1afa31ff\" data-element_type=\"section\" data-settings=\"{&quot;background_background&quot;:&quot;gradient&quot;,&quot;shape_divider_bottom&quot;:&quot;curve&quot;,&quot;shape_divider_bottom_negative&quot;:&quot;yes&quot;}\">\n\t\t\t\t\t<div class=\"elementor-shape elementor-shape-bottom\" data-negative=\"true\">\n\t\t\t<svg xmlns=\"http:\/\/www.w3.org\/2000\/svg\" viewbox=\"0 0 1000 100\" preserveaspectratio=\"none\">\n\t<path class=\"elementor-shape-fill\" d=\"M500,97C126.7,96.3,0.8,19.8,0,0v100l1000,0V1C1000,19.4,873.3,97.8,500,97z\"\/>\n<\/svg>\t\t<\/div>\n\t\t\t\t\t<div class=\"elementor-container elementor-column-gap-default\">\n\t\t\t\t\t<div class=\"elementor-column elementor-col-100 elementor-top-column elementor-element elementor-element-2d2d5745\" data-id=\"2d2d5745\" data-element_type=\"column\">\n\t\t\t<div class=\"elementor-widget-wrap elementor-element-populated\">\n\t\t\t\t\t\t<section class=\"elementor-section elementor-inner-section elementor-element elementor-element-27a5863f elementor-section-boxed elementor-section-height-default elementor-section-height-default\" data-id=\"27a5863f\" data-element_type=\"section\">\n\t\t\t\t\t\t<div class=\"elementor-container elementor-column-gap-default\">\n\t\t\t\t\t<div class=\"elementor-column elementor-col-100 elementor-inner-column elementor-element elementor-element-423605d4\" data-id=\"423605d4\" data-element_type=\"column\">\n\t\t\t<div class=\"elementor-widget-wrap elementor-element-populated\">\n\t\t\t\t\t\t<div class=\"elementor-element elementor-element-66c1e6f8 elementor-widget elementor-widget-hub_fancy_heading\" data-id=\"66c1e6f8\" data-element_type=\"widget\" data-widget_type=\"hub_fancy_heading.default\">\n\t\t\t\t<div class=\"elementor-widget-container\">\n\t\t\t\t\t\n\t\t<div id=\"ld-fancy-heading-69e4b6644d0a0\" class=\"ld-fancy-heading pos-rel\">\n\t\t\t<h1 class=\"ld-fh-element d-inline-block pos-rel  elementor-heading-title lqd-highlight-classic lqd-highlight-grow-left h1\"  > Kalite Belgeleri<\/h1>\t\t<\/div>\n\n\t\t\t\t\t\t<\/div>\n\t\t\t\t<\/div>\n\t\t\t\t<div class=\"elementor-element elementor-element-44972229 elementor-widget elementor-widget-ld_button\" data-id=\"44972229\" data-element_type=\"widget\" data-widget_type=\"ld_button.default\">\n\t\t\t\t<div class=\"elementor-widget-container\">\n\t\t\t\t\t\n\t\t\t<a\n\t\t\t\tclass=\"elementor-button btn btn-naked btn-icon-block btn-no-label\" data-localscroll=\"1\" data-localscroll-options=\"{&quot;scrollBelowSection&quot;:true}\" href=\"#\"\t\t\t>\n\t\t\t\t\t\t\t\t\t\t\t\t\t\t<span class=\"btn-icon\">\n\t\t\t\t\t\t\t<i aria-hidden=\"true\" class=\"lqd-icn-ess icon-ion-ios-arrow-down\"><\/i>\t\t\t\t\t\t<\/span>\n\t\t\t\t\t\t\t\t\t<\/a>\n\t\t\t\t\t\t\t<\/div>\n\t\t\t\t<\/div>\n\t\t\t\t\t<\/div>\n\t\t<\/div>\n\t\t\t\t\t<\/div>\n\t\t<\/section>\n\t\t\t\t<div class=\"elementor-element elementor-element-f63b130 elementor-widget elementor-widget-ld_carousel\" data-id=\"f63b130\" data-element_type=\"widget\" data-widget_type=\"ld_carousel.default\">\n\t\t\t\t<div class=\"elementor-widget-container\">\n\t\t\t\t\t\n\t\t<div class=\"carousel-container pos-rel carousel-nav-shaped\" id=\"\" >\n\n\t\t\t<div class=\"carousel-items pos-rel lqd-fade-sides\"  data-lqd-flickity='{\"marquee\":true,\"pauseAutoPlayOnHover\":true,\"equalHeightCells\":true,\"middleAlignContent\":true,\"marqueeTickerSpeed\":\"1\"}'>\n\n\t\t\t\t\t\t\t\t<div class=\"flickity-viewport pos-rel w-100 overflow-hidden\">\n\t\t\t\t\t<div class=\"flickity-slider d-flex w-100 h-100 pos-rel\" style=\"left: 0; transform: translateX(0%);\">\n\t\t\t\t\t\t\t\t\t\t\t\t\t<div class=\"carousel-item d-flex flex-column justify-content-center align-items-center elementor-repeater-item-2d6812b\">\n\t\t\t\t\t\t\t\t<div class=\"carousel-item-inner pos-rel w-100\">\n\t\t\t\t\t\t\t\t\t<div class=\"carousel-item-content pos-rel w-100\">\n\n\t\t\t\t\t\t\t\t\t\t<p><img decoding=\"async\" class=\"alignnone size-medium wp-image-6827\" src=\"http:\/\/dogakompozitcember.com\/wp-content\/uploads\/2024\/07\/Untitled-1-01-300x153.png\" alt=\"\" width=\"300\" height=\"153\" \/><\/p>\t\t\t\t\t\t\t\t\t<\/div>\n\t\t\t\t\t\t\t\t<\/div>\n\t\t\t\t\t\t\t<\/div>\n\t\t\t\t\t\t\t\t\t\t\t\t\t<div class=\"carousel-item d-flex flex-column justify-content-center align-items-center elementor-repeater-item-e3795f7\">\n\t\t\t\t\t\t\t\t<div class=\"carousel-item-inner pos-rel w-100\">\n\t\t\t\t\t\t\t\t\t<div class=\"carousel-item-content pos-rel w-100\">\n\n\t\t\t\t\t\t\t\t\t\t<p><img decoding=\"async\" class=\"alignnone size-medium wp-image-6828\" src=\"http:\/\/dogakompozitcember.com\/wp-content\/uploads\/2024\/07\/Untitled-1-02-300x152.png\" alt=\"\" width=\"300\" height=\"152\" \/><\/p>\t\t\t\t\t\t\t\t\t<\/div>\n\t\t\t\t\t\t\t\t<\/div>\n\t\t\t\t\t\t\t<\/div>\n\t\t\t\t\t\t\t\t\t\t\t\t\t<div class=\"carousel-item d-flex flex-column justify-content-center align-items-center elementor-repeater-item-0535666\">\n\t\t\t\t\t\t\t\t<div class=\"carousel-item-inner pos-rel w-100\">\n\t\t\t\t\t\t\t\t\t<div class=\"carousel-item-content pos-rel w-100\">\n\n\t\t\t\t\t\t\t\t\t\t<p><img decoding=\"async\" class=\"alignnone size-medium wp-image-6829\" src=\"http:\/\/dogakompozitcember.com\/wp-content\/uploads\/2024\/07\/Untitled-1-03-300x152.png\" alt=\"\" width=\"300\" height=\"152\" \/><\/p>\t\t\t\t\t\t\t\t\t<\/div>\n\t\t\t\t\t\t\t\t<\/div>\n\t\t\t\t\t\t\t<\/div>\n\t\t\t\t\t\t\t\t\t\t\t\t\t<div class=\"carousel-item d-flex flex-column justify-content-center align-items-center elementor-repeater-item-0a35e1d\">\n\t\t\t\t\t\t\t\t<div class=\"carousel-item-inner pos-rel w-100\">\n\t\t\t\t\t\t\t\t\t<div class=\"carousel-item-content pos-rel w-100\">\n\n\t\t\t\t\t\t\t\t\t\t<p><img loading=\"lazy\" decoding=\"async\" class=\"alignnone size-medium wp-image-6831\" src=\"http:\/\/dogakompozitcember.com\/wp-content\/uploads\/2024\/07\/Untitled-1-05-300x152.png\" alt=\"\" width=\"300\" height=\"152\" \/><\/p>\t\t\t\t\t\t\t\t\t<\/div>\n\t\t\t\t\t\t\t\t<\/div>\n\t\t\t\t\t\t\t<\/div>\n\t\t\t\t\t\t\t\t\t\t\t\t\t<div class=\"carousel-item d-flex flex-column justify-content-center align-items-center elementor-repeater-item-395afae\">\n\t\t\t\t\t\t\t\t<div class=\"carousel-item-inner pos-rel w-100\">\n\t\t\t\t\t\t\t\t\t<div class=\"carousel-item-content pos-rel w-100\">\n\n\t\t\t\t\t\t\t\t\t\t<p><img loading=\"lazy\" decoding=\"async\" class=\"alignnone size-medium wp-image-6832\" src=\"http:\/\/dogakompozitcember.com\/wp-content\/uploads\/2024\/07\/Untitled-1-06-300x152.png\" alt=\"\" width=\"300\" height=\"152\" \/><\/p>\t\t\t\t\t\t\t\t\t<\/div>\n\t\t\t\t\t\t\t\t<\/div>\n\t\t\t\t\t\t\t<\/div>\n\t\t\t\t\t\t\t\t\t\t\t\t\t<div class=\"carousel-item d-flex flex-column justify-content-center align-items-center elementor-repeater-item-b84a380\">\n\t\t\t\t\t\t\t\t<div class=\"carousel-item-inner pos-rel w-100\">\n\t\t\t\t\t\t\t\t\t<div class=\"carousel-item-content pos-rel w-100\">\n\n\t\t\t\t\t\t\t\t\t\t<p><img loading=\"lazy\" decoding=\"async\" class=\"alignnone size-medium wp-image-6833\" src=\"http:\/\/dogakompozitcember.com\/wp-content\/uploads\/2024\/07\/Untitled-1-07-300x152.png\" alt=\"\" width=\"300\" height=\"152\" \/><\/p>\t\t\t\t\t\t\t\t\t<\/div>\n\t\t\t\t\t\t\t\t<\/div>\n\t\t\t\t\t\t\t<\/div>\n\t\t\t\t\t\t\t\t\t\t\t\t\t<div class=\"carousel-item d-flex flex-column justify-content-center align-items-center elementor-repeater-item-8e2528a\">\n\t\t\t\t\t\t\t\t<div class=\"carousel-item-inner pos-rel w-100\">\n\t\t\t\t\t\t\t\t\t<div class=\"carousel-item-content pos-rel w-100\">\n\n\t\t\t\t\t\t\t\t\t\t<p><img loading=\"lazy\" decoding=\"async\" class=\"alignnone size-medium wp-image-6834\" src=\"http:\/\/dogakompozitcember.com\/wp-content\/uploads\/2024\/07\/Untitled-1-08-300x152.png\" alt=\"\" width=\"300\" height=\"152\" \/><\/p>\t\t\t\t\t\t\t\t\t<\/div>\n\t\t\t\t\t\t\t\t<\/div>\n\t\t\t\t\t\t\t<\/div>\n\t\t\t\t\t\t\t\t\t\t\t\t\t<div class=\"carousel-item d-flex flex-column justify-content-center align-items-center elementor-repeater-item-ecbb76c\">\n\t\t\t\t\t\t\t\t<div class=\"carousel-item-inner pos-rel w-100\">\n\t\t\t\t\t\t\t\t\t<div class=\"carousel-item-content pos-rel w-100\">\n\n\t\t\t\t\t\t\t\t\t\t<p><img loading=\"lazy\" decoding=\"async\" class=\"alignnone size-medium wp-image-6835\" src=\"http:\/\/dogakompozitcember.com\/wp-content\/uploads\/2024\/07\/Untitled-1-09-300x152.png\" alt=\"\" width=\"300\" height=\"152\" \/><\/p>\t\t\t\t\t\t\t\t\t<\/div>\n\t\t\t\t\t\t\t\t<\/div>\n\t\t\t\t\t\t\t<\/div>\n\t\t\t\t\t\t\t\t\t\t\t\t\t<div class=\"carousel-item d-flex flex-column justify-content-center align-items-center elementor-repeater-item-cc85f9d\">\n\t\t\t\t\t\t\t\t<div class=\"carousel-item-inner pos-rel w-100\">\n\t\t\t\t\t\t\t\t\t<div class=\"carousel-item-content pos-rel w-100\">\n\n\t\t\t\t\t\t\t\t\t\t<p><img loading=\"lazy\" decoding=\"async\" class=\"alignnone size-medium wp-image-6836\" src=\"http:\/\/dogakompozitcember.com\/wp-content\/uploads\/2024\/07\/Untitled-1-10-300x155.png\" alt=\"\" width=\"300\" height=\"155\" \/><\/p>\t\t\t\t\t\t\t\t\t<\/div>\n\t\t\t\t\t\t\t\t<\/div>\n\t\t\t\t\t\t\t<\/div>\n\t\t\t\t\t\t\t\t\t\t\t\t\t<div class=\"carousel-item d-flex flex-column justify-content-center align-items-center elementor-repeater-item-2889b6c\">\n\t\t\t\t\t\t\t\t<div class=\"carousel-item-inner pos-rel w-100\">\n\t\t\t\t\t\t\t\t\t<div class=\"carousel-item-content pos-rel w-100\">\n\n\t\t\t\t\t\t\t\t\t\t<p><img loading=\"lazy\" decoding=\"async\" class=\"alignnone size-medium wp-image-6837\" src=\"http:\/\/dogakompozitcember.com\/wp-content\/uploads\/2024\/07\/Untitled-1-11-300x152.png\" alt=\"\" width=\"300\" height=\"152\" \/><\/p>\t\t\t\t\t\t\t\t\t<\/div>\n\t\t\t\t\t\t\t\t<\/div>\n\t\t\t\t\t\t\t<\/div>\n\t\t\t\t\t\t\t\t\t\t\t\t\t<div class=\"carousel-item d-flex flex-column justify-content-center align-items-center elementor-repeater-item-fb8b1f1\">\n\t\t\t\t\t\t\t\t<div class=\"carousel-item-inner pos-rel w-100\">\n\t\t\t\t\t\t\t\t\t<div class=\"carousel-item-content pos-rel w-100\">\n\n\t\t\t\t\t\t\t\t\t\t<p><img loading=\"lazy\" decoding=\"async\" class=\"alignnone size-medium wp-image-6838\" src=\"http:\/\/dogakompozitcember.com\/wp-content\/uploads\/2024\/07\/Untitled-1-12-300x152.png\" alt=\"\" width=\"300\" height=\"152\" \/><\/p>\t\t\t\t\t\t\t\t\t<\/div>\n\t\t\t\t\t\t\t\t<\/div>\n\t\t\t\t\t\t\t<\/div>\n\t\t\t\t\t\t\t\t\t\t\t\t\t<div class=\"carousel-item d-flex flex-column justify-content-center align-items-center elementor-repeater-item-b558ce5\">\n\t\t\t\t\t\t\t\t<div class=\"carousel-item-inner pos-rel w-100\">\n\t\t\t\t\t\t\t\t\t<div class=\"carousel-item-content pos-rel w-100\">\n\n\t\t\t\t\t\t\t\t\t\t<p><img loading=\"lazy\" decoding=\"async\" class=\"alignnone size-medium wp-image-6839\" src=\"http:\/\/dogakompozitcember.com\/wp-content\/uploads\/2024\/07\/Untitled-1-13-300x152.png\" alt=\"\" width=\"300\" height=\"152\" \/><\/p>\t\t\t\t\t\t\t\t\t<\/div>\n\t\t\t\t\t\t\t\t<\/div>\n\t\t\t\t\t\t\t<\/div>\n\t\t\t\t\t\t\t\t\t\t\t\t\t<div class=\"carousel-item d-flex flex-column justify-content-center align-items-center elementor-repeater-item-5fb1e64\">\n\t\t\t\t\t\t\t\t<div class=\"carousel-item-inner pos-rel w-100\">\n\t\t\t\t\t\t\t\t\t<div class=\"carousel-item-content pos-rel w-100\">\n\n\t\t\t\t\t\t\t\t\t\t<p><img loading=\"lazy\" decoding=\"async\" class=\"alignnone size-medium wp-image-6852\" src=\"http:\/\/dogakompozitcember.com\/wp-content\/uploads\/2024\/07\/Untitled-1-14-1-300x152.png\" alt=\"\" width=\"300\" height=\"152\" \/><\/p>\t\t\t\t\t\t\t\t\t<\/div>\n\t\t\t\t\t\t\t\t<\/div>\n\t\t\t\t\t\t\t<\/div>\n\t\t\t\t\t\t\t\t\t\t\t\t\t<div class=\"carousel-item d-flex flex-column justify-content-center align-items-center elementor-repeater-item-11954c6\">\n\t\t\t\t\t\t\t\t<div class=\"carousel-item-inner pos-rel w-100\">\n\t\t\t\t\t\t\t\t\t<div class=\"carousel-item-content pos-rel w-100\">\n\n\t\t\t\t\t\t\t\t\t\t<p><img loading=\"lazy\" decoding=\"async\" class=\"alignnone size-medium wp-image-6843\" src=\"http:\/\/dogakompozitcember.com\/wp-content\/uploads\/2024\/07\/Untitled-1-15-1-300x152.png\" alt=\"\" width=\"300\" height=\"152\" \/><\/p>\t\t\t\t\t\t\t\t\t<\/div>\n\t\t\t\t\t\t\t\t<\/div>\n\t\t\t\t\t\t\t<\/div>\n\t\t\t\t\t\t\t\t\t\t\t\t\t<div class=\"carousel-item d-flex flex-column justify-content-center align-items-center elementor-repeater-item-59cd8e9\">\n\t\t\t\t\t\t\t\t<div class=\"carousel-item-inner pos-rel w-100\">\n\t\t\t\t\t\t\t\t\t<div class=\"carousel-item-content pos-rel w-100\">\n\n\t\t\t\t\t\t\t\t\t\t<p><img loading=\"lazy\" decoding=\"async\" class=\"alignnone size-medium wp-image-6842\" src=\"http:\/\/dogakompozitcember.com\/wp-content\/uploads\/2024\/07\/Untitled-1-16-300x152.png\" alt=\"\" width=\"300\" height=\"152\" \/><\/p>\t\t\t\t\t\t\t\t\t<\/div>\n\t\t\t\t\t\t\t\t<\/div>\n\t\t\t\t\t\t\t<\/div>\n\t\t\t\t\t\t\t\t\t\t\t\t\t<div class=\"carousel-item d-flex flex-column justify-content-center align-items-center elementor-repeater-item-0178889\">\n\t\t\t\t\t\t\t\t<div class=\"carousel-item-inner pos-rel w-100\">\n\t\t\t\t\t\t\t\t\t<div class=\"carousel-item-content pos-rel w-100\">\n\n\t\t\t\t\t\t\t\t\t\t<p><img loading=\"lazy\" decoding=\"async\" class=\"alignnone size-medium wp-image-6844\" src=\"http:\/\/dogakompozitcember.com\/wp-content\/uploads\/2024\/07\/Untitled-1-17-300x152.png\" alt=\"\" width=\"300\" height=\"152\" \/><\/p>\t\t\t\t\t\t\t\t\t<\/div>\n\t\t\t\t\t\t\t\t<\/div>\n\t\t\t\t\t\t\t<\/div>\n\t\t\t\t\t\t\t\t\t\t\t\t\t<div class=\"carousel-item d-flex flex-column justify-content-center align-items-center elementor-repeater-item-20f4423\">\n\t\t\t\t\t\t\t\t<div class=\"carousel-item-inner pos-rel w-100\">\n\t\t\t\t\t\t\t\t\t<div class=\"carousel-item-content pos-rel w-100\">\n\n\t\t\t\t\t\t\t\t\t\t<p><img loading=\"lazy\" decoding=\"async\" class=\"alignnone size-medium wp-image-6845\" src=\"http:\/\/dogakompozitcember.com\/wp-content\/uploads\/2024\/07\/Untitled-1-18-300x152.png\" alt=\"\" width=\"300\" height=\"152\" \/><\/p>\t\t\t\t\t\t\t\t\t<\/div>\n\t\t\t\t\t\t\t\t<\/div>\n\t\t\t\t\t\t\t<\/div>\n\t\t\t\t\t\t\t\t\t\t\t\t\t<div class=\"carousel-item d-flex flex-column justify-content-center align-items-center elementor-repeater-item-6d3fb32\">\n\t\t\t\t\t\t\t\t<div class=\"carousel-item-inner pos-rel w-100\">\n\t\t\t\t\t\t\t\t\t<div class=\"carousel-item-content pos-rel w-100\">\n\n\t\t\t\t\t\t\t\t\t\t<p><img loading=\"lazy\" decoding=\"async\" class=\"alignnone size-medium wp-image-6846\" src=\"http:\/\/dogakompozitcember.com\/wp-content\/uploads\/2024\/07\/Untitled-1-19-300x152.png\" alt=\"\" width=\"300\" height=\"152\" \/><\/p>\t\t\t\t\t\t\t\t\t<\/div>\n\t\t\t\t\t\t\t\t<\/div>\n\t\t\t\t\t\t\t<\/div>\n\t\t\t\t\t\t\t\t\t\t\t\t\t<div class=\"carousel-item d-flex flex-column justify-content-center align-items-center elementor-repeater-item-555c6ed\">\n\t\t\t\t\t\t\t\t<div class=\"carousel-item-inner pos-rel w-100\">\n\t\t\t\t\t\t\t\t\t<div class=\"carousel-item-content pos-rel w-100\">\n\n\t\t\t\t\t\t\t\t\t\t<p><img loading=\"lazy\" decoding=\"async\" class=\"alignnone size-medium wp-image-6847\" src=\"http:\/\/dogakompozitcember.com\/wp-content\/uploads\/2024\/07\/Untitled-1-20-300x152.png\" alt=\"\" width=\"300\" height=\"152\" \/><\/p>\t\t\t\t\t\t\t\t\t<\/div>\n\t\t\t\t\t\t\t\t<\/div>\n\t\t\t\t\t\t\t<\/div>\n\t\t\t\t\t\t\t\t\t\t\t\t\t<div class=\"carousel-item d-flex flex-column justify-content-center align-items-center elementor-repeater-item-ad90488\">\n\t\t\t\t\t\t\t\t<div class=\"carousel-item-inner pos-rel w-100\">\n\t\t\t\t\t\t\t\t\t<div class=\"carousel-item-content pos-rel w-100\">\n\n\t\t\t\t\t\t\t\t\t\t<p><img loading=\"lazy\" decoding=\"async\" class=\"alignnone size-medium wp-image-6848\" src=\"http:\/\/dogakompozitcember.com\/wp-content\/uploads\/2024\/07\/Untitled-1-21-300x152.png\" alt=\"\" width=\"300\" height=\"152\" \/><\/p>\t\t\t\t\t\t\t\t\t<\/div>\n\t\t\t\t\t\t\t\t<\/div>\n\t\t\t\t\t\t\t<\/div>\n\t\t\t\t\t\t\t\t\t\t\t\t\t<div class=\"carousel-item d-flex flex-column justify-content-center align-items-center elementor-repeater-item-9624900\">\n\t\t\t\t\t\t\t\t<div class=\"carousel-item-inner pos-rel w-100\">\n\t\t\t\t\t\t\t\t\t<div class=\"carousel-item-content pos-rel w-100\">\n\n\t\t\t\t\t\t\t\t\t\t<p><img loading=\"lazy\" decoding=\"async\" class=\"alignnone size-medium wp-image-6849\" src=\"http:\/\/dogakompozitcember.com\/wp-content\/uploads\/2024\/07\/Untitled-1-22-300x152.png\" alt=\"\" width=\"300\" height=\"152\" \/><\/p>\t\t\t\t\t\t\t\t\t<\/div>\n\t\t\t\t\t\t\t\t<\/div>\n\t\t\t\t\t\t\t<\/div>\n\t\t\t\t\t\t\t\t\t\t\t\t\t<div class=\"carousel-item d-flex flex-column justify-content-center align-items-center elementor-repeater-item-7820eab\">\n\t\t\t\t\t\t\t\t<div class=\"carousel-item-inner pos-rel w-100\">\n\t\t\t\t\t\t\t\t\t<div class=\"carousel-item-content pos-rel w-100\">\n\n\t\t\t\t\t\t\t\t\t\t<p><img loading=\"lazy\" decoding=\"async\" class=\"alignnone size-medium wp-image-6850\" src=\"http:\/\/dogakompozitcember.com\/wp-content\/uploads\/2024\/07\/Untitled-1-23-300x152.png\" alt=\"\" width=\"300\" height=\"152\" \/><\/p>\t\t\t\t\t\t\t\t\t<\/div>\n\t\t\t\t\t\t\t\t<\/div>\n\t\t\t\t\t\t\t<\/div>\n\t\t\t\t\t\t\t\t\t\t\t\t\t<div class=\"carousel-item d-flex flex-column justify-content-center align-items-center elementor-repeater-item-ed9c4b9\">\n\t\t\t\t\t\t\t\t<div class=\"carousel-item-inner pos-rel w-100\">\n\t\t\t\t\t\t\t\t\t<div class=\"carousel-item-content pos-rel w-100\">\n\n\t\t\t\t\t\t\t\t\t\t<p><img loading=\"lazy\" decoding=\"async\" class=\"alignnone size-medium wp-image-6851\" src=\"http:\/\/dogakompozitcember.com\/wp-content\/uploads\/2024\/07\/Untitled-1-24-300x152.png\" alt=\"\" width=\"300\" height=\"152\" \/><\/p>\t\t\t\t\t\t\t\t\t<\/div>\n\t\t\t\t\t\t\t\t<\/div>\n\t\t\t\t\t\t\t<\/div>\n\t\t\t\t\t\t\t\t\t\t\t<\/div>\n\t\t\t\t<\/div>\n\t\t\t<\/div>\n\t\t\t\n\t\t\t\n\t\t<\/div>\n\t\t\t\t\t\t<\/div>\n\t\t\t\t<\/div>\n\t\t\t\t\t<\/div>\n\t\t<\/div>\n\t\t\t\t\t<\/div>\n\t\t<\/section>\n\t\t<div class=\"elementor-element elementor-element-a8338e9 e-flex e-con-boxed e-con e-parent\" data-id=\"a8338e9\" data-element_type=\"container\">\n\t\t\t\t\t<div class=\"e-con-inner\">\n\t\t<div class=\"elementor-element elementor-element-efbeddc e-con-full e-flex e-con e-child\" data-id=\"efbeddc\" data-element_type=\"container\">\n\t\t\t\t<div class=\"elementor-element elementor-element-c727dfd elementor-widget elementor-widget-image\" data-id=\"c727dfd\" data-element_type=\"widget\" data-widget_type=\"image.default\">\n\t\t\t\t<div class=\"elementor-widget-container\">\n\t\t\t\t\t\t\t\t\t\t\t\t\t\t\t\t<a href=\"http:\/\/dogakompozitcember.com\/wp-content\/uploads\/2024\/10\/iso-9001.png\" data-elementor-open-lightbox=\"yes\" data-elementor-lightbox-title=\"iso-9001\" data-e-action-hash=\"#elementor-action%3Aaction%3Dlightbox%26settings%3DeyJpZCI6ODk1OCwidXJsIjoiaHR0cHM6XC9cL2RvZ2Frb21wb3ppdGNlbWJlci5jb21cL3dwLWNvbnRlbnRcL3VwbG9hZHNcLzIwMjRcLzEwXC9pc28tOTAwMS5wbmcifQ%3D%3D\">\n\t\t\t\t\t\t\t<img loading=\"lazy\" decoding=\"async\" width=\"725\" height=\"1024\" src=\"https:\/\/dogakompozitcember.com\/wp-content\/uploads\/2024\/10\/iso-9001-725x1024.png\" class=\"attachment-large size-large wp-image-8958\" alt=\"\" srcset=\"https:\/\/dogakompozitcember.com\/wp-content\/uploads\/2024\/10\/iso-9001-725x1024.png 725w, https:\/\/dogakompozitcember.com\/wp-content\/uploads\/2024\/10\/iso-9001-212x300.png 212w, https:\/\/dogakompozitcember.com\/wp-content\/uploads\/2024\/10\/iso-9001-600x848.png 600w, https:\/\/dogakompozitcember.com\/wp-content\/uploads\/2024\/10\/iso-9001.png 1000w\" sizes=\"(max-width: 725px) 100vw, 725px\" \/>\t\t\t\t\t\t\t\t<\/a>\n\t\t\t\t\t\t\t\t\t\t\t\t\t\t\t<\/div>\n\t\t\t\t<\/div>\n\t\t\t\t<\/div>\n\t\t<div class=\"elementor-element elementor-element-9e317dc e-con-full e-flex e-con e-child\" data-id=\"9e317dc\" data-element_type=\"container\">\n\t\t\t\t<div class=\"elementor-element elementor-element-5987f29 elementor-widget elementor-widget-image\" data-id=\"5987f29\" data-element_type=\"widget\" data-widget_type=\"image.default\">\n\t\t\t\t<div class=\"elementor-widget-container\">\n\t\t\t\t\t\t\t\t\t\t\t\t\t\t\t\t<a href=\"http:\/\/dogakompozitcember.com\/wp-content\/uploads\/2024\/10\/iso-14001.png\" data-elementor-open-lightbox=\"yes\" data-elementor-lightbox-title=\"iso-14001\" data-e-action-hash=\"#elementor-action%3Aaction%3Dlightbox%26settings%3DeyJpZCI6ODk2MCwidXJsIjoiaHR0cHM6XC9cL2RvZ2Frb21wb3ppdGNlbWJlci5jb21cL3dwLWNvbnRlbnRcL3VwbG9hZHNcLzIwMjRcLzEwXC9pc28tMTQwMDEucG5nIn0%3D\">\n\t\t\t\t\t\t\t<img loading=\"lazy\" decoding=\"async\" width=\"725\" height=\"1024\" src=\"data:image\/svg+xml;charset=utf-8,%3Csvg xmlns%3D&#039;http%3A%2F%2Fwww.w3.org%2F2000%2Fsvg&#039; viewBox%3D&#039;0 0  &#039;%2F%3E\" class=\"attachment-large size-large wp-image-8960 ld-lazyload\" alt=\"\" data-src=\"https:\/\/dogakompozitcember.com\/wp-content\/uploads\/2024\/10\/iso-14001-725x1024.png\" data-srcset=\"https:\/\/dogakompozitcember.com\/wp-content\/uploads\/2024\/10\/iso-14001-725x1024.png 725w, https:\/\/dogakompozitcember.com\/wp-content\/uploads\/2024\/10\/iso-14001-212x300.png 212w, https:\/\/dogakompozitcember.com\/wp-content\/uploads\/2024\/10\/iso-14001-600x848.png 600w, https:\/\/dogakompozitcember.com\/wp-content\/uploads\/2024\/10\/iso-14001.png 1000w\" data-sizes=\"(max-width: 725px) 100vw, 725px\" data-aspect=\"\" \/>\t\t\t\t\t\t\t\t<\/a>\n\t\t\t\t\t\t\t\t\t\t\t\t\t\t\t<\/div>\n\t\t\t\t<\/div>\n\t\t\t\t<\/div>\n\t\t<div class=\"elementor-element elementor-element-45553e9 e-con-full e-flex e-con e-child\" data-id=\"45553e9\" data-element_type=\"container\">\n\t\t\t\t<div class=\"elementor-element elementor-element-a9e87d7 elementor-widget elementor-widget-image\" data-id=\"a9e87d7\" data-element_type=\"widget\" data-widget_type=\"image.default\">\n\t\t\t\t<div class=\"elementor-widget-container\">\n\t\t\t\t\t\t\t\t\t\t\t\t\t\t\t\t<a href=\"http:\/\/dogakompozitcember.com\/wp-content\/uploads\/2024\/10\/iso-45001.png\" data-elementor-open-lightbox=\"yes\" data-elementor-lightbox-title=\"iso-45001\" data-e-action-hash=\"#elementor-action%3Aaction%3Dlightbox%26settings%3DeyJpZCI6ODk1OSwidXJsIjoiaHR0cHM6XC9cL2RvZ2Frb21wb3ppdGNlbWJlci5jb21cL3dwLWNvbnRlbnRcL3VwbG9hZHNcLzIwMjRcLzEwXC9pc28tNDUwMDEucG5nIn0%3D\">\n\t\t\t\t\t\t\t<img loading=\"lazy\" decoding=\"async\" width=\"725\" height=\"1024\" src=\"data:image\/svg+xml;charset=utf-8,%3Csvg xmlns%3D&#039;http%3A%2F%2Fwww.w3.org%2F2000%2Fsvg&#039; viewBox%3D&#039;0 0  &#039;%2F%3E\" class=\"attachment-large size-large wp-image-8959 ld-lazyload\" alt=\"\" data-src=\"https:\/\/dogakompozitcember.com\/wp-content\/uploads\/2024\/10\/iso-45001-725x1024.png\" data-srcset=\"https:\/\/dogakompozitcember.com\/wp-content\/uploads\/2024\/10\/iso-45001-725x1024.png 725w, https:\/\/dogakompozitcember.com\/wp-content\/uploads\/2024\/10\/iso-45001-212x300.png 212w, https:\/\/dogakompozitcember.com\/wp-content\/uploads\/2024\/10\/iso-45001-600x848.png 600w, https:\/\/dogakompozitcember.com\/wp-content\/uploads\/2024\/10\/iso-45001.png 1000w\" data-sizes=\"(max-width: 725px) 100vw, 725px\" data-aspect=\"\" \/>\t\t\t\t\t\t\t\t<\/a>\n\t\t\t\t\t\t\t\t\t\t\t\t\t\t\t<\/div>\n\t\t\t\t<\/div>\n\t\t\t\t<\/div>\n\t\t\t\t\t<\/div>\n\t\t\t\t<\/div>\n\t\t\t\t<section class=\"elementor-section elementor-top-section elementor-element elementor-element-6a5ba73a elementor-section-full_width elementor-section-height-default elementor-section-height-default\" data-id=\"6a5ba73a\" data-element_type=\"section\">\n\t\t\t\t\t\t\t<div class=\"elementor-background-overlay\"><\/div>\n\t\t\t\t\t\t\t<div class=\"elementor-container elementor-column-gap-no\">\n\t\t\t\t\t<div class=\"elementor-column elementor-col-100 elementor-top-column elementor-element elementor-element-ef1d63d\" data-id=\"ef1d63d\" data-element_type=\"column\">\n\t\t\t<div class=\"elementor-widget-wrap elementor-element-populated\">\n\t\t\t\t\t\t<section class=\"elementor-section elementor-inner-section elementor-element elementor-element-7b22de07 elementor-section-boxed elementor-section-height-default elementor-section-height-default\" data-id=\"7b22de07\" data-element_type=\"section\">\n\t\t\t\t\t\t<div class=\"elementor-container elementor-column-gap-default\">\n\t\t\t\t\t<div class=\"elementor-column elementor-col-50 elementor-inner-column elementor-element elementor-element-19b9474d\" data-id=\"19b9474d\" data-element_type=\"column\">\n\t\t\t<div class=\"elementor-widget-wrap\">\n\t\t\t\t\t\t\t<\/div>\n\t\t<\/div>\n\t\t\t\t<div class=\"elementor-column elementor-col-50 elementor-inner-column elementor-element elementor-element-79828294\" data-id=\"79828294\" data-element_type=\"column\">\n\t\t\t<div class=\"elementor-widget-wrap\">\n\t\t\t\t\t\t\t<\/div>\n\t\t<\/div>\n\t\t\t\t\t<\/div>\n\t\t<\/section>\n\t\t\t\t\t<\/div>\n\t\t<\/div>\n\t\t\t\t\t<\/div>\n\t\t<\/section>\n\t\t\t\t<\/div>","protected":false},"excerpt":{"rendered":"<p>Kalite Belgeleri Vizyonumuz Do\u011fa Kompozit \u00c7ember olarak, kompozit \u00e7ember sekt\u00f6r\u00fcnde yenilik\u00e7i \u00e7\u00f6z\u00fcmler sunan, \u00e7evreye duyarl\u0131 ve global \u00f6l\u00e7ekte lider bir marka olmay\u0131 hedefliyoruz. Vizyonumuz, kalite, g\u00fcvenilirlik ve s\u00fcrd\u00fcr\u00fclebilirlik prensipleri do\u011frultusunda sekt\u00f6rde \u00e7\u0131tay\u0131 y\u00fckselterek, m\u00fc\u015fterilerimize de\u011fer katan \u00e7\u00f6z\u00fcmler \u00fcretmektir.\u200b Misyonumuz Misyonumuz, m\u00fc\u015fteri odakl\u0131 yakla\u015f\u0131m\u0131m\u0131z ile en y\u00fcksek kalite standartlar\u0131nda kompozit \u00e7ember \u00fcretimi ger\u00e7ekle\u015ftirmek, sekt\u00f6rde yenilik\u00e7i ve [&hellip;]<\/p>","protected":false},"author":1,"featured_media":0,"parent":0,"menu_order":0,"comment_status":"closed","ping_status":"closed","template":"","meta":{"inline_featured_image":false,"footnotes":""},"class_list":["post-8954","page","type-page","status-publish","hentry"],"_links":{"self":[{"href":"https:\/\/dogakompozitcember.com\/ru\/wp-json\/wp\/v2\/pages\/8954","targetHints":{"allow":["GET"]}}],"collection":[{"href":"https:\/\/dogakompozitcember.com\/ru\/wp-json\/wp\/v2\/pages"}],"about":[{"href":"https:\/\/dogakompozitcember.com\/ru\/wp-json\/wp\/v2\/types\/page"}],"author":[{"embeddable":true,"href":"https:\/\/dogakompozitcember.com\/ru\/wp-json\/wp\/v2\/users\/1"}],"replies":[{"embeddable":true,"href":"https:\/\/dogakompozitcember.com\/ru\/wp-json\/wp\/v2\/comments?post=8954"}],"version-history":[{"count":0,"href":"https:\/\/dogakompozitcember.com\/ru\/wp-json\/wp\/v2\/pages\/8954\/revisions"}],"wp:attachment":[{"href":"https:\/\/dogakompozitcember.com\/ru\/wp-json\/wp\/v2\/media?parent=8954"}],"curies":[{"name":"wp","href":"https:\/\/api.w.org\/{rel}","templated":true}]}}