{"id":8907,"date":"2024-09-13T09:03:12","date_gmt":"2024-09-13T09:03:12","guid":{"rendered":"https:\/\/dogakompozitcember.com\/?page_id=8907"},"modified":"2024-10-30T10:31:57","modified_gmt":"2024-10-30T10:31:57","slug":"plastik-cemberler","status":"publish","type":"page","link":"https:\/\/dogakompozitcember.com\/ru\/plastik-cemberler\/","title":{"rendered":"Plastik \u00c7emberler"},"content":{"rendered":"<div data-elementor-type=\"wp-page\" data-elementor-id=\"8907\" class=\"elementor elementor-8907\">\n\t\t\t\t\t\t<section class=\"elementor-section elementor-top-section elementor-element elementor-element-7b46d6c elementor-section-height-min-height elementor-hidden-tablet elementor-hidden-mobile elementor-section-boxed elementor-section-height-default elementor-section-items-middle\" data-id=\"7b46d6c\" data-element_type=\"section\" data-settings=\"{&quot;background_background&quot;:&quot;classic&quot;}\">\n\t\t\t\t\t\t\t<div class=\"elementor-background-overlay\"><\/div>\n\t\t\t\t\t\t\t<div class=\"elementor-container elementor-column-gap-default\">\n\t\t\t\t\t<div class=\"elementor-column elementor-col-100 elementor-top-column elementor-element elementor-element-411f119\" data-id=\"411f119\" data-element_type=\"column\">\n\t\t\t<div class=\"elementor-widget-wrap elementor-element-populated\">\n\t\t\t\t\t\t<div class=\"elementor-element elementor-element-da386c9 elementor-widget elementor-widget-heading\" data-id=\"da386c9\" data-element_type=\"widget\" data-widget_type=\"heading.default\">\n\t\t\t\t<div class=\"elementor-widget-container\">\n\t\t\t\t\t<h2 class=\"elementor-heading-title elementor-size-default\">Plastik \u00c7emberler<\/h2>\t\t\t\t<\/div>\n\t\t\t\t<\/div>\n\t\t\t\t\t<\/div>\n\t\t<\/div>\n\t\t\t\t\t<\/div>\n\t\t<\/section>\n\t\t<div class=\"elementor-element elementor-element-9098f79 e-flex e-con-boxed e-con e-parent\" data-id=\"9098f79\" data-element_type=\"container\">\n\t\t\t\t\t<div class=\"e-con-inner\">\n\t\t\t\t<div class=\"elementor-element elementor-element-10e1f1b elementor-widget elementor-widget-ld_woo_products_list\" data-id=\"10e1f1b\" data-element_type=\"widget\" data-widget_type=\"ld_woo_products_list.default\">\n\t\t\t\t<div class=\"elementor-widget-container\">\n\t\t\t\t\t<div class=\"woocommerce\"><ul class=\"products columns-4 reset-ul lqd-prods-row\" id=\"lqd-prods-row-10e1f1b\">\n\n\n<li class=\"lqd-prod-item plastik-cember col-md-3 col-sm-6 col-xs-12 product type-product post-8905 status-publish first instock product_cat-plastik-cember has-post-thumbnail shipping-taxable product-type-simple\">\n\t<div class=\"ld-sp ld-sp-def\">\n\t\t<figure class=\"ld-sp-img pos-rel\">\n\t\t<a href=\"https:\/\/dogakompozitcember.com\/ru\/urun\/05mm-6300m-orjinal-plastik-cember-seridi\/\" class=\"woocommerce-LoopProduct-link woocommerce-loop-product__link\"><img fetchpriority=\"high\" decoding=\"async\" width=\"300\" height=\"280\" src=\"https:\/\/dogakompozitcember.com\/wp-content\/uploads\/2024\/09\/pp-cember-1-kalite-300x280.webp\" class=\"attachment-woocommerce_thumbnail size-woocommerce_thumbnail\" alt=\"\" itemprop=\"image\" \/><\/a><a href=\"https:\/\/dogakompozitcember.com\/ru\/urun\/05mm-6300m-orjinal-plastik-cember-seridi\/\" data-quantity=\"1\" class=\"ld-sp-btn ld-sp-add-to-cart button product_type_simple\" data-product_id=\"8905\" data-product_sku=\"\" aria-label=\"\u041f\u0440\u043e\u0447\u0438\u0442\u0430\u0439\u0442\u0435 \u0431\u043e\u043b\u044c\u0448\u0435 \u043e \u201c05mm 6300m Orjinal Plastik \u00c7ember \u015eeridi\u201d\" rel=\"nofollow\" data-success_message=\"\" data-product_name=\"05mm 6300m Orjinal Plastik \u00c7ember \u015eeridi\" data-no-translation-aria-label=\"\"><svg class=\"icon-ld-cart lqd-mobile-add-to-cart-icn\" xmlns=\"http:\/\/www.w3.org\/2000\/svg\" width=\"32\" height=\"30\" viewbox=\"0 0 32 30\" style=\"width: 1em; height: 1em;\"><path fill=\"currentColor\" d=\"M.884.954c-.435.553-.328 1.19.25 1.488.272.141.878.183 2.641.183h2.287l1.67 7.657c.917 4.21 1.778 7.909 1.912 8.218.296.683.854 1.284 1.606 1.73l.563.333h15.125l.527-.283c.703-.375 1.39-1.079 1.667-1.706.231-.525 2.368-10.476 2.368-11.028 0-.17-.138-.445-.307-.614l-.307-.307H19.952c-10.306 0-10.939-.013-11.002-.219-.037-.12-.318-1.37-.624-2.778-.452-2.078-.608-2.602-.83-2.782C7.25.648 6.906.625 4.183.625h-3.04l-.259.33M29.25 8.733c0 .492-1.89 8.957-2.056 9.211-.443.676-.49.68-7.846.68-6.505 0-6.802-.011-7.185-.245-.22-.133-.487-.376-.594-.54-.106-.162-.634-2.303-1.172-4.755l-.978-4.46h9.915c5.553 0 9.916.048 9.916.109M12.156 25.118c-1.06.263-1.802 1.153-1.882 2.256-.07.971.13 1.506.792 2.116l.553.51h1.186c1.16 0 1.197-.01 1.648-.405 1.374-1.207 1.136-3.45-.455-4.282-.424-.221-1.345-.32-1.842-.196m12.74 0c-.594.15-1.288.745-1.615 1.386-.537 1.052-.261 2.333.669 3.1.461.38.53.397 1.59.397 1.272 0 1.65-.156 2.162-.895.62-.895.651-1.845.093-2.82-.525-.92-1.818-1.44-2.899-1.167M13.18 27.196a.716.716 0 0 1 .196.429c0 .248-.312.625-.517.625a.618.618 0 0 1-.608-.623c0-.553.55-.808.929-.43m12.704-.068c.37.198.325.838-.07 1.018-.258.118-.355.103-.563-.084-.304-.276-.317-.531-.043-.834.238-.264.342-.279.676-.1\"><\/path><\/svg><span data-no-translation=\"\" data-trp-gettext=\"\">\u041f\u043e\u0434\u0440\u043e\u0431\u043d\u0435\u0435<\/span><\/a>\t\t\t<div class=\"ld-sp-btns d-flex flex-column pos-abs z-index-2\">\n\t\t\t\t\t\t\t<\/div>\n\t\t<\/figure>\n\t\t<div class=\"ld-sp-info\">\n\t\t<h3><a href=\"https:\/\/dogakompozitcember.com\/ru\/urun\/05mm-6300m-orjinal-plastik-cember-seridi\/\">05mm 6300m Orjinal Plastik \u00c7ember \u015eeridi<\/a><\/h3>\n\t\t<\/div>\n\t\t\t<\/div>\n<\/li>\n\n<li class=\"lqd-prod-item plastik-cember col-md-3 col-sm-6 col-xs-12 product type-product post-8904 status-publish instock product_cat-plastik-cember has-post-thumbnail shipping-taxable product-type-simple\">\n\t<div class=\"ld-sp ld-sp-def\">\n\t\t<figure class=\"ld-sp-img pos-rel\">\n\t\t<a href=\"https:\/\/dogakompozitcember.com\/ru\/urun\/07mm-5000m-orjinal-plastik-cember-seridi\/\" class=\"woocommerce-LoopProduct-link woocommerce-loop-product__link\"><img decoding=\"async\" width=\"300\" height=\"280\" src=\"data:image\/svg+xml;charset=utf-8,%3Csvg xmlns%3D&#039;http%3A%2F%2Fwww.w3.org%2F2000%2Fsvg&#039; viewBox%3D&#039;0 0 300 280&#039;%2F%3E\" class=\"attachment-woocommerce_thumbnail size-woocommerce_thumbnail ld-lazyload\" alt=\"\" itemprop=\"image\" data-src=\"https:\/\/dogakompozitcember.com\/wp-content\/uploads\/2024\/09\/pp-cember-1-kalite-300x280.webp\" data-aspect=\"1.0714285714286\" \/><\/a><a href=\"https:\/\/dogakompozitcember.com\/ru\/urun\/07mm-5000m-orjinal-plastik-cember-seridi\/\" data-quantity=\"1\" class=\"ld-sp-btn ld-sp-add-to-cart button product_type_simple\" data-product_id=\"8904\" data-product_sku=\"\" aria-label=\"\u041f\u0440\u043e\u0447\u0438\u0442\u0430\u0439\u0442\u0435 \u0431\u043e\u043b\u044c\u0448\u0435 \u043e \u201c07mm 5000m Orjinal Plastik \u00c7ember \u015eeridi\u201d\" rel=\"nofollow\" data-success_message=\"\" data-product_name=\"07mm 5000m Orjinal Plastik \u00c7ember \u015eeridi\" data-no-translation-aria-label=\"\"><svg class=\"icon-ld-cart lqd-mobile-add-to-cart-icn\" xmlns=\"http:\/\/www.w3.org\/2000\/svg\" width=\"32\" height=\"30\" viewbox=\"0 0 32 30\" style=\"width: 1em; height: 1em;\"><path fill=\"currentColor\" d=\"M.884.954c-.435.553-.328 1.19.25 1.488.272.141.878.183 2.641.183h2.287l1.67 7.657c.917 4.21 1.778 7.909 1.912 8.218.296.683.854 1.284 1.606 1.73l.563.333h15.125l.527-.283c.703-.375 1.39-1.079 1.667-1.706.231-.525 2.368-10.476 2.368-11.028 0-.17-.138-.445-.307-.614l-.307-.307H19.952c-10.306 0-10.939-.013-11.002-.219-.037-.12-.318-1.37-.624-2.778-.452-2.078-.608-2.602-.83-2.782C7.25.648 6.906.625 4.183.625h-3.04l-.259.33M29.25 8.733c0 .492-1.89 8.957-2.056 9.211-.443.676-.49.68-7.846.68-6.505 0-6.802-.011-7.185-.245-.22-.133-.487-.376-.594-.54-.106-.162-.634-2.303-1.172-4.755l-.978-4.46h9.915c5.553 0 9.916.048 9.916.109M12.156 25.118c-1.06.263-1.802 1.153-1.882 2.256-.07.971.13 1.506.792 2.116l.553.51h1.186c1.16 0 1.197-.01 1.648-.405 1.374-1.207 1.136-3.45-.455-4.282-.424-.221-1.345-.32-1.842-.196m12.74 0c-.594.15-1.288.745-1.615 1.386-.537 1.052-.261 2.333.669 3.1.461.38.53.397 1.59.397 1.272 0 1.65-.156 2.162-.895.62-.895.651-1.845.093-2.82-.525-.92-1.818-1.44-2.899-1.167M13.18 27.196a.716.716 0 0 1 .196.429c0 .248-.312.625-.517.625a.618.618 0 0 1-.608-.623c0-.553.55-.808.929-.43m12.704-.068c.37.198.325.838-.07 1.018-.258.118-.355.103-.563-.084-.304-.276-.317-.531-.043-.834.238-.264.342-.279.676-.1\"><\/path><\/svg><span data-no-translation=\"\" data-trp-gettext=\"\">\u041f\u043e\u0434\u0440\u043e\u0431\u043d\u0435\u0435<\/span><\/a>\t\t\t<div class=\"ld-sp-btns d-flex flex-column pos-abs z-index-2\">\n\t\t\t\t\t\t\t<\/div>\n\t\t<\/figure>\n\t\t<div class=\"ld-sp-info\">\n\t\t<h3><a href=\"https:\/\/dogakompozitcember.com\/ru\/urun\/07mm-5000m-orjinal-plastik-cember-seridi\/\">07mm 5000m Orjinal Plastik \u00c7ember \u015eeridi<\/a><\/h3>\n\t\t<\/div>\n\t\t\t<\/div>\n<\/li>\n\n<li class=\"lqd-prod-item plastik-cember col-md-3 col-sm-6 col-xs-12 product type-product post-8903 status-publish instock product_cat-plastik-cember has-post-thumbnail shipping-taxable product-type-simple\">\n\t<div class=\"ld-sp ld-sp-def\">\n\t\t<figure class=\"ld-sp-img pos-rel\">\n\t\t<a href=\"https:\/\/dogakompozitcember.com\/ru\/urun\/08mm060mm-4000m-orjinal-plastik-ambalaj-cemberi\/\" class=\"woocommerce-LoopProduct-link woocommerce-loop-product__link\"><img decoding=\"async\" width=\"300\" height=\"280\" src=\"data:image\/svg+xml;charset=utf-8,%3Csvg xmlns%3D&#039;http%3A%2F%2Fwww.w3.org%2F2000%2Fsvg&#039; viewBox%3D&#039;0 0 300 280&#039;%2F%3E\" class=\"attachment-woocommerce_thumbnail size-woocommerce_thumbnail ld-lazyload\" alt=\"\" itemprop=\"image\" data-src=\"https:\/\/dogakompozitcember.com\/wp-content\/uploads\/2024\/09\/pp-cember-1-kalite-300x280.webp\" data-aspect=\"1.0714285714286\" \/><\/a><a href=\"https:\/\/dogakompozitcember.com\/ru\/urun\/08mm060mm-4000m-orjinal-plastik-ambalaj-cemberi\/\" data-quantity=\"1\" class=\"ld-sp-btn ld-sp-add-to-cart button product_type_simple\" data-product_id=\"8903\" data-product_sku=\"\" aria-label=\"\u041f\u0440\u043e\u0447\u0438\u0442\u0430\u0439\u0442\u0435 \u0431\u043e\u043b\u044c\u0448\u0435 \u043e \u201c08mm*060mm 4000m Orjinal Plastik Ambalaj \u00c7emberi\u201d\" rel=\"nofollow\" data-success_message=\"\" data-product_name=\"08mm*060mm 4000m Orjinal Plastik Ambalaj \u00c7emberi\" data-no-translation-aria-label=\"\"><svg class=\"icon-ld-cart lqd-mobile-add-to-cart-icn\" xmlns=\"http:\/\/www.w3.org\/2000\/svg\" width=\"32\" height=\"30\" viewbox=\"0 0 32 30\" style=\"width: 1em; height: 1em;\"><path fill=\"currentColor\" d=\"M.884.954c-.435.553-.328 1.19.25 1.488.272.141.878.183 2.641.183h2.287l1.67 7.657c.917 4.21 1.778 7.909 1.912 8.218.296.683.854 1.284 1.606 1.73l.563.333h15.125l.527-.283c.703-.375 1.39-1.079 1.667-1.706.231-.525 2.368-10.476 2.368-11.028 0-.17-.138-.445-.307-.614l-.307-.307H19.952c-10.306 0-10.939-.013-11.002-.219-.037-.12-.318-1.37-.624-2.778-.452-2.078-.608-2.602-.83-2.782C7.25.648 6.906.625 4.183.625h-3.04l-.259.33M29.25 8.733c0 .492-1.89 8.957-2.056 9.211-.443.676-.49.68-7.846.68-6.505 0-6.802-.011-7.185-.245-.22-.133-.487-.376-.594-.54-.106-.162-.634-2.303-1.172-4.755l-.978-4.46h9.915c5.553 0 9.916.048 9.916.109M12.156 25.118c-1.06.263-1.802 1.153-1.882 2.256-.07.971.13 1.506.792 2.116l.553.51h1.186c1.16 0 1.197-.01 1.648-.405 1.374-1.207 1.136-3.45-.455-4.282-.424-.221-1.345-.32-1.842-.196m12.74 0c-.594.15-1.288.745-1.615 1.386-.537 1.052-.261 2.333.669 3.1.461.38.53.397 1.59.397 1.272 0 1.65-.156 2.162-.895.62-.895.651-1.845.093-2.82-.525-.92-1.818-1.44-2.899-1.167M13.18 27.196a.716.716 0 0 1 .196.429c0 .248-.312.625-.517.625a.618.618 0 0 1-.608-.623c0-.553.55-.808.929-.43m12.704-.068c.37.198.325.838-.07 1.018-.258.118-.355.103-.563-.084-.304-.276-.317-.531-.043-.834.238-.264.342-.279.676-.1\"><\/path><\/svg><span data-no-translation=\"\" data-trp-gettext=\"\">\u041f\u043e\u0434\u0440\u043e\u0431\u043d\u0435\u0435<\/span><\/a>\t\t\t<div class=\"ld-sp-btns d-flex flex-column pos-abs z-index-2\">\n\t\t\t\t\t\t\t<\/div>\n\t\t<\/figure>\n\t\t<div class=\"ld-sp-info\">\n\t\t<h3><a href=\"https:\/\/dogakompozitcember.com\/ru\/urun\/08mm060mm-4000m-orjinal-plastik-ambalaj-cemberi\/\">08mm*060mm 4000m Orjinal Plastik Ambalaj \u00c7emberi<\/a><\/h3>\n\t\t<\/div>\n\t\t\t<\/div>\n<\/li>\n\n<li class=\"lqd-prod-item plastik-cember col-md-3 col-sm-6 col-xs-12 product type-product post-8902 status-publish last instock product_cat-plastik-cember has-post-thumbnail shipping-taxable product-type-simple\">\n\t<div class=\"ld-sp ld-sp-def\">\n\t\t<figure class=\"ld-sp-img pos-rel\">\n\t\t<a href=\"https:\/\/dogakompozitcember.com\/ru\/urun\/09mm-3500m-orjinal-plastik-cember-seridi\/\" class=\"woocommerce-LoopProduct-link woocommerce-loop-product__link\"><img decoding=\"async\" width=\"300\" height=\"280\" src=\"data:image\/svg+xml;charset=utf-8,%3Csvg xmlns%3D&#039;http%3A%2F%2Fwww.w3.org%2F2000%2Fsvg&#039; viewBox%3D&#039;0 0 300 280&#039;%2F%3E\" class=\"attachment-woocommerce_thumbnail size-woocommerce_thumbnail ld-lazyload\" alt=\"\" itemprop=\"image\" data-src=\"https:\/\/dogakompozitcember.com\/wp-content\/uploads\/2024\/09\/pp-cember-1-kalite-300x280.webp\" data-aspect=\"1.0714285714286\" \/><\/a><a href=\"https:\/\/dogakompozitcember.com\/ru\/urun\/09mm-3500m-orjinal-plastik-cember-seridi\/\" data-quantity=\"1\" class=\"ld-sp-btn ld-sp-add-to-cart button product_type_simple\" data-product_id=\"8902\" data-product_sku=\"\" aria-label=\"\u041f\u0440\u043e\u0447\u0438\u0442\u0430\u0439\u0442\u0435 \u0431\u043e\u043b\u044c\u0448\u0435 \u043e \u201c09mm 3500m Orjinal Plastik \u00c7ember \u015eeridi\u201d\" rel=\"nofollow\" data-success_message=\"\" data-product_name=\"09mm 3500m Orjinal Plastik \u00c7ember \u015eeridi\" data-no-translation-aria-label=\"\"><svg class=\"icon-ld-cart lqd-mobile-add-to-cart-icn\" xmlns=\"http:\/\/www.w3.org\/2000\/svg\" width=\"32\" height=\"30\" viewbox=\"0 0 32 30\" style=\"width: 1em; height: 1em;\"><path fill=\"currentColor\" d=\"M.884.954c-.435.553-.328 1.19.25 1.488.272.141.878.183 2.641.183h2.287l1.67 7.657c.917 4.21 1.778 7.909 1.912 8.218.296.683.854 1.284 1.606 1.73l.563.333h15.125l.527-.283c.703-.375 1.39-1.079 1.667-1.706.231-.525 2.368-10.476 2.368-11.028 0-.17-.138-.445-.307-.614l-.307-.307H19.952c-10.306 0-10.939-.013-11.002-.219-.037-.12-.318-1.37-.624-2.778-.452-2.078-.608-2.602-.83-2.782C7.25.648 6.906.625 4.183.625h-3.04l-.259.33M29.25 8.733c0 .492-1.89 8.957-2.056 9.211-.443.676-.49.68-7.846.68-6.505 0-6.802-.011-7.185-.245-.22-.133-.487-.376-.594-.54-.106-.162-.634-2.303-1.172-4.755l-.978-4.46h9.915c5.553 0 9.916.048 9.916.109M12.156 25.118c-1.06.263-1.802 1.153-1.882 2.256-.07.971.13 1.506.792 2.116l.553.51h1.186c1.16 0 1.197-.01 1.648-.405 1.374-1.207 1.136-3.45-.455-4.282-.424-.221-1.345-.32-1.842-.196m12.74 0c-.594.15-1.288.745-1.615 1.386-.537 1.052-.261 2.333.669 3.1.461.38.53.397 1.59.397 1.272 0 1.65-.156 2.162-.895.62-.895.651-1.845.093-2.82-.525-.92-1.818-1.44-2.899-1.167M13.18 27.196a.716.716 0 0 1 .196.429c0 .248-.312.625-.517.625a.618.618 0 0 1-.608-.623c0-.553.55-.808.929-.43m12.704-.068c.37.198.325.838-.07 1.018-.258.118-.355.103-.563-.084-.304-.276-.317-.531-.043-.834.238-.264.342-.279.676-.1\"><\/path><\/svg><span data-no-translation=\"\" data-trp-gettext=\"\">\u041f\u043e\u0434\u0440\u043e\u0431\u043d\u0435\u0435<\/span><\/a>\t\t\t<div class=\"ld-sp-btns d-flex flex-column pos-abs z-index-2\">\n\t\t\t\t\t\t\t<\/div>\n\t\t<\/figure>\n\t\t<div class=\"ld-sp-info\">\n\t\t<h3><a href=\"https:\/\/dogakompozitcember.com\/ru\/urun\/09mm-3500m-orjinal-plastik-cember-seridi\/\">09mm 3500m Orjinal Plastik \u00c7ember \u015eeridi<\/a><\/h3>\n\t\t<\/div>\n\t\t\t<\/div>\n<\/li>\n\n<li class=\"lqd-prod-item plastik-cember col-md-3 col-sm-6 col-xs-12 product type-product post-8898 status-publish first instock product_cat-plastik-cember has-post-thumbnail shipping-taxable product-type-simple\">\n\t<div class=\"ld-sp ld-sp-def\">\n\t\t<figure class=\"ld-sp-img pos-rel\">\n\t\t<a href=\"https:\/\/dogakompozitcember.com\/ru\/urun\/12mm-060mm-2700m-1-kalite-beyaz-cember-seridi\/\" class=\"woocommerce-LoopProduct-link woocommerce-loop-product__link\"><img decoding=\"async\" width=\"300\" height=\"280\" src=\"data:image\/svg+xml;charset=utf-8,%3Csvg xmlns%3D&#039;http%3A%2F%2Fwww.w3.org%2F2000%2Fsvg&#039; viewBox%3D&#039;0 0 300 280&#039;%2F%3E\" class=\"attachment-woocommerce_thumbnail size-woocommerce_thumbnail ld-lazyload\" alt=\"\" itemprop=\"image\" data-src=\"https:\/\/dogakompozitcember.com\/wp-content\/uploads\/2024\/09\/pp-cember-1-kalite-300x280.webp\" data-aspect=\"1.0714285714286\" \/><\/a><a href=\"https:\/\/dogakompozitcember.com\/ru\/urun\/12mm-060mm-2700m-1-kalite-beyaz-cember-seridi\/\" data-quantity=\"1\" class=\"ld-sp-btn ld-sp-add-to-cart button product_type_simple\" data-product_id=\"8898\" data-product_sku=\"\" aria-label=\"\u041f\u0440\u043e\u0447\u0438\u0442\u0430\u0439\u0442\u0435 \u0431\u043e\u043b\u044c\u0448\u0435 \u043e \u201c12mm 060mm 2700m 1.Kalite Beyaz \u00c7ember \u015eeridi\u201d\" rel=\"nofollow\" data-success_message=\"\" data-product_name=\"12mm 060mm 2700m 1.Kalite Beyaz \u00c7ember \u015eeridi\" data-no-translation-aria-label=\"\"><svg class=\"icon-ld-cart lqd-mobile-add-to-cart-icn\" xmlns=\"http:\/\/www.w3.org\/2000\/svg\" width=\"32\" height=\"30\" viewbox=\"0 0 32 30\" style=\"width: 1em; height: 1em;\"><path fill=\"currentColor\" d=\"M.884.954c-.435.553-.328 1.19.25 1.488.272.141.878.183 2.641.183h2.287l1.67 7.657c.917 4.21 1.778 7.909 1.912 8.218.296.683.854 1.284 1.606 1.73l.563.333h15.125l.527-.283c.703-.375 1.39-1.079 1.667-1.706.231-.525 2.368-10.476 2.368-11.028 0-.17-.138-.445-.307-.614l-.307-.307H19.952c-10.306 0-10.939-.013-11.002-.219-.037-.12-.318-1.37-.624-2.778-.452-2.078-.608-2.602-.83-2.782C7.25.648 6.906.625 4.183.625h-3.04l-.259.33M29.25 8.733c0 .492-1.89 8.957-2.056 9.211-.443.676-.49.68-7.846.68-6.505 0-6.802-.011-7.185-.245-.22-.133-.487-.376-.594-.54-.106-.162-.634-2.303-1.172-4.755l-.978-4.46h9.915c5.553 0 9.916.048 9.916.109M12.156 25.118c-1.06.263-1.802 1.153-1.882 2.256-.07.971.13 1.506.792 2.116l.553.51h1.186c1.16 0 1.197-.01 1.648-.405 1.374-1.207 1.136-3.45-.455-4.282-.424-.221-1.345-.32-1.842-.196m12.74 0c-.594.15-1.288.745-1.615 1.386-.537 1.052-.261 2.333.669 3.1.461.38.53.397 1.59.397 1.272 0 1.65-.156 2.162-.895.62-.895.651-1.845.093-2.82-.525-.92-1.818-1.44-2.899-1.167M13.18 27.196a.716.716 0 0 1 .196.429c0 .248-.312.625-.517.625a.618.618 0 0 1-.608-.623c0-.553.55-.808.929-.43m12.704-.068c.37.198.325.838-.07 1.018-.258.118-.355.103-.563-.084-.304-.276-.317-.531-.043-.834.238-.264.342-.279.676-.1\"><\/path><\/svg><span data-no-translation=\"\" data-trp-gettext=\"\">\u041f\u043e\u0434\u0440\u043e\u0431\u043d\u0435\u0435<\/span><\/a>\t\t\t<div class=\"ld-sp-btns d-flex flex-column pos-abs z-index-2\">\n\t\t\t\t\t\t\t<\/div>\n\t\t<\/figure>\n\t\t<div class=\"ld-sp-info\">\n\t\t<h3><a href=\"https:\/\/dogakompozitcember.com\/ru\/urun\/12mm-060mm-2700m-1-kalite-beyaz-cember-seridi\/\">12mm 060mm 2700m 1.Kalite Beyaz \u00c7ember \u015eeridi<\/a><\/h3>\n\t\t<\/div>\n\t\t\t<\/div>\n<\/li>\n\n<li class=\"lqd-prod-item plastik-cember col-md-3 col-sm-6 col-xs-12 product type-product post-8901 status-publish instock product_cat-plastik-cember has-post-thumbnail shipping-taxable product-type-simple\">\n\t<div class=\"ld-sp ld-sp-def\">\n\t\t<figure class=\"ld-sp-img pos-rel\">\n\t\t<a href=\"https:\/\/dogakompozitcember.com\/ru\/urun\/08mm-060mm-3500m-1-kalite-beyaz-plastik-cember\/\" class=\"woocommerce-LoopProduct-link woocommerce-loop-product__link\"><img decoding=\"async\" width=\"300\" height=\"280\" src=\"data:image\/svg+xml;charset=utf-8,%3Csvg xmlns%3D&#039;http%3A%2F%2Fwww.w3.org%2F2000%2Fsvg&#039; viewBox%3D&#039;0 0 300 280&#039;%2F%3E\" class=\"attachment-woocommerce_thumbnail size-woocommerce_thumbnail ld-lazyload\" alt=\"\" itemprop=\"image\" data-src=\"https:\/\/dogakompozitcember.com\/wp-content\/uploads\/2024\/09\/pp-cember-1-kalite-300x280.webp\" data-aspect=\"1.0714285714286\" \/><\/a><a href=\"https:\/\/dogakompozitcember.com\/ru\/urun\/08mm-060mm-3500m-1-kalite-beyaz-plastik-cember\/\" data-quantity=\"1\" class=\"ld-sp-btn ld-sp-add-to-cart button product_type_simple\" data-product_id=\"8901\" data-product_sku=\"\" aria-label=\"\u041f\u0440\u043e\u0447\u0438\u0442\u0430\u0439\u0442\u0435 \u0431\u043e\u043b\u044c\u0448\u0435 \u043e \u201c12mm 3000m Orjinal Plastik \u00c7ember \u015eeridi\u201d\" rel=\"nofollow\" data-success_message=\"\" data-product_name=\"12mm 3000m Orjinal Plastik \u00c7ember \u015eeridi\" data-no-translation-aria-label=\"\"><svg class=\"icon-ld-cart lqd-mobile-add-to-cart-icn\" xmlns=\"http:\/\/www.w3.org\/2000\/svg\" width=\"32\" height=\"30\" viewbox=\"0 0 32 30\" style=\"width: 1em; height: 1em;\"><path fill=\"currentColor\" d=\"M.884.954c-.435.553-.328 1.19.25 1.488.272.141.878.183 2.641.183h2.287l1.67 7.657c.917 4.21 1.778 7.909 1.912 8.218.296.683.854 1.284 1.606 1.73l.563.333h15.125l.527-.283c.703-.375 1.39-1.079 1.667-1.706.231-.525 2.368-10.476 2.368-11.028 0-.17-.138-.445-.307-.614l-.307-.307H19.952c-10.306 0-10.939-.013-11.002-.219-.037-.12-.318-1.37-.624-2.778-.452-2.078-.608-2.602-.83-2.782C7.25.648 6.906.625 4.183.625h-3.04l-.259.33M29.25 8.733c0 .492-1.89 8.957-2.056 9.211-.443.676-.49.68-7.846.68-6.505 0-6.802-.011-7.185-.245-.22-.133-.487-.376-.594-.54-.106-.162-.634-2.303-1.172-4.755l-.978-4.46h9.915c5.553 0 9.916.048 9.916.109M12.156 25.118c-1.06.263-1.802 1.153-1.882 2.256-.07.971.13 1.506.792 2.116l.553.51h1.186c1.16 0 1.197-.01 1.648-.405 1.374-1.207 1.136-3.45-.455-4.282-.424-.221-1.345-.32-1.842-.196m12.74 0c-.594.15-1.288.745-1.615 1.386-.537 1.052-.261 2.333.669 3.1.461.38.53.397 1.59.397 1.272 0 1.65-.156 2.162-.895.62-.895.651-1.845.093-2.82-.525-.92-1.818-1.44-2.899-1.167M13.18 27.196a.716.716 0 0 1 .196.429c0 .248-.312.625-.517.625a.618.618 0 0 1-.608-.623c0-.553.55-.808.929-.43m12.704-.068c.37.198.325.838-.07 1.018-.258.118-.355.103-.563-.084-.304-.276-.317-.531-.043-.834.238-.264.342-.279.676-.1\"><\/path><\/svg><span data-no-translation=\"\" data-trp-gettext=\"\">\u041f\u043e\u0434\u0440\u043e\u0431\u043d\u0435\u0435<\/span><\/a>\t\t\t<div class=\"ld-sp-btns d-flex flex-column pos-abs z-index-2\">\n\t\t\t\t\t\t\t<\/div>\n\t\t<\/figure>\n\t\t<div class=\"ld-sp-info\">\n\t\t<h3><a href=\"https:\/\/dogakompozitcember.com\/ru\/urun\/08mm-060mm-3500m-1-kalite-beyaz-plastik-cember\/\">12mm 3000m Orjinal Plastik \u00c7ember \u015eeridi<\/a><\/h3>\n\t\t<\/div>\n\t\t\t<\/div>\n<\/li>\n\n<li class=\"lqd-prod-item plastik-cember col-md-3 col-sm-6 col-xs-12 product type-product post-8906 status-publish instock product_cat-plastik-cember has-post-thumbnail shipping-taxable product-type-simple\">\n\t<div class=\"ld-sp ld-sp-def\">\n\t\t<figure class=\"ld-sp-img pos-rel\">\n\t\t<a href=\"https:\/\/dogakompozitcember.com\/ru\/urun\/5mm-050mm-6300m-orjinal-plastik-cember-seridi\/\" class=\"woocommerce-LoopProduct-link woocommerce-loop-product__link\"><img decoding=\"async\" width=\"300\" height=\"280\" src=\"data:image\/svg+xml;charset=utf-8,%3Csvg xmlns%3D&#039;http%3A%2F%2Fwww.w3.org%2F2000%2Fsvg&#039; viewBox%3D&#039;0 0 300 280&#039;%2F%3E\" class=\"attachment-woocommerce_thumbnail size-woocommerce_thumbnail ld-lazyload\" alt=\"\" itemprop=\"image\" data-src=\"https:\/\/dogakompozitcember.com\/wp-content\/uploads\/2024\/09\/pp-cember-1-kalite-300x280.webp\" data-aspect=\"1.0714285714286\" \/><\/a><a href=\"https:\/\/dogakompozitcember.com\/ru\/urun\/5mm-050mm-6300m-orjinal-plastik-cember-seridi\/\" data-quantity=\"1\" class=\"ld-sp-btn ld-sp-add-to-cart button product_type_simple\" data-product_id=\"8906\" data-product_sku=\"\" aria-label=\"\u041f\u0440\u043e\u0447\u0438\u0442\u0430\u0439\u0442\u0435 \u0431\u043e\u043b\u044c\u0448\u0435 \u043e \u201c5mm *050mm 6300m Orjinal Plastik \u00c7ember \u015eeridi\u201d\" rel=\"nofollow\" data-success_message=\"\" data-product_name=\"5mm *050mm 6300m Orjinal Plastik \u00c7ember \u015eeridi\" data-no-translation-aria-label=\"\"><svg class=\"icon-ld-cart lqd-mobile-add-to-cart-icn\" xmlns=\"http:\/\/www.w3.org\/2000\/svg\" width=\"32\" height=\"30\" viewbox=\"0 0 32 30\" style=\"width: 1em; height: 1em;\"><path fill=\"currentColor\" d=\"M.884.954c-.435.553-.328 1.19.25 1.488.272.141.878.183 2.641.183h2.287l1.67 7.657c.917 4.21 1.778 7.909 1.912 8.218.296.683.854 1.284 1.606 1.73l.563.333h15.125l.527-.283c.703-.375 1.39-1.079 1.667-1.706.231-.525 2.368-10.476 2.368-11.028 0-.17-.138-.445-.307-.614l-.307-.307H19.952c-10.306 0-10.939-.013-11.002-.219-.037-.12-.318-1.37-.624-2.778-.452-2.078-.608-2.602-.83-2.782C7.25.648 6.906.625 4.183.625h-3.04l-.259.33M29.25 8.733c0 .492-1.89 8.957-2.056 9.211-.443.676-.49.68-7.846.68-6.505 0-6.802-.011-7.185-.245-.22-.133-.487-.376-.594-.54-.106-.162-.634-2.303-1.172-4.755l-.978-4.46h9.915c5.553 0 9.916.048 9.916.109M12.156 25.118c-1.06.263-1.802 1.153-1.882 2.256-.07.971.13 1.506.792 2.116l.553.51h1.186c1.16 0 1.197-.01 1.648-.405 1.374-1.207 1.136-3.45-.455-4.282-.424-.221-1.345-.32-1.842-.196m12.74 0c-.594.15-1.288.745-1.615 1.386-.537 1.052-.261 2.333.669 3.1.461.38.53.397 1.59.397 1.272 0 1.65-.156 2.162-.895.62-.895.651-1.845.093-2.82-.525-.92-1.818-1.44-2.899-1.167M13.18 27.196a.716.716 0 0 1 .196.429c0 .248-.312.625-.517.625a.618.618 0 0 1-.608-.623c0-.553.55-.808.929-.43m12.704-.068c.37.198.325.838-.07 1.018-.258.118-.355.103-.563-.084-.304-.276-.317-.531-.043-.834.238-.264.342-.279.676-.1\"><\/path><\/svg><span data-no-translation=\"\" data-trp-gettext=\"\">\u041f\u043e\u0434\u0440\u043e\u0431\u043d\u0435\u0435<\/span><\/a>\t\t\t<div class=\"ld-sp-btns d-flex flex-column pos-abs z-index-2\">\n\t\t\t\t\t\t\t<\/div>\n\t\t<\/figure>\n\t\t<div class=\"ld-sp-info\">\n\t\t<h3><a href=\"https:\/\/dogakompozitcember.com\/ru\/urun\/5mm-050mm-6300m-orjinal-plastik-cember-seridi\/\">5mm *050mm 6300m Orjinal Plastik \u00c7ember \u015eeridi<\/a><\/h3>\n\t\t<\/div>\n\t\t\t<\/div>\n<\/li><\/ul>\n<\/div>\t\t\t\t<\/div>\n\t\t\t\t<\/div>\n\t\t\t\t\t<\/div>\n\t\t\t\t<\/div>\n\t\t\t\t<\/div>","protected":false},"excerpt":{"rendered":"<p>Devam\u0131n\u0131 oku 05mm 6300m Orjinal Plastik \u00c7ember \u015eeridi Devam\u0131n\u0131 oku 07mm 5000m Orjinal Plastik \u00c7ember \u015eeridi Devam\u0131n\u0131 oku 08mm*060mm 4000m Orjinal Plastik Ambalaj \u00c7emberi Devam\u0131n\u0131 oku 09mm 3500m Orjinal Plastik \u00c7ember \u015eeridi Devam\u0131n\u0131 oku 12mm 060mm 2700m 1.Kalite Beyaz \u00c7ember \u015eeridi Devam\u0131n\u0131 oku 12mm 3000m Orjinal Plastik \u00c7ember \u015eeridi Devam\u0131n\u0131 oku 5mm *050mm 6300m Orjinal [&hellip;]<\/p>","protected":false},"author":1,"featured_media":0,"parent":0,"menu_order":0,"comment_status":"closed","ping_status":"closed","template":"","meta":{"inline_featured_image":false,"footnotes":""},"class_list":["post-8907","page","type-page","status-publish","hentry","lqd-prod-item",null,"col-md-3 col-sm-6 col-xs-12"],"_links":{"self":[{"href":"https:\/\/dogakompozitcember.com\/ru\/wp-json\/wp\/v2\/pages\/8907","targetHints":{"allow":["GET"]}}],"collection":[{"href":"https:\/\/dogakompozitcember.com\/ru\/wp-json\/wp\/v2\/pages"}],"about":[{"href":"https:\/\/dogakompozitcember.com\/ru\/wp-json\/wp\/v2\/types\/page"}],"author":[{"embeddable":true,"href":"https:\/\/dogakompozitcember.com\/ru\/wp-json\/wp\/v2\/users\/1"}],"replies":[{"embeddable":true,"href":"https:\/\/dogakompozitcember.com\/ru\/wp-json\/wp\/v2\/comments?post=8907"}],"version-history":[{"count":0,"href":"https:\/\/dogakompozitcember.com\/ru\/wp-json\/wp\/v2\/pages\/8907\/revisions"}],"wp:attachment":[{"href":"https:\/\/dogakompozitcember.com\/ru\/wp-json\/wp\/v2\/media?parent=8907"}],"curies":[{"name":"wp","href":"https:\/\/api.w.org\/{rel}","templated":true}]}}