{"id":7480,"date":"2024-07-15T09:07:59","date_gmt":"2024-07-15T09:07:59","guid":{"rendered":"https:\/\/dogakompozitcember.com\/?page_id=7480"},"modified":"2024-10-30T09:59:19","modified_gmt":"2024-10-30T09:59:19","slug":"kompozit-cember","status":"publish","type":"page","link":"https:\/\/dogakompozitcember.com\/ru\/kompozit-cember\/","title":{"rendered":"Kompozit \u00c7ember"},"content":{"rendered":"<div data-elementor-type=\"wp-page\" data-elementor-id=\"7480\" class=\"elementor elementor-7480\">\n\t\t\t\t\t\t<section class=\"elementor-section elementor-top-section elementor-element elementor-element-7b46d6c elementor-section-height-min-height elementor-hidden-tablet elementor-hidden-mobile elementor-section-boxed elementor-section-height-default elementor-section-items-middle\" data-id=\"7b46d6c\" data-element_type=\"section\" data-settings=\"{&quot;background_background&quot;:&quot;classic&quot;}\">\n\t\t\t\t\t\t\t<div class=\"elementor-background-overlay\"><\/div>\n\t\t\t\t\t\t\t<div class=\"elementor-container elementor-column-gap-default\">\n\t\t\t\t\t<div class=\"elementor-column elementor-col-100 elementor-top-column elementor-element elementor-element-411f119\" data-id=\"411f119\" data-element_type=\"column\">\n\t\t\t<div class=\"elementor-widget-wrap elementor-element-populated\">\n\t\t\t\t\t\t<div class=\"elementor-element elementor-element-0b627e0 elementor-widget elementor-widget-heading\" data-id=\"0b627e0\" data-element_type=\"widget\" data-widget_type=\"heading.default\">\n\t\t\t\t<div class=\"elementor-widget-container\">\n\t\t\t\t\t<h2 class=\"elementor-heading-title elementor-size-default\">Kompozit \u00c7ember<\/h2>\t\t\t\t<\/div>\n\t\t\t\t<\/div>\n\t\t\t\t\t<\/div>\n\t\t<\/div>\n\t\t\t\t\t<\/div>\n\t\t<\/section>\n\t\t<div class=\"elementor-element elementor-element-1359eac e-flex e-con-boxed e-con e-parent\" data-id=\"1359eac\" data-element_type=\"container\" data-settings=\"{&quot;background_background&quot;:&quot;classic&quot;}\">\n\t\t\t\t\t<div class=\"e-con-inner\">\n\t\t\t\t<div class=\"elementor-element elementor-element-0c84f99 elementor-widget elementor-widget-image\" data-id=\"0c84f99\" data-element_type=\"widget\" data-widget_type=\"image.default\">\n\t\t\t\t<div class=\"elementor-widget-container\">\n\t\t\t\t\t\t\t\t\t\t\t\t\t\t\t<img decoding=\"async\" width=\"420\" height=\"68\" src=\"https:\/\/dogakompozitcember.com\/wp-content\/uploads\/2024\/08\/font-1-1.png\" class=\"attachment-large size-large wp-image-8359\" alt=\"\" srcset=\"https:\/\/dogakompozitcember.com\/wp-content\/uploads\/2024\/08\/font-1-1.png 420w, https:\/\/dogakompozitcember.com\/wp-content\/uploads\/2024\/08\/font-1-1-300x49.png 300w, https:\/\/dogakompozitcember.com\/wp-content\/uploads\/2024\/08\/font-1-1-18x3.png 18w\" sizes=\"(max-width: 420px) 100vw, 420px\" \/>\t\t\t\t\t\t\t\t\t\t\t\t\t\t\t<\/div>\n\t\t\t\t<\/div>\n\t\t\t\t\t<\/div>\n\t\t\t\t<\/div>\n\t\t<div class=\"elementor-element elementor-element-36a8af0 e-flex e-con-boxed e-con e-parent\" data-id=\"36a8af0\" data-element_type=\"container\">\n\t\t\t\t\t<div class=\"e-con-inner\">\n\t\t<div class=\"elementor-element elementor-element-43c49ac e-con-full e-flex e-con e-child\" data-id=\"43c49ac\" data-element_type=\"container\" data-settings=\"{&quot;motion_fx_motion_fx_scrolling&quot;:&quot;yes&quot;,&quot;motion_fx_devices&quot;:[&quot;desktop&quot;,&quot;tablet&quot;,&quot;mobile&quot;]}\">\n\t\t\t\t<div class=\"elementor-element elementor-element-d6b9ec0 elementor-widget elementor-widget-image\" data-id=\"d6b9ec0\" data-element_type=\"widget\" data-settings=\"{&quot;sticky&quot;:&quot;top&quot;,&quot;sticky_on&quot;:[&quot;desktop&quot;,&quot;tablet&quot;],&quot;sticky_offset&quot;:0,&quot;sticky_effects_offset&quot;:0}\" data-widget_type=\"image.default\">\n\t\t\t\t<div class=\"elementor-widget-container\">\n\t\t\t\t\t\t\t\t\t\t\t\t\t\t\t<img fetchpriority=\"high\" decoding=\"async\" width=\"2048\" height=\"1511\" src=\"data:image\/svg+xml;charset=utf-8,%3Csvg xmlns%3D&#039;http%3A%2F%2Fwww.w3.org%2F2000%2Fsvg&#039; viewBox%3D&#039;0 0 2048 1511&#039;%2F%3E\" class=\"attachment-full size-full wp-image-8348 ld-lazyload\" alt=\"\" data-src=\"https:\/\/dogakompozitcember.com\/wp-content\/uploads\/2024\/08\/04-1_upscayl_5x_realesrgan-x4plus-2048x1511-1.jpg\" data-srcset=\"https:\/\/dogakompozitcember.com\/wp-content\/uploads\/2024\/08\/04-1_upscayl_5x_realesrgan-x4plus-2048x1511-1.jpg 2048w, https:\/\/dogakompozitcember.com\/wp-content\/uploads\/2024\/08\/04-1_upscayl_5x_realesrgan-x4plus-2048x1511-1-300x221.jpg 300w, https:\/\/dogakompozitcember.com\/wp-content\/uploads\/2024\/08\/04-1_upscayl_5x_realesrgan-x4plus-2048x1511-1-1024x756.jpg 1024w, https:\/\/dogakompozitcember.com\/wp-content\/uploads\/2024\/08\/04-1_upscayl_5x_realesrgan-x4plus-2048x1511-1-1536x1133.jpg 1536w, https:\/\/dogakompozitcember.com\/wp-content\/uploads\/2024\/08\/04-1_upscayl_5x_realesrgan-x4plus-2048x1511-1-600x443.jpg 600w, https:\/\/dogakompozitcember.com\/wp-content\/uploads\/2024\/08\/04-1_upscayl_5x_realesrgan-x4plus-2048x1511-1-16x12.jpg 16w\" data-sizes=\"(max-width: 2048px) 100vw, 2048px\" data-aspect=\"1.3553937789543\" \/>\t\t\t\t\t\t\t\t\t\t\t\t\t\t\t<\/div>\n\t\t\t\t<\/div>\n\t\t\t\t<\/div>\n\t\t<div class=\"elementor-element elementor-element-6c60a23 e-flex e-con-boxed e-con e-child\" data-id=\"6c60a23\" data-element_type=\"container\">\n\t\t\t\t\t<div class=\"e-con-inner\">\n\t\t\t\t<div class=\"elementor-element elementor-element-022d14b elementor-widget elementor-widget-text-editor\" data-id=\"022d14b\" data-element_type=\"widget\" data-widget_type=\"text-editor.default\">\n\t\t\t\t<div class=\"elementor-widget-container\">\n\t\t\t\t\t\t\t\t\t<table width=\"1175\">\n<tbody>\n<tr>\n<td width=\"288\">\u00dcr\u00fcn Kodu<\/td>\n<td width=\"251\">Kal\u0131nl\u0131k<\/td>\n<td width=\"328\">Bobin metraj\u0131(m)<\/td>\n<td width=\"308\">Kopma Mukavemeti(Kg)<\/td>\n<\/tr>\n<tr>\n<td width=\"288\">Hafif Uygulama<\/td>\n<td>&nbsp;<\/td>\n<td>&nbsp;<\/td>\n<td>&nbsp;<\/td>\n<\/tr>\n<tr>\n<td width=\"288\">PCS13L1100<\/td>\n<td width=\"251\">13<\/td>\n<td width=\"328\">1100<\/td>\n<td width=\"308\">250<\/td>\n<\/tr>\n<tr>\n<td width=\"288\">PCS16L850<\/td>\n<td width=\"251\">16<\/td>\n<td width=\"328\">850<\/td>\n<td width=\"308\">310<\/td>\n<\/tr>\n<tr>\n<td width=\"288\">PCS19L600<\/td>\n<td width=\"251\">19<\/td>\n<td width=\"328\">600<\/td>\n<td width=\"308\">350<\/td>\n<\/tr>\n<tr>\n<td width=\"288\">PCS25L400<\/td>\n<td width=\"251\">25<\/td>\n<td width=\"328\">400<\/td>\n<td width=\"308\">460<\/td>\n<\/tr>\n<tr>\n<td width=\"288\">PCS25L500<\/td>\n<td width=\"251\">25<\/td>\n<td width=\"328\">400<\/td>\n<td width=\"308\">460<\/td>\n<\/tr>\n<tr>\n<td width=\"288\">Standart Uygulama<\/td>\n<td>&nbsp;<\/td>\n<td>&nbsp;<\/td>\n<td>&nbsp;<\/td>\n<\/tr>\n<tr>\n<td width=\"288\">PCS13ST1100<\/td>\n<td width=\"251\">13<\/td>\n<td width=\"328\">1100<\/td>\n<td width=\"308\">340<\/td>\n<\/tr>\n<tr>\n<td width=\"288\">PCS16ST850<\/td>\n<td width=\"251\">16<\/td>\n<td width=\"328\">850<\/td>\n<td width=\"308\">450<\/td>\n<\/tr>\n<tr>\n<td width=\"288\">PCS19ST600<\/td>\n<td width=\"251\">19<\/td>\n<td width=\"328\">600<\/td>\n<td width=\"308\">500<\/td>\n<\/tr>\n<tr>\n<td width=\"288\">PCS25ST500<\/td>\n<td width=\"251\">25<\/td>\n<td width=\"328\">400<\/td>\n<td width=\"308\">650<\/td>\n<\/tr>\n<tr>\n<td width=\"288\">PCS25STS500<\/td>\n<td width=\"251\">25<\/td>\n<td width=\"328\">400<\/td>\n<td width=\"308\">765<\/td>\n<\/tr>\n<tr>\n<td width=\"288\">A\u011f\u0131r Uygulama<\/td>\n<td>&nbsp;<\/td>\n<td>&nbsp;<\/td>\n<td>&nbsp;<\/td>\n<\/tr>\n<tr>\n<td width=\"288\">PCS16STR600<\/td>\n<td width=\"251\">16<\/td>\n<td width=\"328\">600<\/td>\n<td width=\"308\">540<\/td>\n<\/tr>\n<tr>\n<td width=\"288\">PCS16STR750<\/td>\n<td width=\"251\">16<\/td>\n<td width=\"328\">750<\/td>\n<td width=\"308\">540<\/td>\n<\/tr>\n<tr>\n<td width=\"288\">PCS19STR500<\/td>\n<td width=\"251\">19<\/td>\n<td width=\"328\">500<\/td>\n<td width=\"308\">625<\/td>\n<\/tr>\n<tr>\n<td width=\"288\">PCS25STR500<\/td>\n<td width=\"251\">25<\/td>\n<td width=\"328\">400<\/td>\n<td width=\"308\">850<\/td>\n<\/tr>\n<tr>\n<td width=\"288\">PCS32STR300<\/td>\n<td width=\"251\">32<\/td>\n<td width=\"328\">300<\/td>\n<td width=\"308\">1.250,00<\/td>\n<\/tr>\n<tr>\n<td width=\"288\">PCS34STR300<\/td>\n<td width=\"251\">34<\/td>\n<td width=\"328\">300<\/td>\n<td width=\"308\">1.500,00<\/td>\n<\/tr>\n<tr>\n<td width=\"288\">PCS34STR400<\/td>\n<td width=\"251\">34<\/td>\n<td width=\"328\">300<\/td>\n<td width=\"308\">1.500,00<\/td>\n<\/tr>\n<tr>\n<td width=\"288\">Ekstra A\u011f\u0131r Uygulama<\/td>\n<td>&nbsp;<\/td>\n<td>&nbsp;<\/td>\n<td>&nbsp;<\/td>\n<\/tr>\n<tr>\n<td width=\"288\">PCS25ESTR450<\/td>\n<td width=\"251\">25<\/td>\n<td width=\"328\">400<\/td>\n<td width=\"308\">1.050,00<\/td>\n<\/tr>\n<tr>\n<td width=\"288\">PCS25ESTR500<\/td>\n<td width=\"251\">25<\/td>\n<td width=\"328\">400<\/td>\n<td width=\"308\">1.050,00<\/td>\n<\/tr>\n<tr>\n<td width=\"288\">PCS32ESTR300<\/td>\n<td width=\"251\">32<\/td>\n<td width=\"328\">400<\/td>\n<td width=\"308\">1.500,00<\/td>\n<\/tr>\n<\/tbody>\n<\/table>\t\t\t\t\t\t\t\t<\/div>\n\t\t\t\t<\/div>\n\t\t\t\t\t<\/div>\n\t\t\t\t<\/div>\n\t\t\t\t\t<\/div>\n\t\t\t\t<\/div>\n\t\t\t\t<\/div>","protected":false},"excerpt":{"rendered":"<p>\u00dcr\u00fcn Kodu Kal\u0131nl\u0131k Bobin metraj\u0131(m) Kopma Mukavemeti(Kg) Hafif Uygulama &nbsp; &nbsp; &nbsp; PCS13L1100 13 1100 250 PCS16L850 16 850 310 PCS19L600 19 600 350 PCS25L400 25 400 460 PCS25L500 25 400 460 Standart Uygulama &nbsp; &nbsp; &nbsp; PCS13ST1100 13 1100 340 PCS16ST850 16 850 450 PCS19ST600 19 600 500 PCS25ST500 25 400 650 PCS25STS500 25 [&hellip;]<\/p>","protected":false},"author":1,"featured_media":0,"parent":0,"menu_order":0,"comment_status":"closed","ping_status":"closed","template":"","meta":{"inline_featured_image":false,"footnotes":""},"class_list":["post-7480","page","type-page","status-publish","hentry"],"_links":{"self":[{"href":"https:\/\/dogakompozitcember.com\/ru\/wp-json\/wp\/v2\/pages\/7480","targetHints":{"allow":["GET"]}}],"collection":[{"href":"https:\/\/dogakompozitcember.com\/ru\/wp-json\/wp\/v2\/pages"}],"about":[{"href":"https:\/\/dogakompozitcember.com\/ru\/wp-json\/wp\/v2\/types\/page"}],"author":[{"embeddable":true,"href":"https:\/\/dogakompozitcember.com\/ru\/wp-json\/wp\/v2\/users\/1"}],"replies":[{"embeddable":true,"href":"https:\/\/dogakompozitcember.com\/ru\/wp-json\/wp\/v2\/comments?post=7480"}],"version-history":[{"count":0,"href":"https:\/\/dogakompozitcember.com\/ru\/wp-json\/wp\/v2\/pages\/7480\/revisions"}],"wp:attachment":[{"href":"https:\/\/dogakompozitcember.com\/ru\/wp-json\/wp\/v2\/media?parent=7480"}],"curies":[{"name":"wp","href":"https:\/\/api.w.org\/{rel}","templated":true}]}}