{"id":7267,"date":"2024-07-15T06:25:07","date_gmt":"2024-07-15T06:25:07","guid":{"rendered":"https:\/\/dogakompozitcember.com\/?page_id=7267"},"modified":"2024-10-30T09:58:49","modified_gmt":"2024-10-30T09:58:49","slug":"cember-germe-makinalari","status":"publish","type":"page","link":"https:\/\/dogakompozitcember.com\/ru\/cember-germe-makinalari\/","title":{"rendered":"\u00c7ember Germe Makinalar\u0131"},"content":{"rendered":"<div data-elementor-type=\"wp-page\" data-elementor-id=\"7267\" class=\"elementor elementor-7267\">\n\t\t\t\t\t\t<section class=\"elementor-section elementor-top-section elementor-element elementor-element-7b46d6c elementor-section-height-min-height elementor-hidden-tablet elementor-hidden-mobile elementor-section-boxed elementor-section-height-default elementor-section-items-middle\" data-id=\"7b46d6c\" data-element_type=\"section\" data-settings=\"{&quot;background_background&quot;:&quot;classic&quot;}\">\n\t\t\t\t\t\t\t<div class=\"elementor-background-overlay\"><\/div>\n\t\t\t\t\t\t\t<div class=\"elementor-container elementor-column-gap-default\">\n\t\t\t\t\t<div class=\"elementor-column elementor-col-100 elementor-top-column elementor-element elementor-element-411f119\" data-id=\"411f119\" data-element_type=\"column\">\n\t\t\t<div class=\"elementor-widget-wrap elementor-element-populated\">\n\t\t\t\t\t\t<div class=\"elementor-element elementor-element-611328e elementor-widget elementor-widget-heading\" data-id=\"611328e\" data-element_type=\"widget\" data-widget_type=\"heading.default\">\n\t\t\t\t<div class=\"elementor-widget-container\">\n\t\t\t\t\t<h2 class=\"elementor-heading-title elementor-size-default\">\u00c7ember Germe Makinalar\u0131<\/h2>\t\t\t\t<\/div>\n\t\t\t\t<\/div>\n\t\t\t\t\t<\/div>\n\t\t<\/div>\n\t\t\t\t\t<\/div>\n\t\t<\/section>\n\t\t<div class=\"elementor-element elementor-element-2ffdf16 e-flex e-con-boxed e-con e-parent\" data-id=\"2ffdf16\" data-element_type=\"container\" data-settings=\"{&quot;background_background&quot;:&quot;classic&quot;}\">\n\t\t\t\t\t<div class=\"e-con-inner\">\n\t\t\t\t<div class=\"elementor-element elementor-element-20824d8 elementor-widget elementor-widget-image\" data-id=\"20824d8\" data-element_type=\"widget\" data-widget_type=\"image.default\">\n\t\t\t\t<div class=\"elementor-widget-container\">\n\t\t\t\t\t\t\t\t\t\t\t\t\t\t\t<img decoding=\"async\" width=\"420\" height=\"68\" src=\"https:\/\/dogakompozitcember.com\/wp-content\/uploads\/2024\/08\/font-2.png\" class=\"attachment-large size-large wp-image-8422\" alt=\"\" srcset=\"https:\/\/dogakompozitcember.com\/wp-content\/uploads\/2024\/08\/font-2.png 420w, https:\/\/dogakompozitcember.com\/wp-content\/uploads\/2024\/08\/font-2-300x49.png 300w, https:\/\/dogakompozitcember.com\/wp-content\/uploads\/2024\/08\/font-2-18x3.png 18w\" sizes=\"(max-width: 420px) 100vw, 420px\" \/>\t\t\t\t\t\t\t\t\t\t\t\t\t\t\t<\/div>\n\t\t\t\t<\/div>\n\t\t\t\t\t<\/div>\n\t\t\t\t<\/div>\n\t\t<div class=\"elementor-element elementor-element-62e43bf e-flex e-con-boxed e-con e-parent\" data-id=\"62e43bf\" data-element_type=\"container\">\n\t\t\t\t\t<div class=\"e-con-inner\">\n\t\t<div class=\"elementor-element elementor-element-8fc2e39 e-con-full e-flex e-con e-child\" data-id=\"8fc2e39\" data-element_type=\"container\" data-settings=\"{&quot;motion_fx_motion_fx_scrolling&quot;:&quot;yes&quot;,&quot;motion_fx_devices&quot;:[&quot;desktop&quot;,&quot;tablet&quot;,&quot;mobile&quot;]}\">\n\t\t\t\t<div class=\"elementor-element elementor-element-30868bb elementor-widget elementor-widget-image\" data-id=\"30868bb\" data-element_type=\"widget\" data-settings=\"{&quot;sticky&quot;:&quot;top&quot;,&quot;sticky_on&quot;:[&quot;desktop&quot;,&quot;tablet&quot;],&quot;sticky_offset&quot;:0,&quot;sticky_effects_offset&quot;:0}\" data-widget_type=\"image.default\">\n\t\t\t\t<div class=\"elementor-widget-container\">\n\t\t\t\t\t\t\t\t\t\t\t\t\t\t\t<img fetchpriority=\"high\" decoding=\"async\" width=\"500\" height=\"500\" src=\"data:image\/svg+xml;charset=utf-8,%3Csvg xmlns%3D&#039;http%3A%2F%2Fwww.w3.org%2F2000%2Fsvg&#039; viewBox%3D&#039;0 0 500 500&#039;%2F%3E\" class=\"attachment-full size-full wp-image-8341 ld-lazyload\" alt=\"\" data-src=\"https:\/\/dogakompozitcember.com\/wp-content\/uploads\/2024\/08\/Basliksiz-2.jpg\" data-srcset=\"https:\/\/dogakompozitcember.com\/wp-content\/uploads\/2024\/08\/Basliksiz-2.jpg 500w, https:\/\/dogakompozitcember.com\/wp-content\/uploads\/2024\/08\/Basliksiz-2-300x300.jpg 300w, https:\/\/dogakompozitcember.com\/wp-content\/uploads\/2024\/08\/Basliksiz-2-150x150.jpg 150w, https:\/\/dogakompozitcember.com\/wp-content\/uploads\/2024\/08\/Basliksiz-2-320x320.jpg 320w, https:\/\/dogakompozitcember.com\/wp-content\/uploads\/2024\/08\/Basliksiz-2-100x100.jpg 100w, https:\/\/dogakompozitcember.com\/wp-content\/uploads\/2024\/08\/Basliksiz-2-12x12.jpg 12w\" data-sizes=\"(max-width: 500px) 100vw, 500px\" data-aspect=\"1\" \/>\t\t\t\t\t\t\t\t\t\t\t\t\t\t\t<\/div>\n\t\t\t\t<\/div>\n\t\t\t\t<\/div>\n\t\t<div class=\"elementor-element elementor-element-e6dd5eb e-flex e-con-boxed e-con e-child\" data-id=\"e6dd5eb\" data-element_type=\"container\">\n\t\t\t\t\t<div class=\"e-con-inner\">\n\t\t\t\t<div class=\"elementor-element elementor-element-9cc55e9 elementor-widget elementor-widget-text-editor\" data-id=\"9cc55e9\" data-element_type=\"widget\" data-widget_type=\"text-editor.default\">\n\t\t\t\t<div class=\"elementor-widget-container\">\n\t\t\t\t\t\t\t\t\t<table width=\"847\"><tbody><tr><td width=\"288\">\u00dcr\u00fcn Kodu<\/td><td width=\"251\">Kal\u0131nl\u0131k<\/td><td width=\"308\">Kopma Mukavemeti(Kg)<\/td><\/tr><tr><td width=\"288\">Hafif Uygulama<\/td><td>\u00a0<\/td><td>\u00a0<\/td><\/tr><tr><td width=\"288\">DGC-101<\/td><td width=\"251\">13<\/td><td width=\"308\">250<\/td><\/tr><tr><td width=\"288\">DGC-102<\/td><td width=\"251\">16<\/td><td width=\"308\">310<\/td><\/tr><tr><td width=\"288\">DGC-103<\/td><td width=\"251\">19<\/td><td width=\"308\">350<\/td><\/tr><\/tbody><\/table>\t\t\t\t\t\t\t\t<\/div>\n\t\t\t\t<\/div>\n\t\t\t\t\t<\/div>\n\t\t\t\t<\/div>\n\t\t\t\t\t<\/div>\n\t\t\t\t<\/div>\n\t\t\t\t<\/div>","protected":false},"excerpt":{"rendered":"<p>\u00dcr\u00fcn Kodu Kal\u0131nl\u0131k Kopma Mukavemeti(Kg) Hafif Uygulama \u00a0 \u00a0 DGC-101 13 250 DGC-102 16 310 DGC-103 19 350<\/p>","protected":false},"author":1,"featured_media":0,"parent":0,"menu_order":0,"comment_status":"closed","ping_status":"closed","template":"","meta":{"inline_featured_image":false,"footnotes":""},"class_list":["post-7267","page","type-page","status-publish","hentry"],"_links":{"self":[{"href":"https:\/\/dogakompozitcember.com\/ru\/wp-json\/wp\/v2\/pages\/7267","targetHints":{"allow":["GET"]}}],"collection":[{"href":"https:\/\/dogakompozitcember.com\/ru\/wp-json\/wp\/v2\/pages"}],"about":[{"href":"https:\/\/dogakompozitcember.com\/ru\/wp-json\/wp\/v2\/types\/page"}],"author":[{"embeddable":true,"href":"https:\/\/dogakompozitcember.com\/ru\/wp-json\/wp\/v2\/users\/1"}],"replies":[{"embeddable":true,"href":"https:\/\/dogakompozitcember.com\/ru\/wp-json\/wp\/v2\/comments?post=7267"}],"version-history":[{"count":0,"href":"https:\/\/dogakompozitcember.com\/ru\/wp-json\/wp\/v2\/pages\/7267\/revisions"}],"wp:attachment":[{"href":"https:\/\/dogakompozitcember.com\/ru\/wp-json\/wp\/v2\/media?parent=7267"}],"curies":[{"name":"wp","href":"https:\/\/api.w.org\/{rel}","templated":true}]}}