{"id":682,"date":"2024-07-03T06:12:31","date_gmt":"2024-07-03T06:12:31","guid":{"rendered":"https:\/\/dogakompozitcember.com\/contact\/"},"modified":"2025-09-09T13:09:43","modified_gmt":"2025-09-09T13:09:43","slug":"iletisim","status":"publish","type":"page","link":"https:\/\/dogakompozitcember.com\/ru\/iletisim\/","title":{"rendered":"\u0130leti\u015fim"},"content":{"rendered":"<div data-elementor-type=\"wp-page\" data-elementor-id=\"682\" class=\"elementor elementor-682\">\n\t\t\t\t\t\t<section class=\"elementor-section elementor-top-section elementor-element elementor-element-3be39227 elementor-section-height-min-height elementor-section-boxed elementor-section-height-default elementor-section-items-middle\" data-id=\"3be39227\" data-element_type=\"section\" data-settings=\"{&quot;background_background&quot;:&quot;classic&quot;}\">\n\t\t\t\t\t\t\t<div class=\"elementor-background-overlay\"><\/div>\n\t\t\t\t\t\t\t<div class=\"elementor-container elementor-column-gap-default\">\n\t\t\t\t\t<div class=\"elementor-column elementor-col-100 elementor-top-column elementor-element elementor-element-3d513cf9\" data-id=\"3d513cf9\" data-element_type=\"column\">\n\t\t\t<div class=\"elementor-widget-wrap elementor-element-populated\">\n\t\t\t\t\t\t<div class=\"elementor-element elementor-element-e2958db elementor-widget elementor-widget-heading\" data-id=\"e2958db\" data-element_type=\"widget\" data-widget_type=\"heading.default\">\n\t\t\t\t<div class=\"elementor-widget-container\">\n\t\t\t\t\t<h2 class=\"elementor-heading-title elementor-size-default\">\u0130leti\u015fim<\/h2>\t\t\t\t<\/div>\n\t\t\t\t<\/div>\n\t\t\t\t\t<\/div>\n\t\t<\/div>\n\t\t\t\t\t<\/div>\n\t\t<\/section>\n\t\t\t\t<section class=\"elementor-section elementor-top-section elementor-element elementor-element-746000a0 elementor-section-boxed elementor-section-height-default elementor-section-height-default\" data-id=\"746000a0\" data-element_type=\"section\" data-settings=\"{&quot;background_background&quot;:&quot;classic&quot;}\">\n\t\t\t\t\t\t<div class=\"elementor-container elementor-column-gap-default\">\n\t\t\t\t\t<div class=\"elementor-column elementor-col-50 elementor-top-column elementor-element elementor-element-41cb7eef\" data-id=\"41cb7eef\" data-element_type=\"column\">\n\t\t\t<div class=\"elementor-widget-wrap elementor-element-populated\">\n\t\t\t\t\t\t<div class=\"elementor-element elementor-element-fbaa2f8 elementor-widget elementor-widget-text-editor\" data-id=\"fbaa2f8\" data-element_type=\"widget\" data-widget_type=\"text-editor.default\">\n\t\t\t\t<div class=\"elementor-widget-container\">\n\t\t\t\t\t\t\t\t\t<p>\u0130leti\u015fim kurmak i\u00e7in yan taraftaki formu doldurabilir veya ileti\u015fim bilgilerimizi kullanarak bize ula\u015fabilirsiniz.<\/p>\t\t\t\t\t\t\t\t<\/div>\n\t\t\t\t<\/div>\n\t\t<div class=\"elementor-element elementor-element-6861d4e e-con-full e-flex e-con e-child\" data-id=\"6861d4e\" data-element_type=\"container\">\n\t\t\t\t<div class=\"elementor-element elementor-element-fffd838 elementor-widget__width-initial elementor-align-left elementor-widget elementor-widget-ld_icon_box\" data-id=\"fffd838\" data-element_type=\"widget\" data-widget_type=\"ld_icon_box.default\">\n\t\t\t\t<div class=\"elementor-widget-container\">\n\t\t\t\t\t\n\t\t\t<div id=\"ld_icon_box_fffd838\" class=\"iconbox d-flex flex-grow-1 pos-rel align-items-center iconbox-side iconbox-icon-shaped iconbox-circle iconbox-icon-ripple\"   >\n\n\t\t\t\t\n\t\t\t\t<div class=\"iconbox-icon-wrap\"><div class=\"iconbox-icon-container d-inline-flex pos-rel z-index-1 border-radius-circle\"><svg xmlns=\"http:\/\/www.w3.org\/2000\/svg\" width=\"20\" height=\"20\" viewbox=\"0 0 20 20\" fill=\"none\"><path d=\"M18.475 1.51666L17.6 0.758325C16.5917 -0.250008 14.9584 -0.250008 13.95 0.758325C13.925 0.783325 12.3834 2.79166 12.3834 2.79166C11.4334 3.79166 11.4334 5.36666 12.3834 6.35833L13.35 7.57499C12.1334 10.3333 10.2417 12.2333 7.57503 13.3667L6.35837 12.3917C5.3667 11.4333 3.78337 11.4333 2.7917 12.3917C2.7917 12.3917 0.783367 13.9333 0.758367 13.9583C-0.249966 14.9667 -0.249966 16.6 0.7167 17.5667L1.55003 18.525C2.50837 19.4833 3.80003 20.0083 5.20003 20.0083C11.5667 20.0083 20 11.5667 20 5.20833C20 3.81666 19.475 2.51666 18.475 1.52499V1.51666ZM5.20003 18.3333C4.25003 18.3333 3.37503 17.9833 2.77503 17.375L1.9417 16.4167C1.60003 16.075 1.58337 15.5167 1.90837 15.1583C1.90837 15.1583 3.90003 13.625 3.92503 13.6C4.2667 13.2583 4.8667 13.2583 5.2167 13.6C5.2417 13.625 6.9167 14.9667 6.9167 14.9667C7.15003 15.15 7.45837 15.2 7.73337 15.0917C11.1834 13.775 13.6584 11.3083 15.0834 7.74999C15.1917 7.47499 15.15 7.15833 14.9584 6.91666C14.9584 6.91666 13.6167 5.23333 13.6 5.21666C13.2417 4.85833 13.2417 4.28333 13.6 3.92499C13.625 3.89999 15.1584 1.90833 15.1584 1.90833C15.5167 1.58333 16.075 1.59166 16.4584 1.97499L17.3334 2.73333C17.975 3.37499 18.3334 4.24999 18.3334 5.19999C18.3334 11 10.1917 18.3333 5.20003 18.3333Z\"><\/path><\/svg><\/div><\/div>\n\t\t\t\t\n\t\t\t\t\n\t\t\t\t\n\t\t\t\t<h6 class=\"lqd-iconbox-heading\" >Telefon <\/h6>\t\t\t\t<p><\/p>\n\t\t\t\t\n\t\t\t\t\n\t\t\t\t\n\t\t\t<\/div>\n\n\t\t\t\t\t\t<\/div>\n\t\t\t\t<\/div>\n\t\t\t\t<div class=\"elementor-element elementor-element-e9e27af elementor-widget__width-initial elementor-widget-mobile__width-inherit elementor-widget elementor-widget-hub_fancy_heading\" data-id=\"e9e27af\" data-element_type=\"widget\" data-widget_type=\"hub_fancy_heading.default\">\n\t\t\t\t<div class=\"elementor-widget-container\">\n\t\t\t\t\t\n\t\t<div id=\"ld-fancy-heading-69e4b42a1e69f\" class=\"ld-fancy-heading pos-rel\">\n\t\t\t<p class=\"ld-fh-element d-inline-block pos-rel  lqd-highlight-classic lqd-highlight-grow-left p\"  > +90 532 330 34 42 <br>\n+90 532 599 36 42<\/p>\t\t<\/div>\n\n\t\t\t\t\t\t<\/div>\n\t\t\t\t<\/div>\n\t\t\t\t<\/div>\n\t\t<div class=\"elementor-element elementor-element-84cea0d e-con-full e-flex e-con e-child\" data-id=\"84cea0d\" data-element_type=\"container\">\n\t\t\t\t<div class=\"elementor-element elementor-element-986fc1d elementor-widget__width-initial elementor-align-left elementor-widget elementor-widget-ld_icon_box\" data-id=\"986fc1d\" data-element_type=\"widget\" data-widget_type=\"ld_icon_box.default\">\n\t\t\t\t<div class=\"elementor-widget-container\">\n\t\t\t\t\t\n\t\t\t<div id=\"ld_icon_box_986fc1d\" class=\"iconbox d-flex flex-grow-1 pos-rel align-items-center iconbox-side iconbox-icon-shaped iconbox-circle iconbox-icon-ripple\"   >\n\n\t\t\t\t\n\t\t\t\t<div class=\"iconbox-icon-wrap\"><div class=\"iconbox-icon-container d-inline-flex pos-rel z-index-1 border-radius-circle\"><svg xmlns=\"http:\/\/www.w3.org\/2000\/svg\" width=\"20\" height=\"20\" viewbox=\"0 0 20 20\" fill=\"none\"><path d=\"M18.7158 6.75L12.9458 1.21999C12.1639 0.446242 11.1089 0.0111985 10.0088 0.00885958C8.90874 0.00652066 7.85191 0.437074 7.06667 1.20749L1.28333 6.75C0.878846 7.13958 0.556802 7.6065 0.336341 8.12301C0.11588 8.63952 0.00150019 9.19507 0 9.75666L0 15.8333C0.00132321 16.938 0.440735 17.997 1.22185 18.7781C2.00296 19.5593 3.062 19.9987 4.16667 20H15.8333C16.938 19.9987 17.997 19.5593 18.7782 18.7781C19.5593 17.997 19.9987 16.938 20 15.8333V9.75666C19.9985 9.19499 19.8841 8.63935 19.6635 8.12282C19.4429 7.60629 19.1206 7.13942 18.7158 6.75ZM8.2325 2.39833C8.70503 1.92999 9.34413 1.66834 10.0094 1.67084C10.6747 1.67334 11.3118 1.93979 11.7808 2.41166L17.4033 7.79833L11.7675 13.435C11.2911 13.8891 10.6582 14.1425 10 14.1425C9.34183 14.1425 8.7089 13.8891 8.2325 13.435L2.59583 7.79833L8.2325 2.39833ZM18.3333 15.8333C18.3333 16.4964 18.0699 17.1323 17.6011 17.6011C17.1323 18.0699 16.4964 18.3333 15.8333 18.3333H4.16667C3.50363 18.3333 2.86774 18.0699 2.3989 17.6011C1.93006 17.1323 1.66667 16.4964 1.66667 15.8333V9.75666C1.66751 9.5949 1.68397 9.43359 1.71583 9.27499L7.05417 14.6133C7.8381 15.3896 8.89676 15.8251 10 15.8251C11.1032 15.8251 12.1619 15.3896 12.9458 14.6133L18.2842 9.27499C18.316 9.43359 18.3325 9.5949 18.3333 9.75666V15.8333Z\"><\/path><\/svg><\/div><\/div>\n\t\t\t\t\n\t\t\t\t\n\t\t\t\t\n\t\t\t\t<h6 class=\"lqd-iconbox-heading\" >E-Posta <\/h6>\t\t\t\t<p><\/p>\n\t\t\t\t\n\t\t\t\t\n\t\t\t\t\n\t\t\t<\/div>\n\n\t\t\t\t\t\t<\/div>\n\t\t\t\t<\/div>\n\t\t\t\t<div class=\"elementor-element elementor-element-af7f016 elementor-widget__width-initial elementor-widget-mobile__width-inherit elementor-widget elementor-widget-hub_fancy_heading\" data-id=\"af7f016\" data-element_type=\"widget\" data-widget_type=\"hub_fancy_heading.default\">\n\t\t\t\t<div class=\"elementor-widget-container\">\n\t\t\t\t\t\n\t\t<div id=\"ld-fancy-heading-69e4b42a1f913\" class=\"ld-fancy-heading pos-rel\">\n\t\t\t<p class=\"ld-fh-element d-inline-block pos-rel  lqd-highlight-classic lqd-highlight-grow-left p\"  > info@dogakompozitcember.com<\/p>\t\t<\/div>\n\n\t\t\t\t\t\t<\/div>\n\t\t\t\t<\/div>\n\t\t\t\t<\/div>\n\t\t<div class=\"elementor-element elementor-element-77f85f3 e-con-full e-flex e-con e-child\" data-id=\"77f85f3\" data-element_type=\"container\">\n\t\t\t\t<div class=\"elementor-element elementor-element-513628c elementor-widget__width-initial elementor-align-left elementor-widget elementor-widget-ld_icon_box\" data-id=\"513628c\" data-element_type=\"widget\" data-widget_type=\"ld_icon_box.default\">\n\t\t\t\t<div class=\"elementor-widget-container\">\n\t\t\t\t\t\n\t\t\t<div id=\"ld_icon_box_513628c\" class=\"iconbox d-flex flex-grow-1 pos-rel align-items-center iconbox-side iconbox-icon-shaped iconbox-circle iconbox-icon-ripple\"   >\n\n\t\t\t\t\n\t\t\t\t<div class=\"iconbox-icon-wrap\"><div class=\"iconbox-icon-container d-inline-flex pos-rel z-index-1 border-radius-circle\"><svg xmlns=\"http:\/\/www.w3.org\/2000\/svg\" width=\"18\" height=\"20\" viewbox=\"0 0 18 20\" fill=\"none\"><path d=\"M8.96524 20.0068L8.38434 19.5088C7.58352 18.8383 0.591064 12.7993 0.591064 8.38199C0.591064 3.75707 4.34032 0.0078125 8.96524 0.0078125C13.5902 0.0078125 17.3394 3.75707 17.3394 8.38199C17.3394 12.7994 10.347 18.8383 9.54946 19.5121L8.96524 20.0068ZM8.96524 1.81855C5.34208 1.82266 2.40595 4.75879 2.40185 8.38195C2.40185 11.157 6.70388 15.5902 8.96524 17.6192C11.2266 15.5893 15.5286 11.1537 15.5286 8.38195C15.5245 4.75879 12.5884 1.8227 8.96524 1.81855Z\"><\/path><path d=\"M8.9652 11.7013C7.13192 11.7013 5.64575 10.2152 5.64575 8.38189C5.64575 6.54861 7.13192 5.06244 8.9652 5.06244C10.7985 5.06244 12.2847 6.54861 12.2847 8.38189C12.2847 10.2152 10.7985 11.7013 8.9652 11.7013ZM8.9652 6.72213C8.04856 6.72213 7.30548 7.46521 7.30548 8.38185C7.30548 9.29849 8.04856 10.0416 8.9652 10.0416C9.88185 10.0416 10.6249 9.29849 10.6249 8.38185C10.6249 7.46521 9.88188 6.72213 8.9652 6.72213Z\"><\/path><\/svg><\/div><\/div>\n\t\t\t\t\n\t\t\t\t\n\t\t\t\t\n\t\t\t\t<h6 class=\"lqd-iconbox-heading\" >Adres <\/h6>\t\t\t\t<p><\/p>\n\t\t\t\t\n\t\t\t\t\n\t\t\t\t\n\t\t\t<\/div>\n\n\t\t\t\t\t\t<\/div>\n\t\t\t\t<\/div>\n\t\t\t\t<div class=\"elementor-element elementor-element-ceff21d elementor-widget__width-initial elementor-widget-mobile__width-inherit elementor-widget elementor-widget-hub_fancy_heading\" data-id=\"ceff21d\" data-element_type=\"widget\" data-widget_type=\"hub_fancy_heading.default\">\n\t\t\t\t<div class=\"elementor-widget-container\">\n\t\t\t\t\t\n\t\t<div id=\"ld-fancy-heading-69e4b42a21001\" class=\"ld-fancy-heading pos-rel\">\n\t\t\t<p class=\"ld-fh-element d-inline-block pos-rel  lqd-highlight-classic lqd-highlight-grow-left p\"  > Hac\u0131yusufmescit, Necip Sk. No:7 <br>Karatay Konya<\/p>\t\t<\/div>\n\n\t\t\t\t\t\t<\/div>\n\t\t\t\t<\/div>\n\t\t\t\t<\/div>\n\t\t\t\t<div class=\"elementor-element elementor-element-a1bd215 elementor-button-align-stretch elementor-widget elementor-widget-form\" data-id=\"a1bd215\" data-element_type=\"widget\" data-settings=\"{&quot;step_next_label&quot;:&quot;Next&quot;,&quot;step_previous_label&quot;:&quot;Previous&quot;,&quot;button_width&quot;:&quot;100&quot;,&quot;step_type&quot;:&quot;number_text&quot;,&quot;step_icon_shape&quot;:&quot;circle&quot;}\" data-widget_type=\"form.default\">\n\t\t\t\t<div class=\"elementor-widget-container\">\n\t\t\t\t\t\t\t<form class=\"elementor-form\" method=\"post\" name=\"New Form\" action=\"\">\n\t\t\t<input type=\"hidden\" name=\"post_id\" value=\"682\"\/>\n\t\t\t<input type=\"hidden\" name=\"form_id\" value=\"a1bd215\"\/>\n\t\t\t<input type=\"hidden\" name=\"referer_title\" value=\"\" \/>\n\n\t\t\t\n\t\t\t<div class=\"elementor-form-fields-wrapper elementor-labels-above\">\n\t\t\t\t\t\t\t\t<div class=\"elementor-field-type-text elementor-field-group elementor-column elementor-field-group-name elementor-col-50 elementor-field-required\">\n\t\t\t\t\t\t\t\t\t\t\t\t\t<input size=\"1\" type=\"text\" name=\"form_fields[name]\" id=\"form-field-name\" class=\"elementor-field elementor-size-sm  elementor-field-textual\" placeholder=\"Ad\u0131n\u0131z\" required=\"required\" aria-required=\"true\">\n\t\t\t\t\t\t\t\t\t\t\t<\/div>\n\t\t\t\t\t\t\t\t<div class=\"elementor-field-type-email elementor-field-group elementor-column elementor-field-group-email elementor-col-50 elementor-field-required\">\n\t\t\t\t\t\t\t\t\t\t\t\t\t<input size=\"1\" type=\"email\" name=\"form_fields[email]\" id=\"form-field-email\" class=\"elementor-field elementor-size-sm  elementor-field-textual\" placeholder=\"E-Posta\" required=\"required\" aria-required=\"true\">\n\t\t\t\t\t\t\t\t\t\t\t<\/div>\n\t\t\t\t\t\t\t\t<div class=\"elementor-field-type-tel elementor-field-group elementor-column elementor-field-group-field_d8f7f59 elementor-col-50 elementor-field-required\">\n\t\t\t\t\t\t\t<input size=\"1\" type=\"tel\" name=\"form_fields[field_d8f7f59]\" id=\"form-field-field_d8f7f59\" class=\"elementor-field elementor-size-sm  elementor-field-textual\" placeholder=\"Telefon\" required=\"required\" aria-required=\"true\" pattern=\"[0-9()#&amp;+*-=.]+\" title=\"Only numbers and phone characters (#, -, *, etc) are accepted.\">\n\n\t\t\t\t\t\t<\/div>\n\t\t\t\t\t\t\t\t<div class=\"elementor-field-type-select elementor-field-group elementor-column elementor-field-group-field_2e249e1 elementor-col-50 elementor-field-required\">\n\t\t\t\t\t\t\t<div class=\"elementor-field elementor-select-wrapper remove-before\">\n\t\t\t<div class=\"select-caret-down-wrapper\">\n\t\t\t\t<svg aria-hidden=\"true\" class=\"e-font-icon-svg e-eicon-caret-down\" viewbox=\"0 0 571.4 571.4\" xmlns=\"http:\/\/www.w3.org\/2000\/svg\"><path d=\"M571 393Q571 407 561 418L311 668Q300 679 286 679T261 668L11 418Q0 407 0 393T11 368 36 357H536Q550 357 561 368T571 393Z\"><\/path><\/svg>\t\t\t<\/div>\n\t\t\t<select name=\"form_fields[field_2e249e1]\" id=\"form-field-field_2e249e1\" class=\"elementor-field-textual elementor-size-sm\" required=\"required\" aria-required=\"true\">\n\t\t\t\t\t\t\t\t\t<option value=\"Destek\">Destek<\/option>\n\t\t\t\t\t\t\t\t\t<option value=\"Bilgi\">Bilgi<\/option>\n\t\t\t\t\t\t\t\t\t<option value=\"Sat\u0131n Alma\">Sat\u0131n Alma<\/option>\n\t\t\t\t\t\t\t\t\t<option value=\"\u015eikayet\">\u015eikayet<\/option>\n\t\t\t\t\t\t\t\t\t<option value=\"Di\u011fer\">Di\u011fer<\/option>\n\t\t\t\t\t\t\t<\/select>\n\t\t<\/div>\n\t\t\t\t\t\t<\/div>\n\t\t\t\t\t\t\t\t<div class=\"elementor-field-type-textarea elementor-field-group elementor-column elementor-field-group-message elementor-col-100\">\n\t\t\t\t\t<textarea class=\"elementor-field-textual elementor-field  elementor-size-sm\" name=\"form_fields[message]\" id=\"form-field-message\" rows=\"4\" placeholder=\"Mesaj\u0131n\u0131z\"><\/textarea>\t\t\t\t<\/div>\n\t\t\t\t\t\t\t\t<div class=\"elementor-field-group elementor-column elementor-field-type-submit elementor-col-100 e-form__buttons\">\n\t\t\t\t\t<button type=\"submit\" class=\"elementor-button elementor-size-sm\">\n\t\t\t\t\t\t<span >\n\t\t\t\t\t\t\t\t\t\t\t\t\t\t\t<span class=\"elementor-button-icon\">\n\t\t\t\t\t\t\t\t\t\t\t\t\t\t\t\t\t\t\t\t\t\t\t\t\t\t<\/span>\n\t\t\t\t\t\t\t\t\t\t\t\t\t\t\t\t\t\t\t\t\t\t<span class=\"elementor-button-text\">G\u00f6nder<\/span>\n\t\t\t\t\t\t\t\t\t\t\t\t\t<\/span>\n\t\t\t\t\t<\/button>\n\t\t\t\t<\/div>\n\t\t\t<\/div>\n\t\t<input type=\"hidden\" name=\"trp-form-language\" value=\"ru\"\/><\/form>\n\t\t\t\t\t\t<\/div>\n\t\t\t\t<\/div>\n\t\t\t\t\t<\/div>\n\t\t<\/div>\n\t\t\t\t<div class=\"elementor-column elementor-col-50 elementor-top-column elementor-element elementor-element-edfb31\" data-id=\"edfb31\" data-element_type=\"column\">\n\t\t\t<div class=\"elementor-widget-wrap elementor-element-populated\">\n\t\t\t\t\t\t<div class=\"elementor-element elementor-element-9752559 elementor-widget elementor-widget-google_maps\" data-id=\"9752559\" data-element_type=\"widget\" data-widget_type=\"google_maps.default\">\n\t\t\t\t<div class=\"elementor-widget-container\">\n\t\t\t\t\t\t\t<div class=\"elementor-custom-embed\">\n\t\t\t<iframe loading=\"lazy\"\n\t\t\t\t\tsrc=\"https:\/\/maps.google.com\/maps?q=do%C4%9Fa%20kompozit%20%C3%A7ember&#038;t=m&#038;z=14&#038;output=embed&#038;iwloc=near\"\n\t\t\t\t\ttitle=\"do\u011fa kompozit \u00e7ember\"\n\t\t\t\t\taria-label=\"do\u011fa kompozit \u00e7ember\"\n\t\t\t><\/iframe>\n\t\t<\/div>\n\t\t\t\t\t\t<\/div>\n\t\t\t\t<\/div>\n\t\t\t\t\t<\/div>\n\t\t<\/div>\n\t\t\t\t\t<\/div>\n\t\t<\/section>\n\t\t\t\t<\/div>","protected":false},"excerpt":{"rendered":"<p>\u0130leti\u015fim kurmak i\u00e7in yan taraftaki formu doldurabilir veya ileti\u015fim bilgilerimizi kullanarak bize ula\u015fabilirsiniz. Telefon +90 532 330 34 42 +90 532 599 36 42 E-Posta info@dogakompozitcember.com Adres Hac\u0131yusufmescit, Necip Sk. No:7 Karatay Konya<\/p>","protected":false},"author":1,"featured_media":0,"parent":0,"menu_order":0,"comment_status":"closed","ping_status":"closed","template":"","meta":{"inline_featured_image":false,"footnotes":""},"class_list":["post-682","page","type-page","status-publish","hentry"],"_links":{"self":[{"href":"https:\/\/dogakompozitcember.com\/ru\/wp-json\/wp\/v2\/pages\/682","targetHints":{"allow":["GET"]}}],"collection":[{"href":"https:\/\/dogakompozitcember.com\/ru\/wp-json\/wp\/v2\/pages"}],"about":[{"href":"https:\/\/dogakompozitcember.com\/ru\/wp-json\/wp\/v2\/types\/page"}],"author":[{"embeddable":true,"href":"https:\/\/dogakompozitcember.com\/ru\/wp-json\/wp\/v2\/users\/1"}],"replies":[{"embeddable":true,"href":"https:\/\/dogakompozitcember.com\/ru\/wp-json\/wp\/v2\/comments?post=682"}],"version-history":[{"count":9,"href":"https:\/\/dogakompozitcember.com\/ru\/wp-json\/wp\/v2\/pages\/682\/revisions"}],"predecessor-version":[{"id":9108,"href":"https:\/\/dogakompozitcember.com\/ru\/wp-json\/wp\/v2\/pages\/682\/revisions\/9108"}],"wp:attachment":[{"href":"https:\/\/dogakompozitcember.com\/ru\/wp-json\/wp\/v2\/media?parent=682"}],"curies":[{"name":"wp","href":"https:\/\/api.w.org\/{rel}","templated":true}]}}